{"id":90441,"date":"2019-11-05T15:10:03","date_gmt":"2019-11-05T15:10:03","guid":{"rendered":"https:\/\/www.3p-gmbh.de\/produkt\/fuji-silver-hunter-installation-pour-desargenter-le-bain-de-fixage\/"},"modified":"2019-11-05T15:10:03","modified_gmt":"2019-11-05T15:10:03","slug":"fuji-silver-hunter-equipement-pour-la-desargentation-de-bain-de-fixation","status":"publish","type":"product","link":"https:\/\/www.3p-gmbh.de\/fr\/produkt\/fuji-silver-hunter-equipement-pour-la-desargentation-de-bain-de-fixation\/","title":{"rendered":"Fuji Silver Hunter &#8211; Installation pour d\u00e9sargenter le bain de fixage"},"content":{"rendered":"<p>D\u00e9sargentage du bain de fixation Fuji Silver Hunter<br \/>\nR\u00e9cup\u00e9ration de l&rsquo;argent usag\u00e9 dans les bains photographiques usag\u00e9s via un bypass<\/p>\n","protected":false},"excerpt":{"rendered":"<p>D\u00e9sargentage du bain de fixation Fuji Silver Hunter R\u00e9cup\u00e9ration de l&rsquo;argent usag\u00e9 dans les bains photographiques usag\u00e9s via un bypass<\/p>\n","protected":false},"featured_media":58026,"template":"","meta":[],"product_brand":[],"product_cat":[2936],"product_tag":[],"class_list":{"0":"post-90441","1":"product","2":"type-product","3":"status-publish","4":"has-post-thumbnail","6":"product_cat-systemes-dexposition-et-de-developpement-de-films","7":"pa_hersteller-fuji","8":"pa_typ-silver-hunter","10":"first","11":"instock","12":"taxable","13":"shipping-taxable","14":"purchasable","15":"product-type-simple"},"jetpack_sharing_enabled":true,"_links":{"self":[{"href":"https:\/\/www.3p-gmbh.de\/fr\/wp-json\/wp\/v2\/product\/90441","targetHints":{"allow":["GET"]}}],"collection":[{"href":"https:\/\/www.3p-gmbh.de\/fr\/wp-json\/wp\/v2\/product"}],"about":[{"href":"https:\/\/www.3p-gmbh.de\/fr\/wp-json\/wp\/v2\/types\/product"}],"wp:featuredmedia":[{"embeddable":true,"href":"https:\/\/www.3p-gmbh.de\/fr\/wp-json\/wp\/v2\/media\/58026"}],"wp:attachment":[{"href":"https:\/\/www.3p-gmbh.de\/fr\/wp-json\/wp\/v2\/media?parent=90441"}],"wp:term":[{"taxonomy":"product_brand","embeddable":true,"href":"https:\/\/www.3p-gmbh.de\/fr\/wp-json\/wp\/v2\/product_brand?post=90441"},{"taxonomy":"product_cat","embeddable":true,"href":"https:\/\/www.3p-gmbh.de\/fr\/wp-json\/wp\/v2\/product_cat?post=90441"},{"taxonomy":"product_tag","embeddable":true,"href":"https:\/\/www.3p-gmbh.de\/fr\/wp-json\/wp\/v2\/product_tag?post=90441"}],"curies":[{"name":"wp","href":"https:\/\/api.w.org\/{rel}","templated":true}]}}