{"id":90429,"date":"2019-11-05T14:53:07","date_gmt":"2019-11-05T14:53:07","guid":{"rendered":"https:\/\/www.3p-gmbh.de\/produkt\/technografica-ebo-v4-four-de-cuisson-vertical-pour-plaques-dimpression\/"},"modified":"2019-11-05T14:53:07","modified_gmt":"2019-11-05T14:53:07","slug":"technografica-ebo-v4-four-vertical-de-cuisson-pour-plaques-dimpression-de-2000","status":"publish","type":"product","link":"https:\/\/www.3p-gmbh.de\/fr\/produkt\/technografica-ebo-v4-four-vertical-de-cuisson-pour-plaques-dimpression-de-2000\/","title":{"rendered":"Technografica EBO V4 Four de cuisson vertical pour plaques d&rsquo;impression"},"content":{"rendered":"<p>Capacit\u00e9 d&rsquo;accueil des plaques 4 pi\u00e8ces<br \/>\nFormat de panneau max. 80 x 70 cm<br \/>\nDimensions ext\u00e9rieures L 130 x l 38 x H 110 cm<br \/>\nPoids du four 150 kg<br \/>\nTension de service 230 V \/ 50 Hz<br \/>\nConsommation \u00e9lectrique &#8211; chauffage 3 kW<br \/>\nConsommation \u00e9lectrique &#8211; en fonctionnement 1,5 kW<br \/>\nLes donn\u00e9es relatives \u00e0 la dur\u00e9e de cuisson sont enregistr\u00e9es<br \/>\nIsolation thermique irr\u00e9prochable<br \/>\nChaleur d\u00e9gag\u00e9e dans l&rsquo;environnement env. 1290 kcal\/h (env. 16200k J\/h)<\/p>\n","protected":false},"excerpt":{"rendered":"<p>Capacit\u00e9 d&rsquo;accueil des plaques 4 pi\u00e8ces Format de panneau max. 80 x 70 cm Dimensions ext\u00e9rieures L 130 x l 38 x H 110 cm Poids du four 150 kg Tension de service 230 V \/ 50 Hz Consommation \u00e9lectrique &#8211; chauffage 3 kW Consommation \u00e9lectrique &#8211; en fonctionnement 1,5 kW Les donn\u00e9es relatives \u00e0 [&hellip;]<\/p>\n","protected":false},"featured_media":58020,"template":"","meta":[],"product_brand":[],"product_cat":[2995],"product_tag":[],"class_list":{"0":"post-90429","1":"product","2":"type-product","3":"status-publish","4":"has-post-thumbnail","6":"product_cat-traitement-des-plaques-dimpression-fr","7":"pa_hersteller-technografica","8":"pa_typ-ebo-v4","10":"first","11":"instock","12":"taxable","13":"shipping-taxable","14":"purchasable","15":"product-type-simple"},"jetpack_sharing_enabled":true,"_links":{"self":[{"href":"https:\/\/www.3p-gmbh.de\/fr\/wp-json\/wp\/v2\/product\/90429","targetHints":{"allow":["GET"]}}],"collection":[{"href":"https:\/\/www.3p-gmbh.de\/fr\/wp-json\/wp\/v2\/product"}],"about":[{"href":"https:\/\/www.3p-gmbh.de\/fr\/wp-json\/wp\/v2\/types\/product"}],"wp:featuredmedia":[{"embeddable":true,"href":"https:\/\/www.3p-gmbh.de\/fr\/wp-json\/wp\/v2\/media\/58020"}],"wp:attachment":[{"href":"https:\/\/www.3p-gmbh.de\/fr\/wp-json\/wp\/v2\/media?parent=90429"}],"wp:term":[{"taxonomy":"product_brand","embeddable":true,"href":"https:\/\/www.3p-gmbh.de\/fr\/wp-json\/wp\/v2\/product_brand?post=90429"},{"taxonomy":"product_cat","embeddable":true,"href":"https:\/\/www.3p-gmbh.de\/fr\/wp-json\/wp\/v2\/product_cat?post=90429"},{"taxonomy":"product_tag","embeddable":true,"href":"https:\/\/www.3p-gmbh.de\/fr\/wp-json\/wp\/v2\/product_tag?post=90429"}],"curies":[{"name":"wp","href":"https:\/\/api.w.org\/{rel}","templated":true}]}}