{"id":90426,"date":"2019-11-05T14:40:44","date_gmt":"2019-11-05T14:40:44","guid":{"rendered":"https:\/\/www.3p-gmbh.de\/produkt\/scanner-a-tambour-horizontal-haut-de-gamme-dainippon-screen-sg-8060-p-avec-numerisation-par-photomultiplication\/"},"modified":"2019-11-05T14:40:44","modified_gmt":"2019-11-05T14:40:44","slug":"dainippon-screen-sg-8060-p-scanner-a-tambour-horizontal-haut-de-gamme-avec-balayage-photomultiplicateur","status":"publish","type":"product","link":"https:\/\/www.3p-gmbh.de\/fr\/produkt\/dainippon-screen-sg-8060-p-scanner-a-tambour-horizontal-haut-de-gamme-avec-balayage-photomultiplicateur\/","title":{"rendered":"Scanner \u00e0 tambour horizontal haut de gamme Dainippon Screen SG-8060 P avec num\u00e9risation par photomultiplication"},"content":{"rendered":"<p>-r\u00e9solution de 12.000 dpi<br \/>\n-Densit\u00e9 Dmax 4.2<br \/>\n-Profondeur de donn\u00e9es 48 bits RGB, 32 bits CMYK<br \/>\n-Types de mod\u00e8les Surveillance \/ examen<br \/>\n-Source lumineuse au x\u00e9non 75 watts<br \/>\n-max. Format de num\u00e9risation 600 x 538 mm<br \/>\n-Pilotes et interfaces Macintosh \/ SCSI incl. Station de travail<br \/>\n-poids 480 kg<\/p>\n","protected":false},"excerpt":{"rendered":"<p>-r\u00e9solution de 12.000 dpi -Densit\u00e9 Dmax 4.2 -Profondeur de donn\u00e9es 48 bits RGB, 32 bits CMYK -Types de mod\u00e8les Surveillance \/ examen -Source lumineuse au x\u00e9non 75 watts -max. Format de num\u00e9risation 600 x 538 mm -Pilotes et interfaces Macintosh \/ SCSI incl. Station de travail -poids 480 kg<\/p>\n","protected":false},"featured_media":58017,"template":"","meta":[],"product_brand":[],"product_cat":[3021],"product_tag":[],"class_list":{"0":"post-90426","1":"product","2":"type-product","3":"status-publish","4":"has-post-thumbnail","6":"product_cat-scanner-a-tambour","7":"pa_hersteller-dainippon-screen","8":"pa_typ-sg-8060-p","10":"first","11":"instock","12":"taxable","13":"shipping-taxable","14":"purchasable","15":"product-type-simple"},"jetpack_sharing_enabled":true,"_links":{"self":[{"href":"https:\/\/www.3p-gmbh.de\/fr\/wp-json\/wp\/v2\/product\/90426","targetHints":{"allow":["GET"]}}],"collection":[{"href":"https:\/\/www.3p-gmbh.de\/fr\/wp-json\/wp\/v2\/product"}],"about":[{"href":"https:\/\/www.3p-gmbh.de\/fr\/wp-json\/wp\/v2\/types\/product"}],"wp:featuredmedia":[{"embeddable":true,"href":"https:\/\/www.3p-gmbh.de\/fr\/wp-json\/wp\/v2\/media\/58017"}],"wp:attachment":[{"href":"https:\/\/www.3p-gmbh.de\/fr\/wp-json\/wp\/v2\/media?parent=90426"}],"wp:term":[{"taxonomy":"product_brand","embeddable":true,"href":"https:\/\/www.3p-gmbh.de\/fr\/wp-json\/wp\/v2\/product_brand?post=90426"},{"taxonomy":"product_cat","embeddable":true,"href":"https:\/\/www.3p-gmbh.de\/fr\/wp-json\/wp\/v2\/product_cat?post=90426"},{"taxonomy":"product_tag","embeddable":true,"href":"https:\/\/www.3p-gmbh.de\/fr\/wp-json\/wp\/v2\/product_tag?post=90426"}],"curies":[{"name":"wp","href":"https:\/\/api.w.org\/{rel}","templated":true}]}}