{"id":90409,"date":"2019-11-05T15:42:24","date_gmt":"2019-11-05T15:42:24","guid":{"rendered":"https:\/\/www.3p-gmbh.de\/produkt\/banderoleuse-automatique-de-table-com-24-30\/"},"modified":"2019-11-05T15:42:24","modified_gmt":"2019-11-05T15:42:24","slug":"banderoleuse-automatique-de-table-com-24-30","status":"publish","type":"product","link":"https:\/\/www.3p-gmbh.de\/fr\/produkt\/banderoleuse-automatique-de-table-com-24-30\/","title":{"rendered":"Banderoleuse automatique de table COM 24-30"},"content":{"rendered":"<p>la petite machine compacte et polyvalente parmi les banderoleuses.<br \/>\nGr\u00e2ce aux tours r\u00e9glables, la largeur de passage peut \u00eatre adapt\u00e9e au format du produit.<br \/>\nDe douce \u00e0 extr\u00eamement tendue, la tension de la bande est r\u00e9glable en continu et convient donc \u00e0 pratiquement tous les produits.<br \/>\nIl est possible de passer du papier de banderolage au film de banderolage sans modifier les r\u00e9glages.<\/p>\n","protected":false},"excerpt":{"rendered":"<p>la petite machine compacte et polyvalente parmi les banderoleuses. Gr\u00e2ce aux tours r\u00e9glables, la largeur de passage peut \u00eatre adapt\u00e9e au format du produit. De douce \u00e0 extr\u00eamement tendue, la tension de la bande est r\u00e9glable en continu et convient donc \u00e0 pratiquement tous les produits. Il est possible de passer du papier de banderolage [&hellip;]<\/p>\n","protected":false},"featured_media":58034,"template":"","meta":[],"product_brand":[],"product_cat":[2855],"product_tag":[],"class_list":{"0":"post-90409","1":"product","2":"type-product","3":"status-publish","4":"has-post-thumbnail","6":"product_cat-banderoleuses","7":"pa_typ-com-24-30","9":"first","10":"instock","11":"taxable","12":"shipping-taxable","13":"purchasable","14":"product-type-simple"},"jetpack_sharing_enabled":true,"_links":{"self":[{"href":"https:\/\/www.3p-gmbh.de\/fr\/wp-json\/wp\/v2\/product\/90409","targetHints":{"allow":["GET"]}}],"collection":[{"href":"https:\/\/www.3p-gmbh.de\/fr\/wp-json\/wp\/v2\/product"}],"about":[{"href":"https:\/\/www.3p-gmbh.de\/fr\/wp-json\/wp\/v2\/types\/product"}],"wp:featuredmedia":[{"embeddable":true,"href":"https:\/\/www.3p-gmbh.de\/fr\/wp-json\/wp\/v2\/media\/58034"}],"wp:attachment":[{"href":"https:\/\/www.3p-gmbh.de\/fr\/wp-json\/wp\/v2\/media?parent=90409"}],"wp:term":[{"taxonomy":"product_brand","embeddable":true,"href":"https:\/\/www.3p-gmbh.de\/fr\/wp-json\/wp\/v2\/product_brand?post=90409"},{"taxonomy":"product_cat","embeddable":true,"href":"https:\/\/www.3p-gmbh.de\/fr\/wp-json\/wp\/v2\/product_cat?post=90409"},{"taxonomy":"product_tag","embeddable":true,"href":"https:\/\/www.3p-gmbh.de\/fr\/wp-json\/wp\/v2\/product_tag?post=90409"}],"curies":[{"name":"wp","href":"https:\/\/api.w.org\/{rel}","templated":true}]}}