{"id":90392,"date":"2019-11-07T09:45:33","date_gmt":"2019-11-07T09:45:33","guid":{"rendered":"https:\/\/www.3p-gmbh.de\/produkt\/fraiseuse-a-rainurer-muero-pour-carrousel-de-collage-de-blocs-ou-presse-de-collage-de-blocs\/"},"modified":"2019-11-07T09:45:33","modified_gmt":"2019-11-07T09:45:33","slug":"muero-fraise-de-rainure-pour-carrousel-de-colle-de-bloc-ou-presse-de-colle-de-bloc","status":"publish","type":"product","link":"https:\/\/www.3p-gmbh.de\/fr\/produkt\/muero-fraise-de-rainure-pour-carrousel-de-colle-de-bloc-ou-presse-de-colle-de-bloc\/","title":{"rendered":"Fraiseuse \u00e0 rainurer M\u00fcro pour carrousel de collage de blocs ou presse de collage de blocs"},"content":{"rendered":"<p>La fraiseuse de rainures M\u00dcRO sert \u00e0 renforcer le collage des blocs sur les brochures,<br \/>\ncatalogues, listes, calendriers et fiches de pes\u00e9e (jeux de formulaires sur support en carton).<\/p>\n<p>Nombre de rainures par op\u00e9ration : 10<br \/>\nDistance entre les rainures : 9 mm<br \/>\nProfondeur de la rainure : env. 1,1 mm<\/p>\n<p>Raccordement : 230 Volt ~, 510 Watt<br \/>\nLargeur de la rainure : 1 mm<br \/>\nTaille : 40 x 20 x 10 cm<br \/>\npoids : 4,0 kg<\/p>\n<p>Le mat\u00e9riau \u00e0 fraiser doit \u00eatre serr\u00e9 fermement dans le carrousel, avec un dos de reliure absolument lisse,<br \/>\nla fraise est appuy\u00e9e et d\u00e9plac\u00e9e de haut en bas et lat\u00e9ralement.<\/p>\n","protected":false},"excerpt":{"rendered":"<p>La fraiseuse de rainures M\u00dcRO sert \u00e0 renforcer le collage des blocs sur les brochures, catalogues, listes, calendriers et fiches de pes\u00e9e (jeux de formulaires sur support en carton). Nombre de rainures par op\u00e9ration : 10 Distance entre les rainures : 9 mm Profondeur de la rainure : env. 1,1 mm Raccordement : 230 Volt [&hellip;]<\/p>\n","protected":false},"featured_media":58056,"template":"","meta":[],"product_brand":[],"product_cat":[2890],"product_tag":[],"class_list":{"0":"post-90392","1":"product","2":"type-product","3":"status-publish","4":"has-post-thumbnail","6":"product_cat-reliure-dassortiment","7":"pa_hersteller-muero","9":"first","10":"instock","11":"taxable","12":"shipping-taxable","13":"purchasable","14":"product-type-simple"},"jetpack_sharing_enabled":true,"_links":{"self":[{"href":"https:\/\/www.3p-gmbh.de\/fr\/wp-json\/wp\/v2\/product\/90392","targetHints":{"allow":["GET"]}}],"collection":[{"href":"https:\/\/www.3p-gmbh.de\/fr\/wp-json\/wp\/v2\/product"}],"about":[{"href":"https:\/\/www.3p-gmbh.de\/fr\/wp-json\/wp\/v2\/types\/product"}],"wp:featuredmedia":[{"embeddable":true,"href":"https:\/\/www.3p-gmbh.de\/fr\/wp-json\/wp\/v2\/media\/58056"}],"wp:attachment":[{"href":"https:\/\/www.3p-gmbh.de\/fr\/wp-json\/wp\/v2\/media?parent=90392"}],"wp:term":[{"taxonomy":"product_brand","embeddable":true,"href":"https:\/\/www.3p-gmbh.de\/fr\/wp-json\/wp\/v2\/product_brand?post=90392"},{"taxonomy":"product_cat","embeddable":true,"href":"https:\/\/www.3p-gmbh.de\/fr\/wp-json\/wp\/v2\/product_cat?post=90392"},{"taxonomy":"product_tag","embeddable":true,"href":"https:\/\/www.3p-gmbh.de\/fr\/wp-json\/wp\/v2\/product_tag?post=90392"}],"curies":[{"name":"wp","href":"https:\/\/api.w.org\/{rel}","templated":true}]}}