{"id":90372,"date":"2019-11-07T10:51:41","date_gmt":"2019-11-07T10:51:41","guid":{"rendered":"https:\/\/www.3p-gmbh.de\/produkt\/dispositif-de-pressage-a-chaud-habasit-pt-55-8\/"},"modified":"2019-11-07T10:51:41","modified_gmt":"2019-11-07T10:51:41","slug":"dispositif-de-pressage-a-chaud-habasit-pt-55-8","status":"publish","type":"product","link":"https:\/\/www.3p-gmbh.de\/fr\/produkt\/dispositif-de-pressage-a-chaud-habasit-pt-55-8\/","title":{"rendered":"Dispositif de pressage \u00e0 chaud Habasit PT-55 -8"},"content":{"rendered":"<p>pour le jonctionnement final des bandes Habasit pour machines et broches jusqu&rsquo;\u00e0 une largeur de 50 mm et une \u00e9paisseur de 2,5 mm avec le proc\u00e9d\u00e9 Thermofix.<\/p>\n<p>La longueur maximale de biseau pouvant \u00eatre trait\u00e9e est de 35 mm. Avec des rails de guidage de la largeur requise pour chaque application et la possibilit\u00e9 de raccorder la presse \u00e0 chaud \u00e0 volont\u00e9 entre 110 et 240 V, la PT-55 constitue un syst\u00e8me d&rsquo;assemblage final tr\u00e8s flexible.<\/p>\n","protected":false},"excerpt":{"rendered":"<p>pour le jonctionnement final des bandes Habasit pour machines et broches jusqu&rsquo;\u00e0 une largeur de 50 mm et une \u00e9paisseur de 2,5 mm avec le proc\u00e9d\u00e9 Thermofix. La longueur maximale de biseau pouvant \u00eatre trait\u00e9e est de 35 mm. Avec des rails de guidage de la largeur requise pour chaque application et la possibilit\u00e9 de [&hellip;]<\/p>\n","protected":false},"featured_media":58075,"template":"","meta":[],"product_brand":[],"product_cat":[2866],"product_tag":[],"class_list":{"0":"post-90372","1":"product","2":"type-product","3":"status-publish","4":"has-post-thumbnail","6":"product_cat-autre-traitement-ulterieur","7":"pa_hersteller-habasit","8":"pa_typ-pt-55-8","10":"first","11":"instock","12":"taxable","13":"shipping-taxable","14":"purchasable","15":"product-type-simple"},"jetpack_sharing_enabled":true,"_links":{"self":[{"href":"https:\/\/www.3p-gmbh.de\/fr\/wp-json\/wp\/v2\/product\/90372","targetHints":{"allow":["GET"]}}],"collection":[{"href":"https:\/\/www.3p-gmbh.de\/fr\/wp-json\/wp\/v2\/product"}],"about":[{"href":"https:\/\/www.3p-gmbh.de\/fr\/wp-json\/wp\/v2\/types\/product"}],"wp:featuredmedia":[{"embeddable":true,"href":"https:\/\/www.3p-gmbh.de\/fr\/wp-json\/wp\/v2\/media\/58075"}],"wp:attachment":[{"href":"https:\/\/www.3p-gmbh.de\/fr\/wp-json\/wp\/v2\/media?parent=90372"}],"wp:term":[{"taxonomy":"product_brand","embeddable":true,"href":"https:\/\/www.3p-gmbh.de\/fr\/wp-json\/wp\/v2\/product_brand?post=90372"},{"taxonomy":"product_cat","embeddable":true,"href":"https:\/\/www.3p-gmbh.de\/fr\/wp-json\/wp\/v2\/product_cat?post=90372"},{"taxonomy":"product_tag","embeddable":true,"href":"https:\/\/www.3p-gmbh.de\/fr\/wp-json\/wp\/v2\/product_tag?post=90372"}],"curies":[{"name":"wp","href":"https:\/\/api.w.org\/{rel}","templated":true}]}}