{"id":90370,"date":"2019-11-07T11:23:35","date_gmt":"2019-11-07T11:23:35","guid":{"rendered":"https:\/\/www.3p-gmbh.de\/produkt\/gkf-90-500r-600-convoyeur-a-bande-courbe\/"},"modified":"2019-11-07T11:23:35","modified_gmt":"2019-11-07T11:23:35","slug":"gkf-90-500r-600-kurvengurtfoerderer","status":"publish","type":"product","link":"https:\/\/www.3p-gmbh.de\/fr\/produkt\/gkf-90-500r-600-kurvengurtfoerderer\/","title":{"rendered":"GKF 90-500R-600 Convoyeur \u00e0 bande courbe"},"content":{"rendered":"<p>Angle de 90<br \/>\nlargeur de bande 500mm<br \/>\nRotation \u00e0 droite<br \/>\nr\u00e9glable en hauteur<\/p>\n<p>Possibilit\u00e9 d&rsquo;\u00e9quipement ult\u00e9rieur avec un convertisseur de fr\u00e9quence moyennant un suppl\u00e9ment de prix<\/p>\n<p>2 pi\u00e8ces disponibles<\/p>\n","protected":false},"excerpt":{"rendered":"<p>Angle de 90 largeur de bande 500mm Rotation \u00e0 droite r\u00e9glable en hauteur Possibilit\u00e9 d&rsquo;\u00e9quipement ult\u00e9rieur avec un convertisseur de fr\u00e9quence moyennant un suppl\u00e9ment de prix 2 pi\u00e8ces disponibles<\/p>\n","protected":false},"featured_media":58078,"template":"","meta":[],"product_brand":[],"product_cat":[3040],"product_tag":[],"class_list":{"0":"post-90370","1":"product","2":"type-product","3":"status-publish","4":"has-post-thumbnail","6":"product_cat-technique-de-convoyage","7":"pa_hersteller-gkf","8":"pa_typ-gkf-90-500r-600","10":"first","11":"instock","12":"taxable","13":"shipping-taxable","14":"purchasable","15":"product-type-simple"},"jetpack_sharing_enabled":true,"_links":{"self":[{"href":"https:\/\/www.3p-gmbh.de\/fr\/wp-json\/wp\/v2\/product\/90370","targetHints":{"allow":["GET"]}}],"collection":[{"href":"https:\/\/www.3p-gmbh.de\/fr\/wp-json\/wp\/v2\/product"}],"about":[{"href":"https:\/\/www.3p-gmbh.de\/fr\/wp-json\/wp\/v2\/types\/product"}],"wp:featuredmedia":[{"embeddable":true,"href":"https:\/\/www.3p-gmbh.de\/fr\/wp-json\/wp\/v2\/media\/58078"}],"wp:attachment":[{"href":"https:\/\/www.3p-gmbh.de\/fr\/wp-json\/wp\/v2\/media?parent=90370"}],"wp:term":[{"taxonomy":"product_brand","embeddable":true,"href":"https:\/\/www.3p-gmbh.de\/fr\/wp-json\/wp\/v2\/product_brand?post=90370"},{"taxonomy":"product_cat","embeddable":true,"href":"https:\/\/www.3p-gmbh.de\/fr\/wp-json\/wp\/v2\/product_cat?post=90370"},{"taxonomy":"product_tag","embeddable":true,"href":"https:\/\/www.3p-gmbh.de\/fr\/wp-json\/wp\/v2\/product_tag?post=90370"}],"curies":[{"name":"wp","href":"https:\/\/api.w.org\/{rel}","templated":true}]}}