{"id":90355,"date":"2019-11-07T14:28:00","date_gmt":"2019-11-07T14:28:00","guid":{"rendered":"https:\/\/www.3p-gmbh.de\/produkt\/perceuse-de-papier-de-bureau-nagel-citoborma-190-a-broche\/"},"modified":"2019-11-07T14:28:00","modified_gmt":"2019-11-07T14:28:00","slug":"perceuse-a-papier-de-table-nagel-citoborma-190-broche","status":"publish","type":"product","link":"https:\/\/www.3p-gmbh.de\/fr\/produkt\/perceuse-a-papier-de-table-nagel-citoborma-190-broche\/","title":{"rendered":"Perceuse de papier de bureau Nagel Citoborma 190 \u00e0 broche"},"content":{"rendered":"<p>Perforation jusqu&rsquo;\u00e0 600 feuilles, tr\u00e8s robuste, jusqu&rsquo;\u00e0 20 mm de m\u00e8che<\/p>\n<p>FlexoDrill\u00b0 table coulissante<br \/>\nLe centrage du papier avec but\u00e9e gauche escamotable permet d&rsquo;ins\u00e9rer facilement la pile de papier, distances de but\u00e9e individuelles ou sch\u00e9mas de perforation standard s\u00e9lectionnables en un tour de main, 6 sch\u00e9mas de perforation pr\u00e9r\u00e9gl\u00e9s.<\/p>\n<p>Donn\u00e9es techniques<br \/>\nCourse de per\u00e7age manuel<br \/>\nBroche de per\u00e7age 1<br \/>\nhauteur de per\u00e7age jusqu&rsquo;\u00e0 6 cm (600 feuilles 80g\/m\u00b2)<br \/>\nlargeur d&rsquo;insertion 470 mm<br \/>\nprofondeur d&rsquo;insertion 105 mm<br \/>\nDiam\u00e8tre du foret 2 mm &#8211; 20 mm<br \/>\nTemps pour 1 cycle de travail en fonction de l&rsquo;op\u00e9rateur<br \/>\nRaccordement 230 V &#8211; 0,5 kW \/ 400 V &#8211; 0,5 kW<br \/>\nPoids 69 kg<br \/>\nDimensions en mm (H x L x P) 730 x 640 x 600<\/p>\n","protected":false},"excerpt":{"rendered":"<p>Perforation jusqu&rsquo;\u00e0 600 feuilles, tr\u00e8s robuste, jusqu&rsquo;\u00e0 20 mm de m\u00e8che FlexoDrill\u00b0 table coulissante Le centrage du papier avec but\u00e9e gauche escamotable permet d&rsquo;ins\u00e9rer facilement la pile de papier, distances de but\u00e9e individuelles ou sch\u00e9mas de perforation standard s\u00e9lectionnables en un tour de main, 6 sch\u00e9mas de perforation pr\u00e9r\u00e9gl\u00e9s. Donn\u00e9es techniques Course de per\u00e7age manuel [&hellip;]<\/p>\n","protected":false},"featured_media":58111,"template":"","meta":[],"product_brand":[],"product_cat":[2957],"product_tag":[],"class_list":{"0":"post-90355","1":"product","2":"type-product","3":"status-publish","4":"has-post-thumbnail","6":"product_cat-perceuses-a-papier","7":"pa_hersteller-ernst-nagel","8":"pa_typ-citoborma-190","10":"first","11":"instock","12":"taxable","13":"shipping-taxable","14":"purchasable","15":"product-type-simple"},"jetpack_sharing_enabled":true,"_links":{"self":[{"href":"https:\/\/www.3p-gmbh.de\/fr\/wp-json\/wp\/v2\/product\/90355","targetHints":{"allow":["GET"]}}],"collection":[{"href":"https:\/\/www.3p-gmbh.de\/fr\/wp-json\/wp\/v2\/product"}],"about":[{"href":"https:\/\/www.3p-gmbh.de\/fr\/wp-json\/wp\/v2\/types\/product"}],"wp:featuredmedia":[{"embeddable":true,"href":"https:\/\/www.3p-gmbh.de\/fr\/wp-json\/wp\/v2\/media\/58111"}],"wp:attachment":[{"href":"https:\/\/www.3p-gmbh.de\/fr\/wp-json\/wp\/v2\/media?parent=90355"}],"wp:term":[{"taxonomy":"product_brand","embeddable":true,"href":"https:\/\/www.3p-gmbh.de\/fr\/wp-json\/wp\/v2\/product_brand?post=90355"},{"taxonomy":"product_cat","embeddable":true,"href":"https:\/\/www.3p-gmbh.de\/fr\/wp-json\/wp\/v2\/product_cat?post=90355"},{"taxonomy":"product_tag","embeddable":true,"href":"https:\/\/www.3p-gmbh.de\/fr\/wp-json\/wp\/v2\/product_tag?post=90355"}],"curies":[{"name":"wp","href":"https:\/\/api.w.org\/{rel}","templated":true}]}}