{"id":90337,"date":"2019-11-07T15:18:29","date_gmt":"2019-11-07T15:18:29","guid":{"rendered":"https:\/\/www.3p-gmbh.de\/produkt\/heidelberg-stahl-table-inclinee-mobile-reglable-en-hauteur-srt-66-f-re-d-station-de-finition\/"},"modified":"2019-11-07T15:18:29","modified_gmt":"2019-11-07T15:18:29","slug":"heidelberg-acier-plateau-mobile-reglable-en-hauteur-srt-66-f-re-station-de-finissage","status":"publish","type":"product","link":"https:\/\/www.3p-gmbh.de\/fr\/produkt\/heidelberg-acier-plateau-mobile-reglable-en-hauteur-srt-66-f-re-station-de-finissage\/","title":{"rendered":"Heidelberg Stahl table inclin\u00e9e mobile r\u00e9glable en hauteur SRT 66 F-re-D (station de finition)"},"content":{"rendered":"<p>avec barre \u00e0 billes et commande DCT<br \/>\nlargeur d&rsquo;entr\u00e9e 66cm<\/p>\n","protected":false},"excerpt":{"rendered":"<p>avec barre \u00e0 billes et commande DCT largeur d&rsquo;entr\u00e9e 66cm<\/p>\n","protected":false},"featured_media":58125,"template":"","meta":[],"product_brand":[],"product_cat":[2984],"product_tag":[],"class_list":{"0":"post-90337","1":"product","2":"type-product","3":"status-publish","4":"has-post-thumbnail","6":"product_cat-plieuses-fr","7":"pa_bezeichnung_typ-srt-66-f-re-d","8":"pa_hersteller-heidelberg-stahl","10":"first","11":"instock","12":"taxable","13":"shipping-taxable","14":"purchasable","15":"product-type-simple"},"jetpack_sharing_enabled":true,"_links":{"self":[{"href":"https:\/\/www.3p-gmbh.de\/fr\/wp-json\/wp\/v2\/product\/90337","targetHints":{"allow":["GET"]}}],"collection":[{"href":"https:\/\/www.3p-gmbh.de\/fr\/wp-json\/wp\/v2\/product"}],"about":[{"href":"https:\/\/www.3p-gmbh.de\/fr\/wp-json\/wp\/v2\/types\/product"}],"wp:featuredmedia":[{"embeddable":true,"href":"https:\/\/www.3p-gmbh.de\/fr\/wp-json\/wp\/v2\/media\/58125"}],"wp:attachment":[{"href":"https:\/\/www.3p-gmbh.de\/fr\/wp-json\/wp\/v2\/media?parent=90337"}],"wp:term":[{"taxonomy":"product_brand","embeddable":true,"href":"https:\/\/www.3p-gmbh.de\/fr\/wp-json\/wp\/v2\/product_brand?post=90337"},{"taxonomy":"product_cat","embeddable":true,"href":"https:\/\/www.3p-gmbh.de\/fr\/wp-json\/wp\/v2\/product_cat?post=90337"},{"taxonomy":"product_tag","embeddable":true,"href":"https:\/\/www.3p-gmbh.de\/fr\/wp-json\/wp\/v2\/product_tag?post=90337"}],"curies":[{"name":"wp","href":"https:\/\/api.w.org\/{rel}","templated":true}]}}