{"id":90335,"date":"2019-11-07T15:02:27","date_gmt":"2019-11-07T15:02:27","guid":{"rendered":"https:\/\/www.3p-gmbh.de\/produkt\/graphic-whizard-creasemaster-pro-avec-margeur-a-air-aspire\/"},"modified":"2019-11-07T15:02:27","modified_gmt":"2019-11-07T15:02:27","slug":"graphic-whizard-creasemaster-pro-avec-applicateur-dair-aspire","status":"publish","type":"product","link":"https:\/\/www.3p-gmbh.de\/fr\/produkt\/graphic-whizard-creasemaster-pro-avec-applicateur-dair-aspire\/","title":{"rendered":"Graphic Whizard CreaseMaster Pro avec margeur \u00e0 air aspir\u00e9"},"content":{"rendered":"<p>Rainurage &#8211; Rainurage &#8211; Perforation &#8211; Fente &#8211; D\u00e9coupe<\/p>\n<p>Le rainurage des impressions ennoblies avant le pliage prend de plus en plus d&rsquo;importance.<br \/>\nEn particulier pour les impressions num\u00e9riques, un rainage pr\u00e9alable et appropri\u00e9 est indispensable lors du pliage,<br \/>\npour \u00e9viter que l&rsquo;encre et le papier ne se brisent sur le bord du pli.<\/p>\n<p>CreaseMaster fonctionne selon la technique traditionnelle avec des barres de rainurage,<br \/>\nqui, gr\u00e2ce \u00e0 une pression r\u00e9glable, compriment le papier au niveau du bord de pliage et emp\u00eachent ainsi que le papier ne s&rsquo;ouvre lors du pliage.<\/p>\n<p>R\u00e9glage rapide par \u00e9cran tactile et possibilit\u00e9 d&rsquo;appliquer automatiquement jusqu&rsquo;\u00e0 10 rainures par feuille avec 2 barres d&rsquo;outils.<br \/>\n&#8211; simultan\u00e9ment par le haut et\/ou par le bas et, selon les besoins, avec une rainure \u00e9troite ou large.<br \/>\nLa distance minimale d&rsquo;une rainure \u00e0 l&rsquo;autre est de 1 mm.<\/p>\n<p>L&rsquo;une des deux barres de rainurage peut \u00eatre remplac\u00e9e par une barre avec perforation, ce qui permet de rainurer et de perforer les feuilles en m\u00eame temps, en une seule op\u00e9ration.<br \/>\nLes commandes r\u00e9currentes sont enregistr\u00e9es et rappel\u00e9es en quelques secondes.<br \/>\nEn m\u00eame temps et ind\u00e9pendamment du rainage de la poutre, peuvent \u00eatre utilis\u00e9s avec des roues d&rsquo;outils rotatives \u00e0 l&rsquo;entr\u00e9e du papier,<br \/>\ndes op\u00e9rations suppl\u00e9mentaires peuvent \u00eatre effectu\u00e9es : Rainurer, perforer, fendre.<\/p>\n<p>La livraison comprend une pompe \u00e0 pression\/d\u00e9pression ainsi qu&rsquo;un porte-outil avec 2 outils.<\/p>\n<p>Donn\u00e9es techniques<br \/>\nFormat min. 30 x 127 mm<br \/>\nFormat max. 457 x 960 mm<br \/>\nPuissance\/h max. 4.200 feuilles (DIN A4 horizontal)<br \/>\nPoids du papier 45 &#8211; 500 g\/m2<\/p>\n","protected":false},"excerpt":{"rendered":"<p>Rainurage &#8211; Rainurage &#8211; Perforation &#8211; Fente &#8211; D\u00e9coupe Le rainurage des impressions ennoblies avant le pliage prend de plus en plus d&rsquo;importance. En particulier pour les impressions num\u00e9riques, un rainage pr\u00e9alable et appropri\u00e9 est indispensable lors du pliage, pour \u00e9viter que l&rsquo;encre et le papier ne se brisent sur le bord du pli. CreaseMaster [&hellip;]<\/p>\n","protected":false},"featured_media":58119,"template":"","meta":[],"product_brand":[],"product_cat":[2984],"product_tag":[],"class_list":{"0":"post-90335","1":"product","2":"type-product","3":"status-publish","4":"has-post-thumbnail","6":"product_cat-plieuses-fr","7":"pa_hersteller-graphic-whizard","8":"pa_typ-creasemaster-pro","10":"first","11":"instock","12":"taxable","13":"shipping-taxable","14":"purchasable","15":"product-type-simple"},"jetpack_sharing_enabled":true,"_links":{"self":[{"href":"https:\/\/www.3p-gmbh.de\/fr\/wp-json\/wp\/v2\/product\/90335","targetHints":{"allow":["GET"]}}],"collection":[{"href":"https:\/\/www.3p-gmbh.de\/fr\/wp-json\/wp\/v2\/product"}],"about":[{"href":"https:\/\/www.3p-gmbh.de\/fr\/wp-json\/wp\/v2\/types\/product"}],"wp:featuredmedia":[{"embeddable":true,"href":"https:\/\/www.3p-gmbh.de\/fr\/wp-json\/wp\/v2\/media\/58119"}],"wp:attachment":[{"href":"https:\/\/www.3p-gmbh.de\/fr\/wp-json\/wp\/v2\/media?parent=90335"}],"wp:term":[{"taxonomy":"product_brand","embeddable":true,"href":"https:\/\/www.3p-gmbh.de\/fr\/wp-json\/wp\/v2\/product_brand?post=90335"},{"taxonomy":"product_cat","embeddable":true,"href":"https:\/\/www.3p-gmbh.de\/fr\/wp-json\/wp\/v2\/product_cat?post=90335"},{"taxonomy":"product_tag","embeddable":true,"href":"https:\/\/www.3p-gmbh.de\/fr\/wp-json\/wp\/v2\/product_tag?post=90335"}],"curies":[{"name":"wp","href":"https:\/\/api.w.org\/{rel}","templated":true}]}}