{"id":90322,"date":"2019-11-07T15:51:35","date_gmt":"2019-11-07T15:51:35","guid":{"rendered":"https:\/\/www.3p-gmbh.de\/produkt\/horizon-afc-546-akt-plieuse-combinee-semi-automatique-reglable-avec-sortie-de-presse-a-ecailles-horizon-pst-40\/"},"modified":"2019-11-07T15:51:35","modified_gmt":"2019-11-07T15:51:35","slug":"horizon-afc-546-akt-plieuse-combi-reglable-partiellement-automatique-avec-sortie-presse-a-ecailles-horizon-pst-40","status":"publish","type":"product","link":"https:\/\/www.3p-gmbh.de\/fr\/produkt\/horizon-afc-546-akt-plieuse-combi-reglable-partiellement-automatique-avec-sortie-presse-a-ecailles-horizon-pst-40\/","title":{"rendered":"Horizon AFC-546 AKT Plieuse combin\u00e9e semi-automatique r\u00e9glable avec sortie de presse \u00e0 \u00e9cailles Horizon PST-40"},"content":{"rendered":"<p>Vos avantages<\/p>\n<p>margeur semi-automatique jusqu&rsquo;aux poches de pliage<br \/>\nDes r\u00e9glages au milli\u00e8me de millim\u00e8tre pr\u00e8s<br \/>\nTechnologie Touch&amp;work &#8211; centrale et facile \u00e0 utiliser<\/p>\n<p>&#8211; Plieuse avec 6 poches r\u00e9glables par moteur<br \/>\n&#8211; 1 lame de pliage avec r\u00e9glage enti\u00e8rement automatique<br \/>\n&#8211; 2 poches de pliage successives (gauche\/droite)<br \/>\n&#8211; Technologie Touch&amp;Work<br \/>\n&#8211; 17 types de pliage standard<br \/>\n&#8211; M\u00e9moire des t\u00e2ches : 200<br \/>\n&#8211; D\u00e9tection de double feuille<br \/>\n&#8211; Surveillance de la course des feuilles<br \/>\n&#8211; Dispositif de rainage et de perforation<\/p>\n<p>d\u00e9tails techniques :<br \/>\n&#8211; Puissance : max. 50.000 cycles\/h<br \/>\n&#8211; Poids du papier : 40-250g\/qm<br \/>\n&#8211; Hauteur d&#8217;empilage du margeur : 740mm<br \/>\n&#8211; Format : min. 128x148mm ; max. 558x850mm<br \/>\n&#8211; Consommation \u00e9lectrique : 2,7kW<br \/>\n&#8211; Raccordement \u00e9lectrique : 400V triphas\u00e9 50\/60Hz<br \/>\n&#8211; Compresseur T4.40<\/p>\n","protected":false},"excerpt":{"rendered":"<p>Vos avantages margeur semi-automatique jusqu&rsquo;aux poches de pliage Des r\u00e9glages au milli\u00e8me de millim\u00e8tre pr\u00e8s Technologie Touch&amp;work &#8211; centrale et facile \u00e0 utiliser &#8211; Plieuse avec 6 poches r\u00e9glables par moteur &#8211; 1 lame de pliage avec r\u00e9glage enti\u00e8rement automatique &#8211; 2 poches de pliage successives (gauche\/droite) &#8211; Technologie Touch&amp;Work &#8211; 17 types de pliage [&hellip;]<\/p>\n","protected":false},"featured_media":58135,"template":"","meta":[],"product_brand":[],"product_cat":[2984],"product_tag":[],"class_list":{"0":"post-90322","1":"product","2":"type-product","3":"status-publish","4":"has-post-thumbnail","6":"product_cat-plieuses-fr","7":"pa_hersteller-horizon","8":"pa_typ-afc-546-akt","10":"first","11":"instock","12":"taxable","13":"shipping-taxable","14":"purchasable","15":"product-type-simple"},"jetpack_sharing_enabled":true,"_links":{"self":[{"href":"https:\/\/www.3p-gmbh.de\/fr\/wp-json\/wp\/v2\/product\/90322","targetHints":{"allow":["GET"]}}],"collection":[{"href":"https:\/\/www.3p-gmbh.de\/fr\/wp-json\/wp\/v2\/product"}],"about":[{"href":"https:\/\/www.3p-gmbh.de\/fr\/wp-json\/wp\/v2\/types\/product"}],"wp:featuredmedia":[{"embeddable":true,"href":"https:\/\/www.3p-gmbh.de\/fr\/wp-json\/wp\/v2\/media\/58135"}],"wp:attachment":[{"href":"https:\/\/www.3p-gmbh.de\/fr\/wp-json\/wp\/v2\/media?parent=90322"}],"wp:term":[{"taxonomy":"product_brand","embeddable":true,"href":"https:\/\/www.3p-gmbh.de\/fr\/wp-json\/wp\/v2\/product_brand?post=90322"},{"taxonomy":"product_cat","embeddable":true,"href":"https:\/\/www.3p-gmbh.de\/fr\/wp-json\/wp\/v2\/product_cat?post=90322"},{"taxonomy":"product_tag","embeddable":true,"href":"https:\/\/www.3p-gmbh.de\/fr\/wp-json\/wp\/v2\/product_tag?post=90322"}],"curies":[{"name":"wp","href":"https:\/\/api.w.org\/{rel}","templated":true}]}}