{"id":90320,"date":"2019-11-08T10:02:07","date_gmt":"2019-11-08T10:02:07","guid":{"rendered":"https:\/\/www.3p-gmbh.de\/produkt\/hohner-exact-agrafeuse-multi-tetes-a-fil-pour-blocs-et-brochures-pour-agrafage-normal\/"},"modified":"2019-11-08T10:02:07","modified_gmt":"2019-11-08T10:02:07","slug":"hohner-exact-multi-tetes-bloc-et-brochures-agrafeuse-fils-pour-agrafage-normal","status":"publish","type":"product","link":"https:\/\/www.3p-gmbh.de\/fr\/produkt\/hohner-exact-multi-tetes-bloc-et-brochures-agrafeuse-fils-pour-agrafage-normal\/","title":{"rendered":"HOHNER EXACT Agrafeuse multi-t\u00eates \u00e0 fil pour blocs et brochures pour agrafage normal"},"content":{"rendered":"<p>Installation de jusqu&rsquo;\u00e0 quatre t\u00eates d&rsquo;agrafage \u00e9troites HOHNER UNIVERSAL 52\/8 pour<br \/>\nAgrafage normal, agrafage \u00e0 \u0153illets ou application mixte.<br \/>\nConvient tout aussi bien comme machine autonome que comme groupe int\u00e9gr\u00e9.<\/p>\n<p>-Epaisseur d&rsquo;agrafage maximale de 8 mm en agrafage normal<br \/>\n-Table d&rsquo;agrafage facilement r\u00e9versible : droite pour les blocs, inclin\u00e9e pour les brochures.<br \/>\n-L&rsquo;\u00e9paisseur de l&rsquo;agrafe et la longueur du fil sont r\u00e9gl\u00e9es simultan\u00e9ment et de mani\u00e8re centrale pour toutes les t\u00eates.<br \/>\nest r\u00e9gl\u00e9 par un seul levier.<br \/>\n-Une but\u00e9e arri\u00e8re et deux but\u00e9es lat\u00e9rales, toutes r\u00e9glables, assurent la s\u00e9curit\u00e9 des enfants.<br \/>\npour que les parenth\u00e8ses soient toujours positionn\u00e9es \u00e0 l&rsquo;endroit souhait\u00e9.<br \/>\n-Les t\u00eates d&rsquo;agrafage peuvent \u00eatre retir\u00e9es ou install\u00e9es tr\u00e8s rapidement, sur le c\u00f4t\u00e9 ou sur le dessus.<br \/>\nou tout simplement \u00eatre d\u00e9sactiv\u00e9 temporairement.<\/p>\n<p>-Capacit\u00e9 d&rsquo;agrafage maximale : par t\u00eate 206 agrafes \/ minute.<br \/>\n-d\u00e9clenchement au pied<br \/>\n-Dimensions de la table : 550 x 280 mm<br \/>\n-Profondeur d&rsquo;insertion \u00e0 partir du bo\u00eetier de sonnette 165 mm<br \/>\n-distance entre les agrafes max. 330mm<br \/>\n-distance entre les agrafes min. 52-62 mm<\/p>\n","protected":false},"excerpt":{"rendered":"<p><a href=\"http:\/\/www.3p-gmbh.de\/wp-content\/uploads\/2019\/11\/hohner.pdf\">hohner PDF<\/a><\/p>\n","protected":false},"featured_media":58175,"template":"","meta":[],"product_brand":[],"product_cat":[2994],"product_tag":[],"class_list":{"0":"post-90320","1":"product","2":"type-product","3":"status-publish","4":"has-post-thumbnail","6":"product_cat-agrafeuses","7":"pa_hersteller-hohner","8":"pa_typ-exact","10":"first","11":"instock","12":"taxable","13":"shipping-taxable","14":"purchasable","15":"product-type-simple"},"jetpack_sharing_enabled":true,"_links":{"self":[{"href":"https:\/\/www.3p-gmbh.de\/fr\/wp-json\/wp\/v2\/product\/90320","targetHints":{"allow":["GET"]}}],"collection":[{"href":"https:\/\/www.3p-gmbh.de\/fr\/wp-json\/wp\/v2\/product"}],"about":[{"href":"https:\/\/www.3p-gmbh.de\/fr\/wp-json\/wp\/v2\/types\/product"}],"wp:featuredmedia":[{"embeddable":true,"href":"https:\/\/www.3p-gmbh.de\/fr\/wp-json\/wp\/v2\/media\/58175"}],"wp:attachment":[{"href":"https:\/\/www.3p-gmbh.de\/fr\/wp-json\/wp\/v2\/media?parent=90320"}],"wp:term":[{"taxonomy":"product_brand","embeddable":true,"href":"https:\/\/www.3p-gmbh.de\/fr\/wp-json\/wp\/v2\/product_brand?post=90320"},{"taxonomy":"product_cat","embeddable":true,"href":"https:\/\/www.3p-gmbh.de\/fr\/wp-json\/wp\/v2\/product_cat?post=90320"},{"taxonomy":"product_tag","embeddable":true,"href":"https:\/\/www.3p-gmbh.de\/fr\/wp-json\/wp\/v2\/product_tag?post=90320"}],"curies":[{"name":"wp","href":"https:\/\/api.w.org\/{rel}","templated":true}]}}