{"id":90315,"date":"2019-11-08T09:53:17","date_gmt":"2019-11-08T09:53:17","guid":{"rendered":"https:\/\/www.3p-gmbh.de\/produkt\/ameise-linde-l-10-gerbeur-chariot-elevateur-gerbeur-electrique-gerbeur-a-timon\/"},"modified":"2019-11-08T09:53:17","modified_gmt":"2019-11-08T09:53:17","slug":"ameise-linde-l-10-chariot-elevateur-gerbeur-transpalette-electrique-gerbeur-a-timon","status":"publish","type":"product","link":"https:\/\/www.3p-gmbh.de\/fr\/produkt\/ameise-linde-l-10-chariot-elevateur-gerbeur-transpalette-electrique-gerbeur-a-timon\/","title":{"rendered":"Ameise Linde L 10 &#8211; Gerbeur &#8211; Chariot \u00e9l\u00e9vateur &#8211; Gerbeur \u00e9lectrique &#8211; Gerbeur \u00e0 timon"},"content":{"rendered":"<p>Type de construction Transpalette<br \/>\nType d&rsquo;entra\u00eenement \u00e9lectrique<br \/>\ncapacit\u00e9 de charge de 1 000 kg<br \/>\nCentre de gravit\u00e9 de la charge 0 mm<\/p>\n<p>Type de m\u00e2t Standard<br \/>\nhauteur de levage 2.424 mm<br \/>\nhauteur de construction 1.765 mm<br \/>\nCourse libre de 150 mm<br \/>\nLargeur du tablier porte-fourche : 560 mm<br \/>\nLongueur des fourches 1 150 mm<br \/>\nFourches Mod\u00e8le de fourches 560 \/ 1150 mm<\/p>\n<p>G\u00e9n\u00e9ralit\u00e9s<br \/>\nchargeur interne<br \/>\nBatterie 24V 2 PzB 200Ah<br \/>\nPneus en polyur\u00e9thane<br \/>\nPneu avant, double<br \/>\nPneus arri\u00e8re<br \/>\nlongueur 1.750 mm<br \/>\nlargeur 800 mm<br \/>\npoids 1.055 kg<\/p>\n","protected":false},"excerpt":{"rendered":"<p>Type de construction Transpalette Type d&rsquo;entra\u00eenement \u00e9lectrique capacit\u00e9 de charge de 1 000 kg Centre de gravit\u00e9 de la charge 0 mm Type de m\u00e2t Standard hauteur de levage 2.424 mm hauteur de construction 1.765 mm Course libre de 150 mm Largeur du tablier porte-fourche : 560 mm Longueur des fourches 1 150 mm Fourches [&hellip;]<\/p>\n","protected":false},"featured_media":58166,"template":"","meta":[],"product_brand":[],"product_cat":[2857],"product_tag":[],"class_list":{"0":"post-90315","1":"product","2":"type-product","3":"status-publish","4":"has-post-thumbnail","6":"product_cat-chariots-de-manutention","7":"pa_hersteller-linde","8":"pa_typ-l-10","10":"first","11":"instock","12":"taxable","13":"shipping-taxable","14":"purchasable","15":"product-type-simple"},"jetpack_sharing_enabled":true,"_links":{"self":[{"href":"https:\/\/www.3p-gmbh.de\/fr\/wp-json\/wp\/v2\/product\/90315","targetHints":{"allow":["GET"]}}],"collection":[{"href":"https:\/\/www.3p-gmbh.de\/fr\/wp-json\/wp\/v2\/product"}],"about":[{"href":"https:\/\/www.3p-gmbh.de\/fr\/wp-json\/wp\/v2\/types\/product"}],"wp:featuredmedia":[{"embeddable":true,"href":"https:\/\/www.3p-gmbh.de\/fr\/wp-json\/wp\/v2\/media\/58166"}],"wp:attachment":[{"href":"https:\/\/www.3p-gmbh.de\/fr\/wp-json\/wp\/v2\/media?parent=90315"}],"wp:term":[{"taxonomy":"product_brand","embeddable":true,"href":"https:\/\/www.3p-gmbh.de\/fr\/wp-json\/wp\/v2\/product_brand?post=90315"},{"taxonomy":"product_cat","embeddable":true,"href":"https:\/\/www.3p-gmbh.de\/fr\/wp-json\/wp\/v2\/product_cat?post=90315"},{"taxonomy":"product_tag","embeddable":true,"href":"https:\/\/www.3p-gmbh.de\/fr\/wp-json\/wp\/v2\/product_tag?post=90315"}],"curies":[{"name":"wp","href":"https:\/\/api.w.org\/{rel}","templated":true}]}}