{"id":90309,"date":"2019-11-08T09:17:15","date_gmt":"2019-11-08T09:17:15","guid":{"rendered":"https:\/\/www.3p-gmbh.de\/produkt\/biluva-kl-2900-humidificateur-dair-froid\/"},"modified":"2019-11-08T09:17:15","modified_gmt":"2019-11-08T09:17:15","slug":"biluva-kl-2900-humidificateur-a-froid","status":"publish","type":"product","link":"https:\/\/www.3p-gmbh.de\/fr\/produkt\/biluva-kl-2900-humidificateur-a-froid\/","title":{"rendered":"BiLuVa KL-2900 Humidificateur d&rsquo;air froid"},"content":{"rendered":"<p>L&rsquo;humidification de l&rsquo;air froid par des installations d&rsquo;humidification de l&rsquo;air est indispensable dans le traitement du papier et dans de nombreux autres domaines industriels.<\/p>\n<p>convient pour un volume de pi\u00e8ce de 2900 m\u00b3 maximum<br \/>\nincl. Echange d&rsquo;air<\/p>\n<p>PxHxL (mm) : 850 x 530 x 800<\/p>\n<p>Donn\u00e9es \u00e9lectriques :<br \/>\n230 watts<br \/>\n230 V \/ 50 Hz, 1,1 A (bri\u00e8vement 16 A)<\/p>\n<p>Poids sec\/humide : 46\/52 kg<\/p>\n<p>Humidificateurs d&rsquo;air froid : la derni\u00e8re technologie de la maison Binder<br \/>\nApr\u00e8s une observation intensive du march\u00e9, nous avons d\u00e9velopp\u00e9 un tout nouveau syst\u00e8me pour les installations d&rsquo;humidification de l&rsquo;air dans l&rsquo;industrie et le commerce :<br \/>\nHumidification de l&rsquo;air par \u00e9vaporation \u00e0 froid &#8211; un proc\u00e9d\u00e9 naturel d&rsquo;augmentation de l&rsquo;humidit\u00e9 de l&rsquo;air qui fonctionne avec de l&rsquo;eau potable de qualit\u00e9, c&rsquo;est-\u00e0-dire sans le montage pr\u00e9alable d&rsquo;un adoucisseur d&rsquo;eau.<\/p>\n<p>Avantages pour le client :<\/p>\n<ul>\n<li>Extr\u00eamement compact et performant<\/li>\n<li>Pas de risque de sursaturation de l&rsquo;air<\/li>\n<li>Faibles co\u00fbts d&rsquo;exploitation<\/li>\n<li>Remplacement automatique r\u00e9gulier de l&rsquo;eau<\/li>\n<li>Syst\u00e8me d&rsquo;humidification \u00e0 commande num\u00e9rique<\/li>\n<li>S\u00fbr et hygi\u00e9nique, rafra\u00eechissant et nettoyant<\/li>\n<li>Faible niveau de bruit<\/li>\n<li>Facile \u00e0 utiliser<\/li>\n<li>Facile \u00e0 installer partout<\/li>\n<li>s\u00e9curit\u00e9 contr\u00f4l\u00e9e GS \/ DGUV<\/li>\n<\/ul>\n","protected":false},"excerpt":{"rendered":"<p>L&rsquo;humidification de l&rsquo;air froid par des installations d&rsquo;humidification de l&rsquo;air est indispensable dans le traitement du papier et dans de nombreux autres domaines industriels. convient pour un volume de pi\u00e8ce de 2900 m\u00b3 maximum incl. Echange d&rsquo;air PxHxL (mm) : 850 x 530 x 800 Donn\u00e9es \u00e9lectriques : 230 watts 230 V \/ 50 Hz, [&hellip;]<\/p>\n","protected":false},"featured_media":58155,"template":"","meta":[],"product_brand":[],"product_cat":[2941],"product_tag":[],"class_list":{"0":"post-90309","1":"product","2":"type-product","3":"status-publish","4":"has-post-thumbnail","6":"product_cat-autres-machines-et-installations","7":"pa_hersteller-biluva","8":"pa_typ-kl-2900","10":"first","11":"instock","12":"taxable","13":"shipping-taxable","14":"purchasable","15":"product-type-simple"},"jetpack_sharing_enabled":true,"_links":{"self":[{"href":"https:\/\/www.3p-gmbh.de\/fr\/wp-json\/wp\/v2\/product\/90309","targetHints":{"allow":["GET"]}}],"collection":[{"href":"https:\/\/www.3p-gmbh.de\/fr\/wp-json\/wp\/v2\/product"}],"about":[{"href":"https:\/\/www.3p-gmbh.de\/fr\/wp-json\/wp\/v2\/types\/product"}],"wp:featuredmedia":[{"embeddable":true,"href":"https:\/\/www.3p-gmbh.de\/fr\/wp-json\/wp\/v2\/media\/58155"}],"wp:attachment":[{"href":"https:\/\/www.3p-gmbh.de\/fr\/wp-json\/wp\/v2\/media?parent=90309"}],"wp:term":[{"taxonomy":"product_brand","embeddable":true,"href":"https:\/\/www.3p-gmbh.de\/fr\/wp-json\/wp\/v2\/product_brand?post=90309"},{"taxonomy":"product_cat","embeddable":true,"href":"https:\/\/www.3p-gmbh.de\/fr\/wp-json\/wp\/v2\/product_cat?post=90309"},{"taxonomy":"product_tag","embeddable":true,"href":"https:\/\/www.3p-gmbh.de\/fr\/wp-json\/wp\/v2\/product_tag?post=90309"}],"curies":[{"name":"wp","href":"https:\/\/api.w.org\/{rel}","templated":true}]}}