{"id":90305,"date":"2019-11-08T09:03:47","date_gmt":"2019-11-08T09:03:47","guid":{"rendered":"https:\/\/www.3p-gmbh.de\/produkt\/artecc-ak-25-aspiration-de-copeaux-et-de-bandes-avec-presse\/"},"modified":"2019-11-08T09:03:47","modified_gmt":"2019-11-08T09:03:47","slug":"artecc-ak-25-spaene-aspiration-de-decoupage-de-bande-avec-presse","status":"publish","type":"product","link":"https:\/\/www.3p-gmbh.de\/fr\/produkt\/artecc-ak-25-spaene-aspiration-de-decoupage-de-bande-avec-presse\/","title":{"rendered":"Artecc AK 25 Aspiration de copeaux et de bandes avec presse"},"content":{"rendered":"<p>les d\u00e9chets sont contamin\u00e9s les cubes sont expuls\u00e9s du canal<\/p>\n","protected":false},"excerpt":{"rendered":"<p>les d\u00e9chets sont contamin\u00e9s les cubes sont expuls\u00e9s du canal<\/p>\n","protected":false},"featured_media":58152,"template":"","meta":[],"product_brand":[],"product_cat":[2886],"product_tag":[],"class_list":{"0":"post-90305","1":"product","2":"type-product","3":"status-publish","4":"has-post-thumbnail","6":"product_cat-accessoires-pour-plieuses","7":"pa_hersteller-artecc","8":"pa_typ-ak-25","10":"first","11":"instock","12":"taxable","13":"shipping-taxable","14":"purchasable","15":"product-type-simple"},"jetpack_sharing_enabled":true,"_links":{"self":[{"href":"https:\/\/www.3p-gmbh.de\/fr\/wp-json\/wp\/v2\/product\/90305","targetHints":{"allow":["GET"]}}],"collection":[{"href":"https:\/\/www.3p-gmbh.de\/fr\/wp-json\/wp\/v2\/product"}],"about":[{"href":"https:\/\/www.3p-gmbh.de\/fr\/wp-json\/wp\/v2\/types\/product"}],"wp:featuredmedia":[{"embeddable":true,"href":"https:\/\/www.3p-gmbh.de\/fr\/wp-json\/wp\/v2\/media\/58152"}],"wp:attachment":[{"href":"https:\/\/www.3p-gmbh.de\/fr\/wp-json\/wp\/v2\/media?parent=90305"}],"wp:term":[{"taxonomy":"product_brand","embeddable":true,"href":"https:\/\/www.3p-gmbh.de\/fr\/wp-json\/wp\/v2\/product_brand?post=90305"},{"taxonomy":"product_cat","embeddable":true,"href":"https:\/\/www.3p-gmbh.de\/fr\/wp-json\/wp\/v2\/product_cat?post=90305"},{"taxonomy":"product_tag","embeddable":true,"href":"https:\/\/www.3p-gmbh.de\/fr\/wp-json\/wp\/v2\/product_tag?post=90305"}],"curies":[{"name":"wp","href":"https:\/\/api.w.org\/{rel}","templated":true}]}}