{"id":90290,"date":"2019-11-11T10:08:30","date_gmt":"2019-11-11T10:08:30","guid":{"rendered":"https:\/\/www.3p-gmbh.de\/produkt\/jungheinrich-fourmi-jf\/"},"modified":"2019-11-11T10:08:30","modified_gmt":"2019-11-11T10:08:30","slug":"jungheinrich-ameise-jf","status":"publish","type":"product","link":"https:\/\/www.3p-gmbh.de\/fr\/produkt\/jungheinrich-ameise-jf\/","title":{"rendered":"Jungheinrich fourmi JF"},"content":{"rendered":"<p>-Transpalette \u00e0 ciseaux Ameise\u00ae avec timon Premium.<br \/>\n-capacit\u00e9 de charge 1000kg<br \/>\n-Levage manuel rapide, levage \u00e0 une hauteur ergonomique de 80 cm (bord sup\u00e9rieur de la fourche) au moyen &#8211; du timon\/de la p\u00e9dale.<br \/>\n&#8211; Abaissement d\u00e9licat.<\/p>\n<p>Les galets de fourche simples sont en nylon : ils roulent facilement et sont r\u00e9sistants \u00e0 l&rsquo;usure.<br \/>\nAngle de braquage 2 x 90\u00b0 : retournement ais\u00e9 du transpalette \u00e0 ciseaux<\/p>\n","protected":false},"excerpt":{"rendered":"<p>-Transpalette \u00e0 ciseaux Ameise\u00ae avec timon Premium. -capacit\u00e9 de charge 1000kg -Levage manuel rapide, levage \u00e0 une hauteur ergonomique de 80 cm (bord sup\u00e9rieur de la fourche) au moyen &#8211; du timon\/de la p\u00e9dale. &#8211; Abaissement d\u00e9licat. Les galets de fourche simples sont en nylon : ils roulent facilement et sont r\u00e9sistants \u00e0 l&rsquo;usure. Angle [&hellip;]<\/p>\n","protected":false},"featured_media":58233,"template":"","meta":[],"product_brand":[],"product_cat":[2857],"product_tag":[],"class_list":{"0":"post-90290","1":"product","2":"type-product","3":"status-publish","4":"has-post-thumbnail","6":"product_cat-chariots-de-manutention","7":"pa_hersteller-jungheinrich","8":"pa_typ-ameise-jf","10":"first","11":"instock","12":"taxable","13":"shipping-taxable","14":"purchasable","15":"product-type-simple"},"jetpack_sharing_enabled":true,"_links":{"self":[{"href":"https:\/\/www.3p-gmbh.de\/fr\/wp-json\/wp\/v2\/product\/90290","targetHints":{"allow":["GET"]}}],"collection":[{"href":"https:\/\/www.3p-gmbh.de\/fr\/wp-json\/wp\/v2\/product"}],"about":[{"href":"https:\/\/www.3p-gmbh.de\/fr\/wp-json\/wp\/v2\/types\/product"}],"wp:featuredmedia":[{"embeddable":true,"href":"https:\/\/www.3p-gmbh.de\/fr\/wp-json\/wp\/v2\/media\/58233"}],"wp:attachment":[{"href":"https:\/\/www.3p-gmbh.de\/fr\/wp-json\/wp\/v2\/media?parent=90290"}],"wp:term":[{"taxonomy":"product_brand","embeddable":true,"href":"https:\/\/www.3p-gmbh.de\/fr\/wp-json\/wp\/v2\/product_brand?post=90290"},{"taxonomy":"product_cat","embeddable":true,"href":"https:\/\/www.3p-gmbh.de\/fr\/wp-json\/wp\/v2\/product_cat?post=90290"},{"taxonomy":"product_tag","embeddable":true,"href":"https:\/\/www.3p-gmbh.de\/fr\/wp-json\/wp\/v2\/product_tag?post=90290"}],"curies":[{"name":"wp","href":"https:\/\/api.w.org\/{rel}","templated":true}]}}