{"id":90285,"date":"2019-11-08T13:42:23","date_gmt":"2019-11-08T13:42:23","guid":{"rendered":"https:\/\/www.3p-gmbh.de\/produkt\/wohlenberg-cut-tec-76-machine-a-decouper\/"},"modified":"2019-11-08T13:42:23","modified_gmt":"2019-11-08T13:42:23","slug":"wohlenberg-cut-tec-76-machine-de-coupe","status":"publish","type":"product","link":"https:\/\/www.3p-gmbh.de\/fr\/produkt\/wohlenberg-cut-tec-76-machine-de-coupe\/","title":{"rendered":"Wohlenberg cut-tec 76 Machine \u00e0 d\u00e9couper"},"content":{"rendered":"<p>largeur d&rsquo;insertion 76 cm<br \/>\nContr\u00f4le par ordinateur<br \/>\nTable \u00e0 air en acier<br \/>\nTables lat\u00e9rales a\u00e9riennes Stal<br \/>\n2 couteaux<\/p>\n","protected":false},"excerpt":{"rendered":"<p>largeur d&rsquo;insertion 76 cm Contr\u00f4le par ordinateur Table \u00e0 air en acier Tables lat\u00e9rales a\u00e9riennes Stal 2 couteaux<\/p>\n","protected":false},"featured_media":58204,"template":"","meta":[],"product_brand":[],"product_cat":[3016],"product_tag":[],"class_list":{"0":"post-90285","1":"product","2":"type-product","3":"status-publish","4":"has-post-thumbnail","6":"product_cat-machines-de-decoupe","7":"pa_hersteller-wohlenberg","8":"pa_typ-cut-tec-76","10":"first","11":"instock","12":"taxable","13":"shipping-taxable","14":"purchasable","15":"product-type-simple"},"jetpack_sharing_enabled":true,"_links":{"self":[{"href":"https:\/\/www.3p-gmbh.de\/fr\/wp-json\/wp\/v2\/product\/90285","targetHints":{"allow":["GET"]}}],"collection":[{"href":"https:\/\/www.3p-gmbh.de\/fr\/wp-json\/wp\/v2\/product"}],"about":[{"href":"https:\/\/www.3p-gmbh.de\/fr\/wp-json\/wp\/v2\/types\/product"}],"wp:featuredmedia":[{"embeddable":true,"href":"https:\/\/www.3p-gmbh.de\/fr\/wp-json\/wp\/v2\/media\/58204"}],"wp:attachment":[{"href":"https:\/\/www.3p-gmbh.de\/fr\/wp-json\/wp\/v2\/media?parent=90285"}],"wp:term":[{"taxonomy":"product_brand","embeddable":true,"href":"https:\/\/www.3p-gmbh.de\/fr\/wp-json\/wp\/v2\/product_brand?post=90285"},{"taxonomy":"product_cat","embeddable":true,"href":"https:\/\/www.3p-gmbh.de\/fr\/wp-json\/wp\/v2\/product_cat?post=90285"},{"taxonomy":"product_tag","embeddable":true,"href":"https:\/\/www.3p-gmbh.de\/fr\/wp-json\/wp\/v2\/product_tag?post=90285"}],"curies":[{"name":"wp","href":"https:\/\/api.w.org\/{rel}","templated":true}]}}