{"id":90272,"date":"2019-11-12T08:51:24","date_gmt":"2019-11-12T08:51:24","guid":{"rendered":"https:\/\/www.3p-gmbh.de\/produkt\/atlas-poinconneuse-hydraulique-a-bras-pivotant\/"},"modified":"2019-11-12T08:51:24","modified_gmt":"2019-11-12T08:51:24","slug":"poinconneuse-hydraulique-a-bras-pivotant-atlas","status":"publish","type":"product","link":"https:\/\/www.3p-gmbh.de\/fr\/produkt\/poinconneuse-hydraulique-a-bras-pivotant-atlas\/","title":{"rendered":"Atlas poin\u00e7onneuse hydraulique \u00e0 bras pivotant"},"content":{"rendered":"<p>dimensions de d\u00e9coupe 55 x 55 cm<br \/>\nLes poin\u00e7onneuses \u00e0 chargement manuel du mat\u00e9riau et de l&rsquo;outillage sont particuli\u00e8rement adapt\u00e9es aux lots de petite taille ou aux pi\u00e8ces de petites dimensions.<\/p>\n<p>surface de d\u00e9coupe pivotante<br \/>\nTable d&rsquo;appui env.50x100cm<\/p>\n","protected":false},"excerpt":{"rendered":"<p>dimensions de d\u00e9coupe 55 x 55 cm Les poin\u00e7onneuses \u00e0 chargement manuel du mat\u00e9riau et de l&rsquo;outillage sont particuli\u00e8rement adapt\u00e9es aux lots de petite taille ou aux pi\u00e8ces de petites dimensions. surface de d\u00e9coupe pivotante Table d&rsquo;appui env.50x100cm<\/p>\n","protected":false},"featured_media":58282,"template":"","meta":[],"product_brand":[],"product_cat":[2904],"product_tag":[],"class_list":{"0":"post-90272","1":"product","2":"type-product","3":"status-publish","4":"has-post-thumbnail","6":"product_cat-poinconnage","7":"pa_hersteller-atlas-copco","9":"first","10":"instock","11":"taxable","12":"shipping-taxable","13":"purchasable","14":"product-type-simple"},"jetpack_sharing_enabled":true,"_links":{"self":[{"href":"https:\/\/www.3p-gmbh.de\/fr\/wp-json\/wp\/v2\/product\/90272","targetHints":{"allow":["GET"]}}],"collection":[{"href":"https:\/\/www.3p-gmbh.de\/fr\/wp-json\/wp\/v2\/product"}],"about":[{"href":"https:\/\/www.3p-gmbh.de\/fr\/wp-json\/wp\/v2\/types\/product"}],"wp:featuredmedia":[{"embeddable":true,"href":"https:\/\/www.3p-gmbh.de\/fr\/wp-json\/wp\/v2\/media\/58282"}],"wp:attachment":[{"href":"https:\/\/www.3p-gmbh.de\/fr\/wp-json\/wp\/v2\/media?parent=90272"}],"wp:term":[{"taxonomy":"product_brand","embeddable":true,"href":"https:\/\/www.3p-gmbh.de\/fr\/wp-json\/wp\/v2\/product_brand?post=90272"},{"taxonomy":"product_cat","embeddable":true,"href":"https:\/\/www.3p-gmbh.de\/fr\/wp-json\/wp\/v2\/product_cat?post=90272"},{"taxonomy":"product_tag","embeddable":true,"href":"https:\/\/www.3p-gmbh.de\/fr\/wp-json\/wp\/v2\/product_tag?post=90272"}],"curies":[{"name":"wp","href":"https:\/\/api.w.org\/{rel}","templated":true}]}}