{"id":90250,"date":"2021-01-28T14:29:31","date_gmt":"2021-01-28T14:29:31","guid":{"rendered":"https:\/\/www.3p-gmbh.de\/produkt\/herzog-heymann-plieuse-mobile-a-hauteur-reglable-pour-cartes-geographiques-ou-pharma-zehn-plieuse-de-poche-hh-m-7-35-10\/"},"modified":"2021-01-28T14:29:31","modified_gmt":"2021-01-28T14:29:31","slug":"mobile-reglable-en-hauteur-10-poche-plieuse-herzog-heymann-m-7-35-10","status":"publish","type":"product","link":"https:\/\/www.3p-gmbh.de\/fr\/produkt\/mobile-reglable-en-hauteur-10-poche-plieuse-herzog-heymann-m-7-35-10\/","title":{"rendered":"Herzog &amp; Heymann Plieuse mobile \u00e0 hauteur r\u00e9glable pour cartes g\u00e9ographiques ou Pharma Zehn &#8211; Plieuse de poche H&amp;H M 7.35-10"},"content":{"rendered":"<div><strong><span style=\"font-family: Arial; font-size: medium;\">Herzog &amp; Heymann<\/span><\/strong><span style=\"font-family: Arial; font-size: medium;\"><br \/>\n<\/span><\/div>\n<div><span style=\"font-family: Arial; font-size: medium;\">Plieuse \u00e0 poches mobile, r\u00e9glable en hauteur 10 M 7.35-10<\/span><\/div>\n<div><span style=\"font-family: Arial; font-size: medium;\">de l&rsquo;ann\u00e9e 2006<\/span><\/div>\n<div><span style=\"font-family: Arial; font-size: medium;\"> <\/span><\/div>\n<div>-MC Autocontr\u00f4le<\/div>\n<div>-Table d&rsquo;introduction \u00e0 rouleaux inclin\u00e9s avec but\u00e9e de r\u00e8gle comme 3e station<\/div>\n<div><span style=\"font-family: Arial; font-size: medium;\">-10 poches de pliage avec largeur d&rsquo;entr\u00e9e de 760mm<\/span><\/div>\n<div><span style=\"font-family: Arial; font-size: medium;\">&#8211;<\/span><span style=\"font-family: Arial; font-size: medium;\">le petit diam\u00e8tre de pliage de 35 mm est id\u00e9al pour les petits plis de 30 mm<\/span><\/div>\n<div><span style=\"font-family: Arial; font-size: medium;\">-r\u00e9glable en hauteur par moteur<\/span><\/div>\n<div><span style=\"font-family: Arial; font-size: medium;\">-arbre \u00e0 couteaux \u00e0 double palier<\/span><\/div>\n<div>-protection contre le bruit<\/div>\n","protected":false},"excerpt":{"rendered":"<p>Herzog &amp; Heymann Plieuse \u00e0 poches mobile, r\u00e9glable en hauteur 10 M 7.35-10 de l&rsquo;ann\u00e9e 2006 -MC Autocontr\u00f4le -Table d&rsquo;introduction \u00e0 rouleaux inclin\u00e9s avec but\u00e9e de r\u00e8gle comme 3e station -10 poches de pliage avec largeur d&rsquo;entr\u00e9e de 760mm &#8211;le petit diam\u00e8tre de pliage de 35 mm est id\u00e9al pour les petits plis de 30 [&hellip;]<\/p>\n","protected":false},"featured_media":59709,"template":"","meta":[],"product_brand":[],"product_cat":[2924],"product_tag":[],"class_list":{"0":"post-90250","1":"product","2":"type-product","3":"status-publish","4":"has-post-thumbnail","6":"product_cat-plieuses","7":"pa_hersteller-herzog-heymann","8":"pa_typ-m-7-35-10","10":"first","11":"instock","12":"taxable","13":"shipping-taxable","14":"product-type-simple"},"jetpack_sharing_enabled":true,"_links":{"self":[{"href":"https:\/\/www.3p-gmbh.de\/fr\/wp-json\/wp\/v2\/product\/90250","targetHints":{"allow":["GET"]}}],"collection":[{"href":"https:\/\/www.3p-gmbh.de\/fr\/wp-json\/wp\/v2\/product"}],"about":[{"href":"https:\/\/www.3p-gmbh.de\/fr\/wp-json\/wp\/v2\/types\/product"}],"wp:featuredmedia":[{"embeddable":true,"href":"https:\/\/www.3p-gmbh.de\/fr\/wp-json\/wp\/v2\/media\/59709"}],"wp:attachment":[{"href":"https:\/\/www.3p-gmbh.de\/fr\/wp-json\/wp\/v2\/media?parent=90250"}],"wp:term":[{"taxonomy":"product_brand","embeddable":true,"href":"https:\/\/www.3p-gmbh.de\/fr\/wp-json\/wp\/v2\/product_brand?post=90250"},{"taxonomy":"product_cat","embeddable":true,"href":"https:\/\/www.3p-gmbh.de\/fr\/wp-json\/wp\/v2\/product_cat?post=90250"},{"taxonomy":"product_tag","embeddable":true,"href":"https:\/\/www.3p-gmbh.de\/fr\/wp-json\/wp\/v2\/product_tag?post=90250"}],"curies":[{"name":"wp","href":"https:\/\/api.w.org\/{rel}","templated":true}]}}