{"id":90246,"date":"2021-01-28T15:29:08","date_gmt":"2021-01-28T15:29:08","guid":{"rendered":"https:\/\/www.3p-gmbh.de\/produkt\/straffpacker-kallfass-superwrap-650-avec-tunel-de-retraction-kallfass-universal-650-hv\/"},"modified":"2021-01-28T15:29:08","modified_gmt":"2021-01-28T15:29:08","slug":"straffpacker-kallfass-superwrap-650-avec-kallfass-retractable-tunel-universel-650-hv","status":"publish","type":"product","link":"https:\/\/www.3p-gmbh.de\/fr\/produkt\/straffpacker-kallfass-superwrap-650-avec-kallfass-retractable-tunel-universel-650-hv\/","title":{"rendered":"Straffpacker Kallfass Superwrap 650 avec tunel de r\u00e9traction Kallfass Universal 650 HV"},"content":{"rendered":"<div><span style=\"font-family: Arial;\"><span style=\"color: #008000;\"><strong>fardeleuse enti\u00e8rement automatique Kallfass Superwrap 650 Inline avec tunnel de r\u00e9traction Universal 650 HV avec refroidissement apr\u00e8s la r\u00e9traction<\/strong><\/span><\/span><\/div>\n<div><span style=\"color: #008000; font-family: Arial;\"><strong>de l&rsquo;ann\u00e9e 2004<\/strong><\/span><span style=\"font-family: Arial;\"><span style=\"color: #008000;\"><strong><br \/>\n<\/strong><\/span><\/span><\/div>\n<div><span style=\"font-family: Arial;\">Avec de multiples possibilit\u00e9s d&rsquo;utilisation Bocaux, bo\u00eetes, boxes, conserves, piles de produits et emballages de produits avec ou sans plateau<\/span><\/div>\n<div><span style=\"font-family: Arial;\">sont entre de bonnes mains avec le Super Wrap.<\/span><\/div>\n<div><span style=\"font-family: Arial;\">La banderoleuse convainc en outre par sa rapidit\u00e9 et sa fiabilit\u00e9.<\/span><\/div>\n<div><span style=\"font-family: Arial;\">Donn\u00e9es techniques :<\/span><\/div>\n<div><\/div>\n<div><span style=\"font-family: Arial;\">Type d&#8217;emballage : banderole en film<br \/>\nCapacit\u00e9 d&#8217;emballage : jusqu&rsquo;\u00e0 15 cycles\/minute<br \/>\nPlage de formats : Largeur de passage : 650 mm<br \/>\nhauteur de passage, r\u00e9glable : 100 &#8211; 400 mm<\/span><\/div>\n<div><\/div>\n<div><a href=\"https:\/\/www.3p-gmbh.de\/wp-content\/uploads\/2021\/01\/Kallfass-SuperWrap.pdf\">Kallfass SuperWrap<\/a><\/div>\n","protected":false},"excerpt":{"rendered":"<p>fardeleuse enti\u00e8rement automatique Kallfass Superwrap 650 Inline avec tunnel de r\u00e9traction Universal 650 HV avec refroidissement apr\u00e8s la r\u00e9traction de l&rsquo;ann\u00e9e 2004 Avec de multiples possibilit\u00e9s d&rsquo;utilisation Bocaux, bo\u00eetes, boxes, conserves, piles de produits et emballages de produits avec ou sans plateau sont entre de bonnes mains avec le Super Wrap. La banderoleuse convainc en [&hellip;]<\/p>\n","protected":false},"featured_media":59736,"template":"","meta":[],"product_brand":[],"product_cat":[3024],"product_tag":[],"class_list":{"0":"post-90246","1":"product","2":"type-product","3":"status-publish","4":"has-post-thumbnail","6":"product_cat-emballage-sous-film-et-tenseur","7":"pa_hersteller-kallfass","8":"pa_typ-superwrap-650-mit-standard-650-n","10":"first","11":"instock","12":"taxable","13":"shipping-taxable","14":"product-type-simple"},"jetpack_sharing_enabled":true,"_links":{"self":[{"href":"https:\/\/www.3p-gmbh.de\/fr\/wp-json\/wp\/v2\/product\/90246","targetHints":{"allow":["GET"]}}],"collection":[{"href":"https:\/\/www.3p-gmbh.de\/fr\/wp-json\/wp\/v2\/product"}],"about":[{"href":"https:\/\/www.3p-gmbh.de\/fr\/wp-json\/wp\/v2\/types\/product"}],"wp:featuredmedia":[{"embeddable":true,"href":"https:\/\/www.3p-gmbh.de\/fr\/wp-json\/wp\/v2\/media\/59736"}],"wp:attachment":[{"href":"https:\/\/www.3p-gmbh.de\/fr\/wp-json\/wp\/v2\/media?parent=90246"}],"wp:term":[{"taxonomy":"product_brand","embeddable":true,"href":"https:\/\/www.3p-gmbh.de\/fr\/wp-json\/wp\/v2\/product_brand?post=90246"},{"taxonomy":"product_cat","embeddable":true,"href":"https:\/\/www.3p-gmbh.de\/fr\/wp-json\/wp\/v2\/product_cat?post=90246"},{"taxonomy":"product_tag","embeddable":true,"href":"https:\/\/www.3p-gmbh.de\/fr\/wp-json\/wp\/v2\/product_tag?post=90246"}],"curies":[{"name":"wp","href":"https:\/\/api.w.org\/{rel}","templated":true}]}}