{"id":90223,"date":"2021-01-28T16:04:44","date_gmt":"2021-01-28T16:04:44","guid":{"rendered":"https:\/\/www.3p-gmbh.de\/produkt\/plieuse-de-cartes-geographiques-herzog-heymann-m7-10-35-m7-4-58-margeur-a-pile-plate-mbo-f-76-solo-sortie-mobile-de-feuilles-debout-371\/"},"modified":"2021-01-28T16:04:44","modified_gmt":"2021-01-28T16:04:44","slug":"plieuse-de-cartes-geographiques-herzog-heymann-m7-10-35-m7-4-58-applicateur-de-piles-plates-mbo-f-76-solo-mobile-sortie-de-feuilles-debout-371","status":"publish","type":"product","link":"https:\/\/www.3p-gmbh.de\/fr\/produkt\/plieuse-de-cartes-geographiques-herzog-heymann-m7-10-35-m7-4-58-applicateur-de-piles-plates-mbo-f-76-solo-mobile-sortie-de-feuilles-debout-371\/","title":{"rendered":"Plieuse de cartes g\u00e9ographiques Herzog &amp; Heymann M7.10-35 + M7.4-58 + margeur \u00e0 pile plate MBO F 76 Solo &#8211; sortie mobile de feuilles debout 371"},"content":{"rendered":"<div><span style=\"color: #0000ff; font-family: Arial;\"><strong>Plieuse de cartes g\u00e9ographiques Herzog &amp; Heymann M7.10-35 + M7.4-58 + margeur \u00e0 pile plate MBO F 76 Solo &#8211; sortie mobile de feuilles debout 371<\/strong><\/span><\/div>\n<div><span style=\"color: #0000ff; font-family: Arial;\"><strong>Ann\u00e9e de construction 2006<\/strong><\/span><\/div>\n<div><\/div>\n<div><span style=\"font-family: Arial;\">Margeur \u00e0 pile plate MBO F 76 Solo<\/span><\/div>\n<div><span style=\"font-family: Arial;\">Format : max.760&#215;1020 mm<\/span><\/div>\n<div><span style=\"font-family: Arial;\">Hauteur de la pile : 600mm<\/span><\/div>\n<div><span style=\"font-family: Arial;\">Poids de pile max. 1500kg<\/span><\/div>\n<div><span style=\"font-family: Arial;\">tension de r\u00e9seau : 230\/400 V\/50 Hz<\/span><\/div>\n<div><span style=\"font-family: Arial;\">Tension de commande : 24 V, DC<\/span><\/div>\n<div><span style=\"font-family: Arial;\">Pompe \u00e0 pression et \u00e0 vide<\/span><\/div>\n<div><\/div>\n<div><span style=\"color: #ff0000;\"><span style=\"font-family: Arial;\">1er groupe de pliage Herzog &amp; Heymann M7-35 <\/span><span style=\"font-family: Arial;\">avec 10 poches de pliage Largeur d&rsquo;entr\u00e9e 76cm<\/span><\/span><\/div>\n<div><span style=\"font-family: Arial;\">diam\u00e8tre du rouleau 35mm, plus petit pli 30mm<\/span><\/div>\n<div><span style=\"font-family: Arial;\">arbres \u00e0 lames en aval<\/span><\/div>\n<div><span style=\"font-family: Arial;\">Protection contre le bruit<\/span><\/div>\n<div><\/div>\n<div><span style=\"color: #ff0000; font-family: Arial;\">table de chevauchement \u00e0 accrocher 830<\/span><\/div>\n<div><\/div>\n<div><span style=\"font-family: Arial;\"><span style=\"color: #ff0000;\">2\u00e8me plieuse mobile Herzog &amp; Heymann M7-58.2<\/span><br \/>\navec 2 poches de pliage largeur d&rsquo;entr\u00e9e 56cm<\/span><\/div>\n<div><span style=\"font-family: Arial;\">double arbre de coupe en aval<\/span><\/div>\n<div><span style=\"font-family: Arial;\">Protection contre le bruit<\/span><\/div>\n<div><\/div>\n<div>\n<div><span style=\"color: #ff0000; font-family: Arial;\">table de transfert mobile 830<\/span><\/div>\n<div><\/div>\n<\/div>\n<div><span style=\"font-family: Arial;\"><span style=\"color: #ff0000;\">sortie d&rsquo;arc debout mobile et r\u00e9glable en hauteur 371<\/span><\/span><\/div>\n","protected":false},"excerpt":{"rendered":"<p>Plieuse de cartes g\u00e9ographiques Herzog &amp; Heymann M7.10-35 + M7.4-58 + margeur \u00e0 pile plate MBO F 76 Solo &#8211; sortie mobile de feuilles debout 371 Ann\u00e9e de construction 2006 Margeur \u00e0 pile plate MBO F 76 Solo Format : max.760&#215;1020 mm Hauteur de la pile : 600mm Poids de pile max. 1500kg tension de [&hellip;]<\/p>\n","protected":false},"featured_media":59771,"template":"","meta":[],"product_brand":[],"product_cat":[2984],"product_tag":[],"class_list":{"0":"post-90223","1":"product","2":"type-product","3":"status-publish","4":"has-post-thumbnail","6":"product_cat-plieuses-fr","7":"pa_hersteller-herzog-heymann","8":"pa_typ-2111","9":"pa_typ-f-76-solo","10":"pa_typ-m7-10-35","11":"pa_typ-m7-4-58","13":"first","14":"instock","15":"taxable","16":"shipping-taxable","17":"product-type-simple"},"jetpack_sharing_enabled":true,"_links":{"self":[{"href":"https:\/\/www.3p-gmbh.de\/fr\/wp-json\/wp\/v2\/product\/90223","targetHints":{"allow":["GET"]}}],"collection":[{"href":"https:\/\/www.3p-gmbh.de\/fr\/wp-json\/wp\/v2\/product"}],"about":[{"href":"https:\/\/www.3p-gmbh.de\/fr\/wp-json\/wp\/v2\/types\/product"}],"wp:featuredmedia":[{"embeddable":true,"href":"https:\/\/www.3p-gmbh.de\/fr\/wp-json\/wp\/v2\/media\/59771"}],"wp:attachment":[{"href":"https:\/\/www.3p-gmbh.de\/fr\/wp-json\/wp\/v2\/media?parent=90223"}],"wp:term":[{"taxonomy":"product_brand","embeddable":true,"href":"https:\/\/www.3p-gmbh.de\/fr\/wp-json\/wp\/v2\/product_brand?post=90223"},{"taxonomy":"product_cat","embeddable":true,"href":"https:\/\/www.3p-gmbh.de\/fr\/wp-json\/wp\/v2\/product_cat?post=90223"},{"taxonomy":"product_tag","embeddable":true,"href":"https:\/\/www.3p-gmbh.de\/fr\/wp-json\/wp\/v2\/product_tag?post=90223"}],"curies":[{"name":"wp","href":"https:\/\/api.w.org\/{rel}","templated":true}]}}