{"id":90207,"date":"2021-02-07T13:57:10","date_gmt":"2021-02-07T13:57:10","guid":{"rendered":"https:\/\/www.3p-gmbh.de\/produkt\/graphic-whizard-creasemaster-plus-machine-automatique-a-rainurer-fendre-rainer-et-perforer\/"},"modified":"2021-02-07T13:57:10","modified_gmt":"2021-02-07T13:57:10","slug":"graphic-whizard-creasemaster-plus-automatique-rainure-fente-et-perforation","status":"publish","type":"product","link":"https:\/\/www.3p-gmbh.de\/fr\/produkt\/graphic-whizard-creasemaster-plus-automatique-rainure-fente-et-perforation\/","title":{"rendered":"Graphic Whizard CreaseMaster Plus &#8211; Machine automatique \u00e0 rainurer, fendre, rainer et perforer"},"content":{"rendered":"<p><span style=\"color: #0000ff;\"><strong>Graphic Whizard CreaseMaster Plus<br \/>\nde l&rsquo;ann\u00e9e 2014<\/strong><\/span><\/p>\n<p><strong>machine automatique \u00e0 rainurer, fendre, rainer et perforer<\/strong><\/p>\n<p>grammage 45-385 grammes<br \/>\nFormats de papier max. 45,7 x65cm et min. 7,6 x12,7cm<br \/>\nderni\u00e8re rainure possible jusqu&rsquo;\u00e0 70cm<\/p>\n<p>&#8211; \u00c9cran tactile avec 20 programmes pouvant \u00eatre m\u00e9moris\u00e9s avec jusqu&rsquo;\u00e0 10 rainures<\/p>\n<p>&#8211; avec margeur d&rsquo;air aspir\u00e9 sous le plancher<\/p>\n<p>&#8211; avec une t\u00eate de perforation pneumatique pour des perforations synchronis\u00e9es dans le sens de d\u00e9filement des feuilles<br \/>\nid\u00e9al pour la fabrication de cartes-r\u00e9ponses \u00e0 d\u00e9tacher<\/p>\n<p>&#8211; deux poutres pneumatiques parall\u00e8les (traverses) pour le rainurage, le rainage, la perforation ou la microperforation<br \/>\net 4 porte-outils<\/p>\n<p>Attention : le raccordement \u00e0 l&rsquo;air comprim\u00e9 doit \u00eatre effectu\u00e9 par le client.<\/p>\n","protected":false},"excerpt":{"rendered":"<p>Graphic Whizard CreaseMaster Plus de l&rsquo;ann\u00e9e 2014 machine automatique \u00e0 rainurer, fendre, rainer et perforer grammage 45-385 grammes Formats de papier max. 45,7 x65cm et min. 7,6 x12,7cm derni\u00e8re rainure possible jusqu&rsquo;\u00e0 70cm &#8211; \u00c9cran tactile avec 20 programmes pouvant \u00eatre m\u00e9moris\u00e9s avec jusqu&rsquo;\u00e0 10 rainures &#8211; avec margeur d&rsquo;air aspir\u00e9 sous le plancher &#8211; [&hellip;]<\/p>\n","protected":false},"featured_media":59833,"template":"","meta":[],"product_brand":[],"product_cat":[2961],"product_tag":[],"class_list":{"0":"post-90207","1":"product","2":"type-product","3":"status-publish","4":"has-post-thumbnail","6":"product_cat-machines-a-rainurer-et-a-perforer","7":"pa_hersteller-graphic-whizard","8":"pa_typ-creasemaster-plus","10":"first","11":"instock","12":"taxable","13":"shipping-taxable","14":"product-type-simple"},"jetpack_sharing_enabled":true,"_links":{"self":[{"href":"https:\/\/www.3p-gmbh.de\/fr\/wp-json\/wp\/v2\/product\/90207","targetHints":{"allow":["GET"]}}],"collection":[{"href":"https:\/\/www.3p-gmbh.de\/fr\/wp-json\/wp\/v2\/product"}],"about":[{"href":"https:\/\/www.3p-gmbh.de\/fr\/wp-json\/wp\/v2\/types\/product"}],"wp:featuredmedia":[{"embeddable":true,"href":"https:\/\/www.3p-gmbh.de\/fr\/wp-json\/wp\/v2\/media\/59833"}],"wp:attachment":[{"href":"https:\/\/www.3p-gmbh.de\/fr\/wp-json\/wp\/v2\/media?parent=90207"}],"wp:term":[{"taxonomy":"product_brand","embeddable":true,"href":"https:\/\/www.3p-gmbh.de\/fr\/wp-json\/wp\/v2\/product_brand?post=90207"},{"taxonomy":"product_cat","embeddable":true,"href":"https:\/\/www.3p-gmbh.de\/fr\/wp-json\/wp\/v2\/product_cat?post=90207"},{"taxonomy":"product_tag","embeddable":true,"href":"https:\/\/www.3p-gmbh.de\/fr\/wp-json\/wp\/v2\/product_tag?post=90207"}],"curies":[{"name":"wp","href":"https:\/\/api.w.org\/{rel}","templated":true}]}}