{"id":90199,"date":"2021-02-15T10:03:14","date_gmt":"2021-02-15T10:03:14","guid":{"rendered":"https:\/\/www.3p-gmbh.de\/produkt\/ligne-de-cuisson-de-plaques-dimpression-technografica-highspeed-diamant-1550\/"},"modified":"2021-02-15T10:03:14","modified_gmt":"2021-02-15T10:03:14","slug":"technografica-highspeed-plaques-dimpression-cuisson-en-ligne-diamant-1550","status":"publish","type":"product","link":"https:\/\/www.3p-gmbh.de\/fr\/produkt\/technografica-highspeed-plaques-dimpression-cuisson-en-ligne-diamant-1550\/","title":{"rendered":"Ligne de cuisson de plaques d&rsquo;impression Technografica HighSpeed Diamant 1550"},"content":{"rendered":"<p><strong>Ligne de cuisson de plaques d&rsquo;impression Technografica HighSpeed Diamant 1550<\/strong><br \/>\n<strong>de l&rsquo;ann\u00e9e 2007<\/strong><\/p>\n<div>\n<p>max. Largeur d&rsquo;entr\u00e9e 1550mm<\/p>\n<p><em>compos\u00e9 de<\/em><\/p>\n<ul>\n<li>Table d&rsquo;entr\u00e9e avec renvoi d&rsquo;angle \u00e0 90<\/li>\n<li>Machine \u00e0 d\u00e9velopper HighSpeed TPP 1550<\/li>\n<li>Table de transport interm\u00e9diaire<\/li>\n<li>Four de cuisson HighSpeed EBO Diamant 1550<\/li>\n<li>Table de transport interm\u00e9diaire<\/li>\n<li>HighSpeed SBG Diamant 1550<\/li>\n<li>Taqueuse de tri<\/li>\n<\/ul>\n<\/div>\n","protected":false},"excerpt":{"rendered":"<p>Ligne de cuisson de plaques d&rsquo;impression Technografica HighSpeed Diamant 1550 de l&rsquo;ann\u00e9e 2007 max. Largeur d&rsquo;entr\u00e9e 1550mm compos\u00e9 de Table d&rsquo;entr\u00e9e avec renvoi d&rsquo;angle \u00e0 90 Machine \u00e0 d\u00e9velopper HighSpeed TPP 1550 Table de transport interm\u00e9diaire Four de cuisson HighSpeed EBO Diamant 1550 Table de transport interm\u00e9diaire HighSpeed SBG Diamant 1550 Taqueuse de tri<\/p>\n","protected":false},"featured_media":59881,"template":"","meta":[],"product_brand":[],"product_cat":[2995],"product_tag":[],"class_list":{"0":"post-90199","1":"product","2":"type-product","3":"status-publish","4":"has-post-thumbnail","6":"product_cat-traitement-des-plaques-dimpression-fr","7":"pa_hersteller-technografica","8":"pa_typ-diamant-1550","10":"first","11":"instock","12":"taxable","13":"shipping-taxable","14":"product-type-simple"},"jetpack_sharing_enabled":true,"_links":{"self":[{"href":"https:\/\/www.3p-gmbh.de\/fr\/wp-json\/wp\/v2\/product\/90199","targetHints":{"allow":["GET"]}}],"collection":[{"href":"https:\/\/www.3p-gmbh.de\/fr\/wp-json\/wp\/v2\/product"}],"about":[{"href":"https:\/\/www.3p-gmbh.de\/fr\/wp-json\/wp\/v2\/types\/product"}],"wp:featuredmedia":[{"embeddable":true,"href":"https:\/\/www.3p-gmbh.de\/fr\/wp-json\/wp\/v2\/media\/59881"}],"wp:attachment":[{"href":"https:\/\/www.3p-gmbh.de\/fr\/wp-json\/wp\/v2\/media?parent=90199"}],"wp:term":[{"taxonomy":"product_brand","embeddable":true,"href":"https:\/\/www.3p-gmbh.de\/fr\/wp-json\/wp\/v2\/product_brand?post=90199"},{"taxonomy":"product_cat","embeddable":true,"href":"https:\/\/www.3p-gmbh.de\/fr\/wp-json\/wp\/v2\/product_cat?post=90199"},{"taxonomy":"product_tag","embeddable":true,"href":"https:\/\/www.3p-gmbh.de\/fr\/wp-json\/wp\/v2\/product_tag?post=90199"}],"curies":[{"name":"wp","href":"https:\/\/api.w.org\/{rel}","templated":true}]}}