{"id":90197,"date":"2021-02-15T09:51:44","date_gmt":"2021-02-15T09:51:44","guid":{"rendered":"https:\/\/www.3p-gmbh.de\/produkt\/bacciotini-pit-stop-mini-36-binderhaus-r-36-machine-automatique-a-rainurer-rainer-et-perforer\/"},"modified":"2021-02-15T09:51:44","modified_gmt":"2021-02-15T09:51:44","slug":"bacciotini-pit-stop-mini-36-binderhaus-r-36-automatique-rainureuse-et-perforatrice","status":"publish","type":"product","link":"https:\/\/www.3p-gmbh.de\/fr\/produkt\/bacciotini-pit-stop-mini-36-binderhaus-r-36-automatique-rainureuse-et-perforatrice\/","title":{"rendered":"Bacciotini Pit Stop Mini 36 \/ Binderhaus R 36 machine automatique \u00e0 rainurer, rainer et perforer"},"content":{"rendered":"<div><span style=\"font-family: Arial;\"><span style=\"color: #0000ff;\"><span style=\"font-size: large;\"><strong>Bacciotini Pit Stop Mini 36<\/strong><\/span><\/span><\/span><\/div>\n<div><span style=\"font-family: Arial;\"><span style=\"color: #0000ff;\"><span style=\"font-size: large;\"><strong>de l&rsquo;ann\u00e9e 2009<br \/>\nOEM Binderhaus R 36 Machine \u00e0 rainurer &amp; perforer<br \/>\navec 3 outils interchangeables pour le rainurage \/ le rainage, la perforation et la microperforation<\/strong><\/span><\/span><\/span><\/div>\n<div><span style=\"font-size: large;\"><span style=\"color: #ff0000; font-family: Arial;\">   <\/span><br \/>\n<\/span><span style=\"font-family: Arial; font-size: large;\">Mod\u00e8le d&rsquo;entr\u00e9e de gamme pour le rainurage, le rainage, la perforation et la microperforation jusqu&rsquo;\u00e0 36 cm de large.<br \/>\nLe margeur \u00e0 succion offre une capacit\u00e9 allant jusqu&rsquo;\u00e0 50 mm et s\u00e9pare \u00e9galement les impressions num\u00e9riques et offset sensibles en toute s\u00e9curit\u00e9 et avec m\u00e9nagement.<br \/>\nLa rainureuse traite des feuilles d&rsquo;une largeur maximale de 36 cm pour une longueur de feuille maximale de 200 cm.<br \/>\nIl est possible de r\u00e9aliser jusqu&rsquo;\u00e0 20 rainures ou cannelures par feuille.<br \/>\nLa pr\u00e9cision de positionnement est de 0,1 mm.<\/span><\/div>\n<div>\n<p><span style=\"font-family: Arial; font-size: large;\">Rainurage \u00e0 6.500 heures<\/span><\/p>\n<p>Pour l&rsquo;impression num\u00e9rique, l&rsquo;impression offset et la reliure avec de petits tirages ou des tirages changeant fr\u00e9quemment, la raineuse R36 est id\u00e9ale gr\u00e2ce \u00e0<\/p>\n<\/div>\n<div><span style=\"font-family: Arial;\"><span style=\"font-size: large;\">leur faible temps de mise en place d&rsquo;environ une minute seulement est optimal.<br \/>\nUn changement d&rsquo;outil prend environ 15 secondes.<br \/>\n<\/span><\/span><\/div>\n<div><a href=\"https:\/\/youtu.be\/CwlcL57CBc4\">https:\/\/youtu.be\/CwlcL57CBc4<\/a><\/div>\n","protected":false},"excerpt":{"rendered":"<p>Bacciotini Pit Stop Mini 36 de l&rsquo;ann\u00e9e 2009 OEM Binderhaus R 36 Machine \u00e0 rainurer &amp; perforer avec 3 outils interchangeables pour le rainurage \/ le rainage, la perforation et la microperforation Mod\u00e8le d&rsquo;entr\u00e9e de gamme pour le rainurage, le rainage, la perforation et la microperforation jusqu&rsquo;\u00e0 36 cm de large. Le margeur \u00e0 succion [&hellip;]<\/p>\n","protected":false},"featured_media":59853,"template":"","meta":[],"product_brand":[],"product_cat":[2961],"product_tag":[],"class_list":{"0":"post-90197","1":"product","2":"type-product","3":"status-publish","4":"has-post-thumbnail","6":"product_cat-machines-a-rainurer-et-a-perforer","7":"pa_hersteller-bacciotini","8":"pa_hersteller-binderhaus","9":"pa_typ-pit-stop-mini-36","10":"pa_typ-r-36","12":"first","13":"instock","14":"taxable","15":"shipping-taxable","16":"product-type-simple"},"jetpack_sharing_enabled":true,"_links":{"self":[{"href":"https:\/\/www.3p-gmbh.de\/fr\/wp-json\/wp\/v2\/product\/90197","targetHints":{"allow":["GET"]}}],"collection":[{"href":"https:\/\/www.3p-gmbh.de\/fr\/wp-json\/wp\/v2\/product"}],"about":[{"href":"https:\/\/www.3p-gmbh.de\/fr\/wp-json\/wp\/v2\/types\/product"}],"wp:featuredmedia":[{"embeddable":true,"href":"https:\/\/www.3p-gmbh.de\/fr\/wp-json\/wp\/v2\/media\/59853"}],"wp:attachment":[{"href":"https:\/\/www.3p-gmbh.de\/fr\/wp-json\/wp\/v2\/media?parent=90197"}],"wp:term":[{"taxonomy":"product_brand","embeddable":true,"href":"https:\/\/www.3p-gmbh.de\/fr\/wp-json\/wp\/v2\/product_brand?post=90197"},{"taxonomy":"product_cat","embeddable":true,"href":"https:\/\/www.3p-gmbh.de\/fr\/wp-json\/wp\/v2\/product_cat?post=90197"},{"taxonomy":"product_tag","embeddable":true,"href":"https:\/\/www.3p-gmbh.de\/fr\/wp-json\/wp\/v2\/product_tag?post=90197"}],"curies":[{"name":"wp","href":"https:\/\/api.w.org\/{rel}","templated":true}]}}