{"id":90188,"date":"2021-02-23T14:44:36","date_gmt":"2021-02-23T14:44:36","guid":{"rendered":"https:\/\/www.3p-gmbh.de\/produkt\/presse-a-double-vis-presse-a-double-plateau-hunkeler-adp-45-70\/"},"modified":"2021-02-23T14:44:36","modified_gmt":"2021-02-23T14:44:36","slug":"presse-a-double-broche-hunkeler-adp-45-70","status":"publish","type":"product","link":"https:\/\/www.3p-gmbh.de\/fr\/produkt\/presse-a-double-broche-hunkeler-adp-45-70\/","title":{"rendered":"Presse \u00e0 double vis \/ presse \u00e0 double plateau Hunkeler ADP 45-70"},"content":{"rendered":"<div><strong>Presse \u00e0 double broche Hunkeler ADP 45-70<\/strong><\/div>\n<div><\/div>\n<div>Pressage de plaques doubles 45x70cm,<\/div>\n<div>en haut ou en bas,<\/div>\n<div>guid\u00e9 par une broche des deux c\u00f4t\u00e9s<\/div>\n<div>380 volts<\/div>\n<div><\/div>\n<div>pour presser les livres avec couverture cartonn\u00e9e apr\u00e8s l&rsquo;accrochage,<\/div>\n<div>ou comme presse de lissage et d&#8217;emballage.<\/div>\n","protected":false},"excerpt":{"rendered":"<p>Presse \u00e0 double broche Hunkeler ADP 45-70 Pressage de plaques doubles 45x70cm, en haut ou en bas, guid\u00e9 par une broche des deux c\u00f4t\u00e9s 380 volts pour presser les livres avec couverture cartonn\u00e9e apr\u00e8s l&rsquo;accrochage, ou comme presse de lissage et d&#8217;emballage.<\/p>\n","protected":false},"featured_media":61486,"template":"","meta":[],"product_brand":[],"product_cat":[2918],"product_tag":[],"class_list":{"0":"post-90188","1":"product","2":"type-product","3":"status-publish","4":"has-post-thumbnail","6":"product_cat-presses-fr","7":"pa_hersteller-hunkeler","8":"pa_typ-adp-45-70","10":"first","11":"instock","12":"taxable","13":"shipping-taxable","14":"product-type-simple"},"jetpack_sharing_enabled":true,"_links":{"self":[{"href":"https:\/\/www.3p-gmbh.de\/fr\/wp-json\/wp\/v2\/product\/90188","targetHints":{"allow":["GET"]}}],"collection":[{"href":"https:\/\/www.3p-gmbh.de\/fr\/wp-json\/wp\/v2\/product"}],"about":[{"href":"https:\/\/www.3p-gmbh.de\/fr\/wp-json\/wp\/v2\/types\/product"}],"wp:featuredmedia":[{"embeddable":true,"href":"https:\/\/www.3p-gmbh.de\/fr\/wp-json\/wp\/v2\/media\/61486"}],"wp:attachment":[{"href":"https:\/\/www.3p-gmbh.de\/fr\/wp-json\/wp\/v2\/media?parent=90188"}],"wp:term":[{"taxonomy":"product_brand","embeddable":true,"href":"https:\/\/www.3p-gmbh.de\/fr\/wp-json\/wp\/v2\/product_brand?post=90188"},{"taxonomy":"product_cat","embeddable":true,"href":"https:\/\/www.3p-gmbh.de\/fr\/wp-json\/wp\/v2\/product_cat?post=90188"},{"taxonomy":"product_tag","embeddable":true,"href":"https:\/\/www.3p-gmbh.de\/fr\/wp-json\/wp\/v2\/product_tag?post=90188"}],"curies":[{"name":"wp","href":"https:\/\/api.w.org\/{rel}","templated":true}]}}