{"id":90170,"date":"2021-03-04T00:25:38","date_gmt":"2021-03-04T00:25:38","guid":{"rendered":"https:\/\/www.3p-gmbh.de\/produkt\/margeur-et-encolleur-automatique-hunkeler-vea-520-k\/"},"modified":"2021-03-04T00:25:38","modified_gmt":"2021-03-04T00:25:38","slug":"automate-damorcage-et-de-collage-de-feuilles-hunkeler-vea-520-k","status":"publish","type":"product","link":"https:\/\/www.3p-gmbh.de\/fr\/produkt\/automate-damorcage-et-de-collage-de-feuilles-hunkeler-vea-520-k\/","title":{"rendered":"Margeur et encolleur automatique Hunkeler VEA 520 k"},"content":{"rendered":"<div><span style=\"color: #0000ff; font-family: Arial;\"><br \/>\n  <strong>Margeur et encolleur automatique \u00e0 feuilles Hunkeler VEA 520 K <\/strong><br \/>\n<\/span><span style=\"color: #0000ff; font-family: Arial;\"><br \/>\n  <strong>avec unit\u00e9 d&rsquo;encollage \u00e0 dispersion<\/strong><br \/>\n<\/span><\/div>\n<div><strong><span style=\"color: #0000ff; font-family: Arial;\">Ann\u00e9e de construction 1997<\/span><\/strong><\/div>\n<div><span style=\"font-family: Arial;\">-\u00e0 coller \u00e0 l&rsquo;ext\u00e9rieur (pages de garde, feuilles, images)<\/span><\/div>\n<div><span style=\"font-family: Arial;\">-\u00e0 ins\u00e9rer<\/span><\/div>\n<div><span style=\"font-family: Arial;\">-\u00e0 coller \u00e0 l&rsquo;int\u00e9rieur<\/span><\/div>\n<div><span style=\"font-family: Arial;\">-collage d\u00e9cal\u00e9 jusqu&rsquo;\u00e0 50mm de la feuillure et 10mm au-dessus de la feuillure<\/span><\/div>\n<div><span style=\"font-family: Arial;\">-Puissance 1200-6800 cycles\/heure r\u00e9glable en continu<\/span><\/div>\n<div><span style=\"font-family: Arial;\">format max. 520 x 310<\/span><\/div>\n","protected":false},"excerpt":{"rendered":"<p>Margeur et encolleur automatique \u00e0 feuilles Hunkeler VEA 520 K avec unit\u00e9 d&rsquo;encollage \u00e0 dispersion Ann\u00e9e de construction 1997 -\u00e0 coller \u00e0 l&rsquo;ext\u00e9rieur (pages de garde, feuilles, images) -\u00e0 ins\u00e9rer -\u00e0 coller \u00e0 l&rsquo;int\u00e9rieur -collage d\u00e9cal\u00e9 jusqu&rsquo;\u00e0 50mm de la feuillure et 10mm au-dessus de la feuillure -Puissance 1200-6800 cycles\/heure r\u00e9glable en continu format max. [&hellip;]<\/p>\n","protected":false},"featured_media":59920,"template":"","meta":[],"product_brand":[],"product_cat":[2890],"product_tag":[],"class_list":{"0":"post-90170","1":"product","2":"type-product","3":"status-publish","4":"has-post-thumbnail","6":"product_cat-reliure-dassortiment","7":"pa_hersteller-hunkeler","8":"pa_typ-vea-520-k","10":"first","11":"instock","12":"taxable","13":"shipping-taxable","14":"product-type-simple"},"jetpack_sharing_enabled":true,"_links":{"self":[{"href":"https:\/\/www.3p-gmbh.de\/fr\/wp-json\/wp\/v2\/product\/90170","targetHints":{"allow":["GET"]}}],"collection":[{"href":"https:\/\/www.3p-gmbh.de\/fr\/wp-json\/wp\/v2\/product"}],"about":[{"href":"https:\/\/www.3p-gmbh.de\/fr\/wp-json\/wp\/v2\/types\/product"}],"wp:featuredmedia":[{"embeddable":true,"href":"https:\/\/www.3p-gmbh.de\/fr\/wp-json\/wp\/v2\/media\/59920"}],"wp:attachment":[{"href":"https:\/\/www.3p-gmbh.de\/fr\/wp-json\/wp\/v2\/media?parent=90170"}],"wp:term":[{"taxonomy":"product_brand","embeddable":true,"href":"https:\/\/www.3p-gmbh.de\/fr\/wp-json\/wp\/v2\/product_brand?post=90170"},{"taxonomy":"product_cat","embeddable":true,"href":"https:\/\/www.3p-gmbh.de\/fr\/wp-json\/wp\/v2\/product_cat?post=90170"},{"taxonomy":"product_tag","embeddable":true,"href":"https:\/\/www.3p-gmbh.de\/fr\/wp-json\/wp\/v2\/product_tag?post=90170"}],"curies":[{"name":"wp","href":"https:\/\/api.w.org\/{rel}","templated":true}]}}