{"id":90166,"date":"2021-03-04T00:30:28","date_gmt":"2021-03-04T00:30:28","guid":{"rendered":"https:\/\/www.3p-gmbh.de\/produkt\/herzog-heymann-table-a-rallonge-inclinee-de-76-cm-407\/"},"modified":"2021-03-04T00:30:28","modified_gmt":"2021-03-04T00:30:28","slug":"herzog-heymann-76-cm-schraegrollentisch-407","status":"publish","type":"product","link":"https:\/\/www.3p-gmbh.de\/fr\/produkt\/herzog-heymann-76-cm-schraegrollentisch-407\/","title":{"rendered":"Herzog &amp; Heymann Table \u00e0 rallonge inclin\u00e9e de 76 cm 407"},"content":{"rendered":"<p><strong>Herzog &amp; Heymann Table inclin\u00e9e 407<\/strong><br \/>\n<strong>de l&rsquo;ann\u00e9e 11-2010<\/strong><br \/>\nLargeur d&rsquo;entr\u00e9e 76cm<br \/>\nLigne d&rsquo;entr\u00e9e avec HighSpeed Guides 90\u00b0 perpendiculaire au sens de la marche<br \/>\nsupport mobile<br \/>\navec moteur propre et r\u00e9glage en continu<br \/>\n<strong> <\/strong><br \/>\n<strong>r\u00e9vis\u00e9 enti\u00e8rement en atelier par nos soins pour la livraison<\/strong><\/p>\n","protected":false},"excerpt":{"rendered":"<p>Herzog &amp; Heymann Table inclin\u00e9e 407 de l&rsquo;ann\u00e9e 11-2010 Largeur d&rsquo;entr\u00e9e 76cm Ligne d&rsquo;entr\u00e9e avec HighSpeed Guides 90\u00b0 perpendiculaire au sens de la marche support mobile avec moteur propre et r\u00e9glage en continu r\u00e9vis\u00e9 enti\u00e8rement en atelier par nos soins pour la livraison<\/p>\n","protected":false},"featured_media":59926,"template":"","meta":[],"product_brand":[],"product_cat":[2886],"product_tag":[],"class_list":{"0":"post-90166","1":"product","2":"type-product","3":"status-publish","4":"has-post-thumbnail","6":"product_cat-accessoires-pour-plieuses","7":"pa_hersteller-herzog-heymann","8":"pa_typ-2139","10":"first","11":"instock","12":"taxable","13":"shipping-taxable","14":"product-type-simple"},"jetpack_sharing_enabled":true,"_links":{"self":[{"href":"https:\/\/www.3p-gmbh.de\/fr\/wp-json\/wp\/v2\/product\/90166","targetHints":{"allow":["GET"]}}],"collection":[{"href":"https:\/\/www.3p-gmbh.de\/fr\/wp-json\/wp\/v2\/product"}],"about":[{"href":"https:\/\/www.3p-gmbh.de\/fr\/wp-json\/wp\/v2\/types\/product"}],"wp:featuredmedia":[{"embeddable":true,"href":"https:\/\/www.3p-gmbh.de\/fr\/wp-json\/wp\/v2\/media\/59926"}],"wp:attachment":[{"href":"https:\/\/www.3p-gmbh.de\/fr\/wp-json\/wp\/v2\/media?parent=90166"}],"wp:term":[{"taxonomy":"product_brand","embeddable":true,"href":"https:\/\/www.3p-gmbh.de\/fr\/wp-json\/wp\/v2\/product_brand?post=90166"},{"taxonomy":"product_cat","embeddable":true,"href":"https:\/\/www.3p-gmbh.de\/fr\/wp-json\/wp\/v2\/product_cat?post=90166"},{"taxonomy":"product_tag","embeddable":true,"href":"https:\/\/www.3p-gmbh.de\/fr\/wp-json\/wp\/v2\/product_tag?post=90166"}],"curies":[{"name":"wp","href":"https:\/\/api.w.org\/{rel}","templated":true}]}}