{"id":90157,"date":"2021-03-04T00:51:49","date_gmt":"2021-03-04T00:51:49","guid":{"rendered":"https:\/\/www.3p-gmbh.de\/produkt\/contemp-druckeitechnik-prs-24-station-de-pompage-et-de-regulation-armoire-de-pompes-de-circulation\/"},"modified":"2021-03-04T00:51:49","modified_gmt":"2021-03-04T00:51:49","slug":"contemp-technique-imprimeuse-prs-24-pompes-station-de-regulation-armoire-pompe-de-conversion","status":"publish","type":"product","link":"https:\/\/www.3p-gmbh.de\/fr\/produkt\/contemp-technique-imprimeuse-prs-24-pompes-station-de-regulation-armoire-pompe-de-conversion\/","title":{"rendered":"ConTemp Druckeitechnik PRS 24 Station de pompage et de r\u00e9gulation Armoire de pompes de circulation"},"content":{"rendered":"<div><span style=\"font-family: Arial;\"><span style=\"color: #0000ff;\"><br \/>\n  <strong>ConTemp Technique de pression Armoire de pompe de circulation<\/strong><br \/>\n<\/span> <span style=\"color: #ff0000;\"><br \/>\n  <strong> PRS 24 Station de pompage et de r\u00e9gulation<\/strong><br \/>\n<\/span><\/span><\/div>\n<div><span style=\"font-family: Arial;\">pour le circuit de refroidissement des machines d&rsquo;impression d&rsquo;une capacit\u00e9 de 18.000 litres par heure Circulation vers des a\u00e9ror\u00e9frig\u00e9rants externes<\/span><\/div>\n<div><\/div>\n<div><span style=\"font-family: Arial;\">avec pompe de circulation int\u00e9gr\u00e9e WILO-HELIXm VE1603-4.0- 1\/16\/E\/KS<\/span><\/div>\n<div><span style=\"font-family: Arial;\">(pompe haute pression \u00e0 aspiration normale, multicellulaire, en version verticale avec raccords en ligne)<\/span><\/div>\n","protected":false},"excerpt":{"rendered":"<p>ConTemp Technique de pression Armoire de pompe de circulation PRS 24 Station de pompage et de r\u00e9gulation pour le circuit de refroidissement des machines d&rsquo;impression d&rsquo;une capacit\u00e9 de 18.000 litres par heure Circulation vers des a\u00e9ror\u00e9frig\u00e9rants externes avec pompe de circulation int\u00e9gr\u00e9e WILO-HELIXm VE1603-4.0- 1\/16\/E\/KS (pompe haute pression \u00e0 aspiration normale, multicellulaire, en version verticale [&hellip;]<\/p>\n","protected":false},"featured_media":59941,"template":"","meta":[],"product_brand":[],"product_cat":[2902],"product_tag":[],"class_list":{"0":"post-90157","1":"product","2":"type-product","3":"status-publish","4":"has-post-thumbnail","6":"product_cat-accessoires-et-pieces-de-rechange-pour-machines-dimpression","7":"pa_hersteller-contemp-druckereitechnik","8":"pa_typ-prs-24","10":"first","11":"instock","12":"taxable","13":"shipping-taxable","14":"product-type-simple"},"jetpack_sharing_enabled":true,"_links":{"self":[{"href":"https:\/\/www.3p-gmbh.de\/fr\/wp-json\/wp\/v2\/product\/90157","targetHints":{"allow":["GET"]}}],"collection":[{"href":"https:\/\/www.3p-gmbh.de\/fr\/wp-json\/wp\/v2\/product"}],"about":[{"href":"https:\/\/www.3p-gmbh.de\/fr\/wp-json\/wp\/v2\/types\/product"}],"wp:featuredmedia":[{"embeddable":true,"href":"https:\/\/www.3p-gmbh.de\/fr\/wp-json\/wp\/v2\/media\/59941"}],"wp:attachment":[{"href":"https:\/\/www.3p-gmbh.de\/fr\/wp-json\/wp\/v2\/media?parent=90157"}],"wp:term":[{"taxonomy":"product_brand","embeddable":true,"href":"https:\/\/www.3p-gmbh.de\/fr\/wp-json\/wp\/v2\/product_brand?post=90157"},{"taxonomy":"product_cat","embeddable":true,"href":"https:\/\/www.3p-gmbh.de\/fr\/wp-json\/wp\/v2\/product_cat?post=90157"},{"taxonomy":"product_tag","embeddable":true,"href":"https:\/\/www.3p-gmbh.de\/fr\/wp-json\/wp\/v2\/product_tag?post=90157"}],"curies":[{"name":"wp","href":"https:\/\/api.w.org\/{rel}","templated":true}]}}