{"id":90146,"date":"2021-03-04T00:46:15","date_gmt":"2021-03-04T00:46:15","guid":{"rendered":"https:\/\/www.3p-gmbh.de\/produkt\/soudeuse-de-films-hpl-450-as\/"},"modified":"2021-03-04T00:46:15","modified_gmt":"2021-03-04T00:46:15","slug":"soudeur-de-feuilles-hpl-450-as","status":"publish","type":"product","link":"https:\/\/www.3p-gmbh.de\/fr\/produkt\/soudeur-de-feuilles-hpl-450-as\/","title":{"rendered":"Soudeuse de films HPL 450 AS"},"content":{"rendered":"<p><strong>Soudeuse de films HPL 450 AS<\/strong><\/p>\n<p><em>soudage rapide, simple et efficace de films thermoplastiques de mani\u00e8re cibl\u00e9e<\/em><\/p>\n<ul>\n<li>Appareil \u00e0 souder les poutres<\/li>\n<li>machine de soudage par impulsion semi-automatique<\/li>\n<li>Soudage et traitement de tout type de film thermoplastique<\/li>\n<li>temps de soudage automatique r\u00e9glable en continu<\/li>\n<li>pression d&rsquo;appui constante<\/li>\n<li>aucun temps de chauffage n\u00e9cessaire<\/li>\n<li>dispositif de coupe int\u00e9gr\u00e9<\/li>\n<li>P\u00e9dale de commande<\/li>\n<\/ul>\n<p>Longueur de la soudure : 450 mm<br \/>\nLongueur de coupe 360 : mm<br \/>\nMax. \u00e9paisseur du film avec PE : 2 x 200 my<br \/>\nLargeur de la soudure : 3 mm<br \/>\nRaccordement \u00e9lectrique : 230 V, 50\/60 Hz<\/p>\n","protected":false},"excerpt":{"rendered":"<p>Soudeuse de films HPL 450 AS soudage rapide, simple et efficace de films thermoplastiques de mani\u00e8re cibl\u00e9e Appareil \u00e0 souder les poutres machine de soudage par impulsion semi-automatique Soudage et traitement de tout type de film thermoplastique temps de soudage automatique r\u00e9glable en continu pression d&rsquo;appui constante aucun temps de chauffage n\u00e9cessaire dispositif de coupe [&hellip;]<\/p>\n","protected":false},"featured_media":59940,"template":"","meta":[],"product_brand":[],"product_cat":[3024],"product_tag":[],"class_list":{"0":"post-90146","1":"product","2":"type-product","3":"status-publish","4":"has-post-thumbnail","6":"product_cat-emballage-sous-film-et-tenseur","7":"pa_hersteller-ht-verpackungen","8":"pa_typ-hpl-450-as","10":"first","11":"instock","12":"taxable","13":"shipping-taxable","14":"product-type-simple"},"jetpack_sharing_enabled":true,"_links":{"self":[{"href":"https:\/\/www.3p-gmbh.de\/fr\/wp-json\/wp\/v2\/product\/90146","targetHints":{"allow":["GET"]}}],"collection":[{"href":"https:\/\/www.3p-gmbh.de\/fr\/wp-json\/wp\/v2\/product"}],"about":[{"href":"https:\/\/www.3p-gmbh.de\/fr\/wp-json\/wp\/v2\/types\/product"}],"wp:featuredmedia":[{"embeddable":true,"href":"https:\/\/www.3p-gmbh.de\/fr\/wp-json\/wp\/v2\/media\/59940"}],"wp:attachment":[{"href":"https:\/\/www.3p-gmbh.de\/fr\/wp-json\/wp\/v2\/media?parent=90146"}],"wp:term":[{"taxonomy":"product_brand","embeddable":true,"href":"https:\/\/www.3p-gmbh.de\/fr\/wp-json\/wp\/v2\/product_brand?post=90146"},{"taxonomy":"product_cat","embeddable":true,"href":"https:\/\/www.3p-gmbh.de\/fr\/wp-json\/wp\/v2\/product_cat?post=90146"},{"taxonomy":"product_tag","embeddable":true,"href":"https:\/\/www.3p-gmbh.de\/fr\/wp-json\/wp\/v2\/product_tag?post=90146"}],"curies":[{"name":"wp","href":"https:\/\/api.w.org\/{rel}","templated":true}]}}