{"id":90142,"date":"2021-03-08T11:03:42","date_gmt":"2021-03-08T11:03:42","guid":{"rendered":"https:\/\/www.3p-gmbh.de\/produkt\/encolleuse-a-deux-rouleaux-sumbel-roland-400\/"},"modified":"2021-03-08T11:03:42","modified_gmt":"2021-03-08T11:03:42","slug":"encolleuse-a-deux-rouleaux-sumbel-roland-400","status":"publish","type":"product","link":"https:\/\/www.3p-gmbh.de\/fr\/produkt\/encolleuse-a-deux-rouleaux-sumbel-roland-400\/","title":{"rendered":"Encolleuse \u00e0 deux rouleaux Sumbel Roland 400"},"content":{"rendered":"<p><strong>Encolleuse \u00e0 deux rouleaux Sumbel Roland 400<\/strong><br \/>\npour le papier, le carton, le cuir, etc.<br \/>\n&#8211; Entra\u00eenement motoris\u00e9 230 Volt 1 Ph., avec commutateur \u00e0 gradins<br \/>\n&#8211; Laminage de laiton inoxydable<br \/>\n&#8211; Bassin de colle froide en laiton, r\u00e9glable en hauteur<br \/>\n&#8211; Largeur du rouleau : 400mm<br \/>\n&#8211; Racleur<\/p>\n","protected":false},"excerpt":{"rendered":"<p>Encolleuse \u00e0 deux rouleaux Sumbel Roland 400 pour le papier, le carton, le cuir, etc. &#8211; Entra\u00eenement motoris\u00e9 230 Volt 1 Ph., avec commutateur \u00e0 gradins &#8211; Laminage de laiton inoxydable &#8211; Bassin de colle froide en laiton, r\u00e9glable en hauteur &#8211; Largeur du rouleau : 400mm &#8211; Racleur<\/p>\n","protected":false},"featured_media":59969,"template":"","meta":[],"product_brand":[],"product_cat":[2890],"product_tag":[],"class_list":{"0":"post-90142","1":"product","2":"type-product","3":"status-publish","4":"has-post-thumbnail","6":"product_cat-reliure-dassortiment","7":"pa_hersteller-sumbel","8":"pa_typ-roland-400","10":"first","11":"instock","12":"taxable","13":"shipping-taxable","14":"product-type-simple"},"jetpack_sharing_enabled":true,"_links":{"self":[{"href":"https:\/\/www.3p-gmbh.de\/fr\/wp-json\/wp\/v2\/product\/90142","targetHints":{"allow":["GET"]}}],"collection":[{"href":"https:\/\/www.3p-gmbh.de\/fr\/wp-json\/wp\/v2\/product"}],"about":[{"href":"https:\/\/www.3p-gmbh.de\/fr\/wp-json\/wp\/v2\/types\/product"}],"wp:featuredmedia":[{"embeddable":true,"href":"https:\/\/www.3p-gmbh.de\/fr\/wp-json\/wp\/v2\/media\/59969"}],"wp:attachment":[{"href":"https:\/\/www.3p-gmbh.de\/fr\/wp-json\/wp\/v2\/media?parent=90142"}],"wp:term":[{"taxonomy":"product_brand","embeddable":true,"href":"https:\/\/www.3p-gmbh.de\/fr\/wp-json\/wp\/v2\/product_brand?post=90142"},{"taxonomy":"product_cat","embeddable":true,"href":"https:\/\/www.3p-gmbh.de\/fr\/wp-json\/wp\/v2\/product_cat?post=90142"},{"taxonomy":"product_tag","embeddable":true,"href":"https:\/\/www.3p-gmbh.de\/fr\/wp-json\/wp\/v2\/product_tag?post=90142"}],"curies":[{"name":"wp","href":"https:\/\/api.w.org\/{rel}","templated":true}]}}