{"id":90138,"date":"2021-03-08T11:33:01","date_gmt":"2021-03-08T11:33:01","guid":{"rendered":"https:\/\/www.3p-gmbh.de\/produkt\/coupeuse-professionnelle-eba-551-06-avec-2-couteaux\/"},"modified":"2021-03-08T11:33:01","modified_gmt":"2021-03-08T11:33:01","slug":"profi-stapelcutter-eba-551-06-avec-2-lames","status":"publish","type":"product","link":"https:\/\/www.3p-gmbh.de\/fr\/produkt\/profi-stapelcutter-eba-551-06-avec-2-lames\/","title":{"rendered":"Coupeuse professionnelle EBA 551-06 avec 2 couteaux"},"content":{"rendered":"<p><strong>Coupeuse professionnelle EBA 551-06 avec 2 couteaux<\/strong><br \/>\nAnn\u00e9e de construction 2008<\/p>\n<p><em>Equipement de la machine :<\/em><br \/>\nEntra\u00eenement \u00e9lectrom\u00e9canique pour les couteaux ;<br \/>\nentra\u00eenement hydraulique pour les barres de pressage ;<br \/>\npression de pressage r\u00e9glable en continu (250-2000 kg) avec affichage visuel ;<br \/>\ncouvercle enfichable de la barre de pressage avec fermeture \u00e0 d\u00e9clic et indicateur optique ; entra\u00eenement \u00e9lectrom\u00e9canique pour but\u00e9e arri\u00e8re par broche de pr\u00e9cision (vitesse 53 mm\/sec.) ;<br \/>\nP\u00e9dale de pr\u00e9-compression ou de coupe ;<br \/>\nlecteur de coupe optique avec diodes \u00e9lectroluminescentes (LED) ;<br \/>\nPlateaux de table en acier inoxydable sur les tables avant et lat\u00e9rales ;<br \/>\nlame de coupe HSS de haute qualit\u00e9 ;<br \/>\ncoupe oscillante m\u00e9nageant le mat\u00e9riau ;<br \/>\nPorte-couteaux enti\u00e8rement en acier, guid\u00e9s et r\u00e9glables des deux c\u00f4t\u00e9s ; r\u00e9glage de la profondeur des couteaux ;<br \/>\nTables lat\u00e9rales \u00e0 droite et \u00e0 gauche<\/p>\n<p><em>Equipement de s\u00e9curit\u00e9 \u00ab\u00a0SCS\u00a0\u00bb (SAFETY CUTTING SYSTEM) :<\/em><br \/>\nZone de la table avant prot\u00e9g\u00e9e \u00e9lectroniquement par une cellule photo\u00e9lectrique de s\u00e9curit\u00e9 et un couvercle transparent de la table arri\u00e8re ; d\u00e9clenchement de la coupe de s\u00e9curit\u00e9 \u00e0 deux mains avec commande de simultan\u00e9it\u00e9 et blocage de r\u00e9p\u00e9tition ; retour automatique de la lame et de la barre de pression \u00e0 partir de n&rsquo;importe quelle position ; serrure de commande et interrupteur principal verrouillable ; dispositif de changement de lame avec lame couverte ; commande 24 volts ; angle d&rsquo;impact du papier.<\/p>\n<p><em>Contr\u00f4le de la but\u00e9e arri\u00e8re :<\/em><br \/>\n99 programmes de m\u00e9moire avec max. par 99 \u00e9tapes ;<br \/>\nProgrammation des cotes de la cha\u00eene possible avec jusqu&rsquo;\u00e0 9 pas dans le programme ; d\u00e9roulement du programme automatique avec contr\u00f4le de la coupe en mode programme et m\u00e9moire ;<br \/>\nSaisie directe des mesures via le clavier num\u00e9rique ;<br \/>\n3 touches de m\u00e9morisation pour les mesures fixes (librement programmables) ;<br \/>\naffichage num\u00e9rique \u00e9lectronique des mesures avec une pr\u00e9cision d&rsquo;affichage de 1\/10 mm ;<br \/>\nBouton de r\u00e9glage de la mesure de r\u00e9f\u00e9rence ;<br \/>\nvolant \u00e9lectronique avec r\u00e9glage en continu de la vitesse de la but\u00e9e arri\u00e8re ;<br \/>\nPalpeur de recherche rapide pour avancer et reculer rapidement la but\u00e9e arri\u00e8re ; correction automatique des dimensions en cas de d\u00e9calage de la but\u00e9e arri\u00e8re ;<br \/>\nFonctionnement en m\u00e9moire pour les coupes r\u00e9p\u00e9titives (en appuyant sur une touche),<br \/>\nm\u00e9moire automatique suppl\u00e9mentaire ; fonction d&rsquo;\u00e9jection du papier (EJECT) avec ou sans mode programme (course d&rsquo;avance programmable) ; possibilit\u00e9 d&rsquo;effacer (DELETE), d&rsquo;ins\u00e9rer (INSERT) et d&rsquo;\u00e9craser des \u00e9tapes de programme ; calculatrice int\u00e9gr\u00e9e (4 modes de calcul de base) ;<br \/>\nSyst\u00e8me d&rsquo;autodiagnostic avec affichage des erreurs sur l&rsquo;\u00e9cran ;<br \/>\nCommutation m\u00e9trique\/inch.<\/p>\n<p>Longueur de coupe (mm) 550<br \/>\nHauteur de l&rsquo;insert (mm) 80<br \/>\nProfondeur d&rsquo;insertion (mm) 550<br \/>\nCoupe r\u00e9siduelle sans recouvrement de la barre de pressage 20 mm, avec recouvrement de la barre de pressage 90mm<\/p>\n","protected":false},"excerpt":{"rendered":"<p>Coupeuse professionnelle EBA 551-06 avec 2 couteaux Ann\u00e9e de construction 2008 Equipement de la machine : Entra\u00eenement \u00e9lectrom\u00e9canique pour les couteaux ; entra\u00eenement hydraulique pour les barres de pressage ; pression de pressage r\u00e9glable en continu (250-2000 kg) avec affichage visuel ; couvercle enfichable de la barre de pressage avec fermeture \u00e0 d\u00e9clic et indicateur [&hellip;]<\/p>\n","protected":false},"featured_media":59976,"template":"","meta":[],"product_brand":[],"product_cat":[3016],"product_tag":[],"class_list":{"0":"post-90138","1":"product","2":"type-product","3":"status-publish","4":"has-post-thumbnail","6":"product_cat-machines-de-decoupe","7":"pa_hersteller-eba","8":"pa_typ-551-06","10":"first","11":"instock","12":"taxable","13":"shipping-taxable","14":"product-type-simple"},"jetpack_sharing_enabled":true,"_links":{"self":[{"href":"https:\/\/www.3p-gmbh.de\/fr\/wp-json\/wp\/v2\/product\/90138","targetHints":{"allow":["GET"]}}],"collection":[{"href":"https:\/\/www.3p-gmbh.de\/fr\/wp-json\/wp\/v2\/product"}],"about":[{"href":"https:\/\/www.3p-gmbh.de\/fr\/wp-json\/wp\/v2\/types\/product"}],"wp:featuredmedia":[{"embeddable":true,"href":"https:\/\/www.3p-gmbh.de\/fr\/wp-json\/wp\/v2\/media\/59976"}],"wp:attachment":[{"href":"https:\/\/www.3p-gmbh.de\/fr\/wp-json\/wp\/v2\/media?parent=90138"}],"wp:term":[{"taxonomy":"product_brand","embeddable":true,"href":"https:\/\/www.3p-gmbh.de\/fr\/wp-json\/wp\/v2\/product_brand?post=90138"},{"taxonomy":"product_cat","embeddable":true,"href":"https:\/\/www.3p-gmbh.de\/fr\/wp-json\/wp\/v2\/product_cat?post=90138"},{"taxonomy":"product_tag","embeddable":true,"href":"https:\/\/www.3p-gmbh.de\/fr\/wp-json\/wp\/v2\/product_tag?post=90138"}],"curies":[{"name":"wp","href":"https:\/\/api.w.org\/{rel}","templated":true}]}}