{"id":90131,"date":"2021-03-08T13:16:02","date_gmt":"2021-03-08T13:16:02","guid":{"rendered":"https:\/\/www.3p-gmbh.de\/produkt\/retourneur-de-piles-avec-secouage-et-aeration-rachner-pt-1000-pars\/"},"modified":"2021-03-08T13:16:02","modified_gmt":"2021-03-08T13:16:02","slug":"retourneur-empileur-avec-ruche-et-aeration-rachner-pt-1000-pars","status":"publish","type":"product","link":"https:\/\/www.3p-gmbh.de\/fr\/produkt\/retourneur-empileur-avec-ruche-et-aeration-rachner-pt-1000-pars\/","title":{"rendered":"Retourneur de piles avec secouage et a\u00e9ration Rachner PT 1000 PA+RS"},"content":{"rendered":"<div><span style=\"font-family: Arial;\"><strong>Retourneur de piles mod\u00e8le Rachner PT 1000 PA+RS<br \/>\nBj. 2007 avec UVV actuel<\/strong><\/span><\/div>\n<div><\/div>\n<ul>\n<li><span style=\"font-family: Arial;\">Plate-forme 900x1300mm<\/span><\/li>\n<li><span style=\"font-family: Arial;\">max. ouverture 1340mm<\/span><\/li>\n<li><span style=\"font-family: Arial;\">avec a\u00e9ration avec ventilateur \u00e0 fr\u00e9quence variable<\/span><\/li>\n<li><span style=\"font-family: Arial;\">avec dispositif de vibration avec r\u00e8gle d&rsquo;alignement<\/span><\/li>\n<\/ul>\n<p><a href=\"https:\/\/www.3p-gmbh.de\/wp-content\/uploads\/2021\/03\/Bedienungshandbuch-Rachner-Stapelwender-R-1000-PA.pdf\">Manuel d&rsquo;utilisation du retourneur de piles Rachner R 1000 PA<\/a><\/p>\n","protected":false},"excerpt":{"rendered":"<p>Retourneur de piles mod\u00e8le Rachner PT 1000 PA+RS Bj. 2007 avec UVV actuel Plate-forme 900x1300mm max. ouverture 1340mm avec a\u00e9ration avec ventilateur \u00e0 fr\u00e9quence variable avec dispositif de vibration avec r\u00e8gle d&rsquo;alignement Manuel d&rsquo;utilisation du retourneur de piles Rachner R 1000 PA<\/p>\n","protected":false},"featured_media":59991,"template":"","meta":[],"product_brand":[],"product_cat":[2896],"product_tag":[],"class_list":{"0":"post-90131","1":"product","2":"type-product","3":"status-publish","4":"has-post-thumbnail","6":"product_cat-retourneur-de-piles","7":"pa_hersteller-manfred-rachner","8":"pa_typ-pt-1000-pars","10":"first","11":"instock","12":"taxable","13":"shipping-taxable","14":"product-type-simple"},"jetpack_sharing_enabled":true,"_links":{"self":[{"href":"https:\/\/www.3p-gmbh.de\/fr\/wp-json\/wp\/v2\/product\/90131","targetHints":{"allow":["GET"]}}],"collection":[{"href":"https:\/\/www.3p-gmbh.de\/fr\/wp-json\/wp\/v2\/product"}],"about":[{"href":"https:\/\/www.3p-gmbh.de\/fr\/wp-json\/wp\/v2\/types\/product"}],"wp:featuredmedia":[{"embeddable":true,"href":"https:\/\/www.3p-gmbh.de\/fr\/wp-json\/wp\/v2\/media\/59991"}],"wp:attachment":[{"href":"https:\/\/www.3p-gmbh.de\/fr\/wp-json\/wp\/v2\/media?parent=90131"}],"wp:term":[{"taxonomy":"product_brand","embeddable":true,"href":"https:\/\/www.3p-gmbh.de\/fr\/wp-json\/wp\/v2\/product_brand?post=90131"},{"taxonomy":"product_cat","embeddable":true,"href":"https:\/\/www.3p-gmbh.de\/fr\/wp-json\/wp\/v2\/product_cat?post=90131"},{"taxonomy":"product_tag","embeddable":true,"href":"https:\/\/www.3p-gmbh.de\/fr\/wp-json\/wp\/v2\/product_tag?post=90131"}],"curies":[{"name":"wp","href":"https:\/\/api.w.org\/{rel}","templated":true}]}}