{"id":90119,"date":"2021-03-24T09:26:30","date_gmt":"2021-03-24T09:26:30","guid":{"rendered":"https:\/\/www.3p-gmbh.de\/produkt\/convoyeur-a-rouleaux-a-ciseaux-gura-1200-425-2kux\/"},"modified":"2021-03-24T09:26:30","modified_gmt":"2021-03-24T09:26:30","slug":"gura-scheren-rollenbahn-1200-425-2kux_2","status":"publish","type":"product","link":"https:\/\/www.3p-gmbh.de\/fr\/produkt\/gura-scheren-rollenbahn-1200-425-2kux_2\/","title":{"rendered":"Convoyeur \u00e0 rouleaux \u00e0 ciseaux Gura 1200-425 2KUX"},"content":{"rendered":"<div><span style=\"color: #0000ff; font-family: Arial;\"><strong>mobile r\u00e9glable en hauteur Gura ciseaux-rouleaux 1200-425 2KUX<\/strong><\/span><\/div>\n<div><span style=\"color: #0000ff; font-family: Arial;\"><strong>de l&rsquo;ann\u00e9e 2009<\/strong><\/span><\/div>\n<div><\/div>\n<div><span style=\"font-family: Arial;\">Les convoyeurs \u00e0 rouleaux \u00e0 ciseaux sont utilis\u00e9s dans tous les domaines du transport de marchandises de d\u00e9tail en entreprise.<\/span><\/div>\n<div><span style=\"font-family: Arial;\">C&rsquo;est justement lorsqu&rsquo;un syst\u00e8me fixe n&rsquo;est pas souhait\u00e9 que cette variante mobile est utilis\u00e9e.<br \/>\nLes propres structures logistiques peuvent ainsi \u00eatre adapt\u00e9es de mani\u00e8re optimale et \u00e9tendues \u00e0 volont\u00e9.<\/span><\/div>\n<div>\n<p><span style=\"font-family: Arial;\">Les voies sont r\u00e9glables individuellement en longueur et en hauteur, et il est en m\u00eame temps possible de former des courbes jusqu&rsquo;\u00e0 180\u00b0.<\/span><\/p>\n<p>&#8211; finition zingu\u00e9e brillante<br \/>\n&#8211; Bord sup\u00e9rieur de la bande r\u00e9glable en hauteur de 720 \u00e0 1150 mm.<br \/>\n&#8211; Pour des produits \u00e0 transporter jusqu&rsquo;\u00e0 400 mm<br \/>\n&#8211; Entraxe pour une bande d\u00e9ploy\u00e9e 150 mm.<br \/>\n&#8211; Roulettes (\u00d8 50 mm) mont\u00e9es sur roulements \u00e0 billes sur des axes de 8 mm<br \/>\n&#8211; But\u00e9e de fin de course \u00e0 l&rsquo;extr\u00e9mit\u00e9 du rouleau<\/p>\n<\/div>\n<div>\n<p>Nombre de pieds de support 4 pi\u00e8ces <span style=\"color: #ff0000;\"><br \/>\n  <strong>(+une extension)<\/strong><br \/>\n<\/span><br \/>\nLongueur de la bande <span style=\"color: #ff0000;\"><br \/>\n  <strong>2100 &#8211; 6500 mm<\/strong><br \/>\n<\/span><br \/>\ncapacit\u00e9 de charge\/distance entre les pieds d&rsquo;appui 100 kg<br \/>\nMat\u00e9riau des roulettes : plastique<br \/>\nGalets par essieu 2 pi\u00e8ces<br \/>\nMod\u00e8le de roulettes en plastique<\/p>\n<\/div>\n","protected":false},"excerpt":{"rendered":"<p>mobile r\u00e9glable en hauteur Gura ciseaux-rouleaux 1200-425 2KUX de l&rsquo;ann\u00e9e 2009 Les convoyeurs \u00e0 rouleaux \u00e0 ciseaux sont utilis\u00e9s dans tous les domaines du transport de marchandises de d\u00e9tail en entreprise. C&rsquo;est justement lorsqu&rsquo;un syst\u00e8me fixe n&rsquo;est pas souhait\u00e9 que cette variante mobile est utilis\u00e9e. Les propres structures logistiques peuvent ainsi \u00eatre adapt\u00e9es de mani\u00e8re [&hellip;]<\/p>\n","protected":false},"featured_media":60021,"template":"","meta":[],"product_brand":[],"product_cat":[3040],"product_tag":[],"class_list":{"0":"post-90119","1":"product","2":"type-product","3":"status-publish","4":"has-post-thumbnail","6":"product_cat-technique-de-convoyage","7":"pa_hersteller-gura","8":"pa_typ-1200-425-2kux","10":"first","11":"instock","12":"taxable","13":"shipping-taxable","14":"product-type-simple"},"jetpack_sharing_enabled":true,"_links":{"self":[{"href":"https:\/\/www.3p-gmbh.de\/fr\/wp-json\/wp\/v2\/product\/90119","targetHints":{"allow":["GET"]}}],"collection":[{"href":"https:\/\/www.3p-gmbh.de\/fr\/wp-json\/wp\/v2\/product"}],"about":[{"href":"https:\/\/www.3p-gmbh.de\/fr\/wp-json\/wp\/v2\/types\/product"}],"wp:featuredmedia":[{"embeddable":true,"href":"https:\/\/www.3p-gmbh.de\/fr\/wp-json\/wp\/v2\/media\/60021"}],"wp:attachment":[{"href":"https:\/\/www.3p-gmbh.de\/fr\/wp-json\/wp\/v2\/media?parent=90119"}],"wp:term":[{"taxonomy":"product_brand","embeddable":true,"href":"https:\/\/www.3p-gmbh.de\/fr\/wp-json\/wp\/v2\/product_brand?post=90119"},{"taxonomy":"product_cat","embeddable":true,"href":"https:\/\/www.3p-gmbh.de\/fr\/wp-json\/wp\/v2\/product_cat?post=90119"},{"taxonomy":"product_tag","embeddable":true,"href":"https:\/\/www.3p-gmbh.de\/fr\/wp-json\/wp\/v2\/product_tag?post=90119"}],"curies":[{"name":"wp","href":"https:\/\/api.w.org\/{rel}","templated":true}]}}