{"id":90113,"date":"2021-04-06T10:08:25","date_gmt":"2021-04-06T10:08:25","guid":{"rendered":"https:\/\/www.3p-gmbh.de\/produkt\/machine-a-entrainer-sumbel-regent-500\/"},"modified":"2021-04-06T10:08:25","modified_gmt":"2021-04-06T10:08:25","slug":"machine-motrice-sumbel-regent-500","status":"publish","type":"product","link":"https:\/\/www.3p-gmbh.de\/fr\/produkt\/machine-motrice-sumbel-regent-500\/","title":{"rendered":"Machine \u00e0 entra\u00eener Sumbel Regent 500"},"content":{"rendered":"<p><strong>Machine \u00e0 entra\u00eener Sumbel Regent 500<\/strong><\/p>\n","protected":false},"excerpt":{"rendered":"<p>Machine \u00e0 entra\u00eener Sumbel Regent 500<\/p>\n","protected":false},"featured_media":60065,"template":"","meta":[],"product_brand":[],"product_cat":[2890],"product_tag":[],"class_list":{"0":"post-90113","1":"product","2":"type-product","3":"status-publish","4":"has-post-thumbnail","6":"product_cat-reliure-dassortiment","7":"pa_hersteller-sumbel","8":"pa_typ-regent-500","10":"first","11":"instock","12":"taxable","13":"shipping-taxable","14":"product-type-simple"},"jetpack_sharing_enabled":true,"_links":{"self":[{"href":"https:\/\/www.3p-gmbh.de\/fr\/wp-json\/wp\/v2\/product\/90113","targetHints":{"allow":["GET"]}}],"collection":[{"href":"https:\/\/www.3p-gmbh.de\/fr\/wp-json\/wp\/v2\/product"}],"about":[{"href":"https:\/\/www.3p-gmbh.de\/fr\/wp-json\/wp\/v2\/types\/product"}],"wp:featuredmedia":[{"embeddable":true,"href":"https:\/\/www.3p-gmbh.de\/fr\/wp-json\/wp\/v2\/media\/60065"}],"wp:attachment":[{"href":"https:\/\/www.3p-gmbh.de\/fr\/wp-json\/wp\/v2\/media?parent=90113"}],"wp:term":[{"taxonomy":"product_brand","embeddable":true,"href":"https:\/\/www.3p-gmbh.de\/fr\/wp-json\/wp\/v2\/product_brand?post=90113"},{"taxonomy":"product_cat","embeddable":true,"href":"https:\/\/www.3p-gmbh.de\/fr\/wp-json\/wp\/v2\/product_cat?post=90113"},{"taxonomy":"product_tag","embeddable":true,"href":"https:\/\/www.3p-gmbh.de\/fr\/wp-json\/wp\/v2\/product_tag?post=90113"}],"curies":[{"name":"wp","href":"https:\/\/api.w.org\/{rel}","templated":true}]}}