{"id":90099,"date":"2021-04-06T10:39:05","date_gmt":"2021-04-06T10:39:05","guid":{"rendered":"https:\/\/www.3p-gmbh.de\/produkt\/cmc-q-joint-machine-de-thermocollage-de-plis\/"},"modified":"2021-04-06T10:39:05","modified_gmt":"2021-04-06T10:39:05","slug":"machine-de-sertissage-cmc-q-joint","status":"publish","type":"product","link":"https:\/\/www.3p-gmbh.de\/fr\/produkt\/machine-de-sertissage-cmc-q-joint\/","title":{"rendered":"CMC Q-Joint &#8211; Machine de thermocollage de plis"},"content":{"rendered":"<p><strong>CMC Q-Joint &#8211; Machine de thermocollage de plis<\/strong><\/p>\n<p>Pour former le guide d&rsquo;ouverture entre le dos et la couverture du livre.<\/p>\n<p>largeur d&rsquo;insertion 50cm<br \/>\n\u00e9paisseur du livre 5 &#8211; 80 mm<\/p>\n<p>-les lames sont chauff\u00e9es par des r\u00e9sistances \u00e9lectriques avec r\u00e9gulateur de chaleur<br \/>\n-Versions avec dispositif pour le cycle automatique et la pression pneumatique<br \/>\nqui permet de r\u00e9gler le temps de pression<\/p>\n<p><a href=\"http:\/\/www.cmc-italia.com\/pdf\/Q-Joint_CMC_Italia.pdf\">http:\/\/www.cmc-italia.com\/pdf\/Q-Joint_CMC_Italia.pdf<\/a><\/p>\n","protected":false},"excerpt":{"rendered":"<p>CMC Q-Joint &#8211; Machine de thermocollage de plis Pour former le guide d&rsquo;ouverture entre le dos et la couverture du livre. largeur d&rsquo;insertion 50cm \u00e9paisseur du livre 5 &#8211; 80 mm -les lames sont chauff\u00e9es par des r\u00e9sistances \u00e9lectriques avec r\u00e9gulateur de chaleur -Versions avec dispositif pour le cycle automatique et la pression pneumatique qui [&hellip;]<\/p>\n","protected":false},"featured_media":60071,"template":"","meta":[],"product_brand":[],"product_cat":[2890],"product_tag":[],"class_list":{"0":"post-90099","1":"product","2":"type-product","3":"status-publish","4":"has-post-thumbnail","6":"product_cat-reliure-dassortiment","7":"pa_hersteller-cmc","8":"pa_typ-q-joint","10":"first","11":"instock","12":"taxable","13":"shipping-taxable","14":"product-type-simple"},"jetpack_sharing_enabled":true,"_links":{"self":[{"href":"https:\/\/www.3p-gmbh.de\/fr\/wp-json\/wp\/v2\/product\/90099","targetHints":{"allow":["GET"]}}],"collection":[{"href":"https:\/\/www.3p-gmbh.de\/fr\/wp-json\/wp\/v2\/product"}],"about":[{"href":"https:\/\/www.3p-gmbh.de\/fr\/wp-json\/wp\/v2\/types\/product"}],"wp:featuredmedia":[{"embeddable":true,"href":"https:\/\/www.3p-gmbh.de\/fr\/wp-json\/wp\/v2\/media\/60071"}],"wp:attachment":[{"href":"https:\/\/www.3p-gmbh.de\/fr\/wp-json\/wp\/v2\/media?parent=90099"}],"wp:term":[{"taxonomy":"product_brand","embeddable":true,"href":"https:\/\/www.3p-gmbh.de\/fr\/wp-json\/wp\/v2\/product_brand?post=90099"},{"taxonomy":"product_cat","embeddable":true,"href":"https:\/\/www.3p-gmbh.de\/fr\/wp-json\/wp\/v2\/product_cat?post=90099"},{"taxonomy":"product_tag","embeddable":true,"href":"https:\/\/www.3p-gmbh.de\/fr\/wp-json\/wp\/v2\/product_tag?post=90099"}],"curies":[{"name":"wp","href":"https:\/\/api.w.org\/{rel}","templated":true}]}}