{"id":90096,"date":"2021-04-06T10:16:50","date_gmt":"2021-04-06T10:16:50","guid":{"rendered":"https:\/\/www.3p-gmbh.de\/produkt\/cmc-q-cover-start-50-70-machine-a-fabriquer-des-plafonds\/"},"modified":"2021-04-06T10:16:50","modified_gmt":"2021-04-06T10:16:50","slug":"cmc-q-cover-start-50-70-plafonneuse","status":"publish","type":"product","link":"https:\/\/www.3p-gmbh.de\/fr\/produkt\/cmc-q-cover-start-50-70-plafonneuse\/","title":{"rendered":"CMC &#8211; Q-Cover START 50-70 Machine \u00e0 fabriquer des plafonds"},"content":{"rendered":"<p><strong>CMC &#8211; Q-Cover START 50-70 Machine \u00e0 fabriquer des plafonds<\/strong><\/p>\n<p>Unit\u00e9 d&rsquo;enveloppement avec table \u00e0 air aspir\u00e9 et guide pour le positionnement des cartons de plafond.<\/p>\n<p>Convient aux clients qui disposent d\u00e9j\u00e0 d&rsquo;une encolleuse et d&rsquo;une machine de nettoyage.<br \/>\nPour des produits de haute qualit\u00e9 avec un faible investissement.<\/p>\n<p>Format min. 12 x 15 cm<br \/>\nFormat max. 50 x 70 cm<br \/>\n\u00e9paisseur du papier de couverture 100 &#8211; 170 grammes\/m2<br \/>\n\u00c9paisseur du carton 1,5 &#8211; 3,0 mm<\/p>\n<p><a href=\"http:\/\/www.cmc-italia.com\/pdf\/Q-Cover_CMC_Italia.pdf\">http:\/\/www.cmc-italia.com\/pdf\/Q-Cover_CMC_Italia.pdf<\/a><\/p>\n","protected":false},"excerpt":{"rendered":"<p>CMC &#8211; Q-Cover START 50-70 Machine \u00e0 fabriquer des plafonds Unit\u00e9 d&rsquo;enveloppement avec table \u00e0 air aspir\u00e9 et guide pour le positionnement des cartons de plafond. Convient aux clients qui disposent d\u00e9j\u00e0 d&rsquo;une encolleuse et d&rsquo;une machine de nettoyage. Pour des produits de haute qualit\u00e9 avec un faible investissement. Format min. 12 x 15 cm [&hellip;]<\/p>\n","protected":false},"featured_media":60066,"template":"","meta":[],"product_brand":[],"product_cat":[2890],"product_tag":[],"class_list":{"0":"post-90096","1":"product","2":"type-product","3":"status-publish","4":"has-post-thumbnail","6":"product_cat-reliure-dassortiment","7":"pa_hersteller-cmc","8":"pa_typ-q-cover-start","10":"first","11":"instock","12":"taxable","13":"shipping-taxable","14":"product-type-simple"},"jetpack_sharing_enabled":true,"_links":{"self":[{"href":"https:\/\/www.3p-gmbh.de\/fr\/wp-json\/wp\/v2\/product\/90096","targetHints":{"allow":["GET"]}}],"collection":[{"href":"https:\/\/www.3p-gmbh.de\/fr\/wp-json\/wp\/v2\/product"}],"about":[{"href":"https:\/\/www.3p-gmbh.de\/fr\/wp-json\/wp\/v2\/types\/product"}],"wp:featuredmedia":[{"embeddable":true,"href":"https:\/\/www.3p-gmbh.de\/fr\/wp-json\/wp\/v2\/media\/60066"}],"wp:attachment":[{"href":"https:\/\/www.3p-gmbh.de\/fr\/wp-json\/wp\/v2\/media?parent=90096"}],"wp:term":[{"taxonomy":"product_brand","embeddable":true,"href":"https:\/\/www.3p-gmbh.de\/fr\/wp-json\/wp\/v2\/product_brand?post=90096"},{"taxonomy":"product_cat","embeddable":true,"href":"https:\/\/www.3p-gmbh.de\/fr\/wp-json\/wp\/v2\/product_cat?post=90096"},{"taxonomy":"product_tag","embeddable":true,"href":"https:\/\/www.3p-gmbh.de\/fr\/wp-json\/wp\/v2\/product_tag?post=90096"}],"curies":[{"name":"wp","href":"https:\/\/api.w.org\/{rel}","templated":true}]}}