{"id":90052,"date":"2021-04-06T20:01:18","date_gmt":"2021-04-06T20:01:18","guid":{"rendered":"https:\/\/www.3p-gmbh.de\/produkt\/sortie-de-paquets-haute-performance-heidelberg-stahl-twinstacker-tsh-100\/"},"modified":"2021-04-06T20:01:18","modified_gmt":"2021-04-06T20:01:18","slug":"sortie-de-paquet-haute-performance-heidelberg-acier-twinstacker-tsh-100","status":"publish","type":"product","link":"https:\/\/www.3p-gmbh.de\/fr\/produkt\/sortie-de-paquet-haute-performance-heidelberg-acier-twinstacker-tsh-100\/","title":{"rendered":"Sortie de paquets haute performance Heidelberg Stahl Twinstacker TSH-100"},"content":{"rendered":"<p><strong>Sortie de paquets haute performance Heidelberg Stahl Twinstacker TSH-100<\/strong><br \/>\nde 2011<\/p>\n<p>-Optimal pour la commande par un seul op\u00e9rateur sur les plieuses \u00e0 grande vitesse de machine jusqu&rsquo;\u00e0 18.000 cycles<br \/>\n-commande MCT<br \/>\n-D\u00e9pose sans rep\u00e8re jusqu&rsquo;\u00e0 trois avantages, avec enl\u00e8vement ergonomique et facile \u00e0 utiliser<br \/>\n-max. format 1000x340mm<br \/>\n-min. Format 100x100mm<br \/>\n-\u00c9paisseur max. du produit 6mm<br \/>\n-Hauteur d&#8217;empilage par niveau max. 10cm<\/p>\n","protected":false},"excerpt":{"rendered":"<p>Sortie de paquets haute performance Heidelberg Stahl Twinstacker TSH-100 de 2011 -Optimal pour la commande par un seul op\u00e9rateur sur les plieuses \u00e0 grande vitesse de machine jusqu&rsquo;\u00e0 18.000 cycles -commande MCT -D\u00e9pose sans rep\u00e8re jusqu&rsquo;\u00e0 trois avantages, avec enl\u00e8vement ergonomique et facile \u00e0 utiliser -max. format 1000x340mm -min. Format 100x100mm -\u00c9paisseur max. du produit [&hellip;]<\/p>\n","protected":false},"featured_media":60111,"template":"","meta":[],"product_brand":[],"product_cat":[2916],"product_tag":[],"class_list":{"0":"post-90052","1":"product","2":"type-product","3":"status-publish","4":"has-post-thumbnail","6":"product_cat-depenses","7":"pa_hersteller-heidelberg-stahl","8":"pa_typ-tsh-100","10":"first","11":"instock","12":"taxable","13":"shipping-taxable","14":"product-type-simple"},"jetpack_sharing_enabled":true,"_links":{"self":[{"href":"https:\/\/www.3p-gmbh.de\/fr\/wp-json\/wp\/v2\/product\/90052","targetHints":{"allow":["GET"]}}],"collection":[{"href":"https:\/\/www.3p-gmbh.de\/fr\/wp-json\/wp\/v2\/product"}],"about":[{"href":"https:\/\/www.3p-gmbh.de\/fr\/wp-json\/wp\/v2\/types\/product"}],"wp:featuredmedia":[{"embeddable":true,"href":"https:\/\/www.3p-gmbh.de\/fr\/wp-json\/wp\/v2\/media\/60111"}],"wp:attachment":[{"href":"https:\/\/www.3p-gmbh.de\/fr\/wp-json\/wp\/v2\/media?parent=90052"}],"wp:term":[{"taxonomy":"product_brand","embeddable":true,"href":"https:\/\/www.3p-gmbh.de\/fr\/wp-json\/wp\/v2\/product_brand?post=90052"},{"taxonomy":"product_cat","embeddable":true,"href":"https:\/\/www.3p-gmbh.de\/fr\/wp-json\/wp\/v2\/product_cat?post=90052"},{"taxonomy":"product_tag","embeddable":true,"href":"https:\/\/www.3p-gmbh.de\/fr\/wp-json\/wp\/v2\/product_tag?post=90052"}],"curies":[{"name":"wp","href":"https:\/\/api.w.org\/{rel}","templated":true}]}}