{"id":90042,"date":"2021-04-22T10:21:47","date_gmt":"2021-04-22T10:21:47","guid":{"rendered":"https:\/\/www.3p-gmbh.de\/produkt\/decoupeuse-de-films-wsk-1291-pour-les-decoupes-de-films-a-chaud\/"},"modified":"2021-04-22T10:21:47","modified_gmt":"2021-04-22T10:21:47","slug":"coupe-film-wsk-1291-pour-decoupe-de-film-chaud","status":"publish","type":"product","link":"https:\/\/www.3p-gmbh.de\/fr\/produkt\/coupe-film-wsk-1291-pour-decoupe-de-film-chaud\/","title":{"rendered":"D\u00e9coupeuse de films WSK 1291 pour les d\u00e9coupes de films \u00e0 chaud"},"content":{"rendered":"<p><strong>Coupe-film WSK 1291<\/strong><br \/>\npour d\u00e9couper les films de gaufrage<\/p>\n<p>avec lame circulaire \u00e0 tron\u00e7onner<br \/>\nmax. largeur d&rsquo;insertion d&rsquo;environ 76 cm<br \/>\nRaccordement \u00e9lectrique 380 V<br \/>\n2 supports pour noyau de diam\u00e8tre int\u00e9rieur 25 mm<\/p>\n","protected":false},"excerpt":{"rendered":"<p>Coupe-film WSK 1291 pour d\u00e9couper les films de gaufrage avec lame circulaire \u00e0 tron\u00e7onner max. largeur d&rsquo;insertion d&rsquo;environ 76 cm Raccordement \u00e9lectrique 380 V 2 supports pour noyau de diam\u00e8tre int\u00e9rieur 25 mm<\/p>\n","protected":false},"featured_media":60130,"template":"","meta":[],"product_brand":[],"product_cat":[3024],"product_tag":[],"class_list":{"0":"post-90042","1":"product","2":"type-product","3":"status-publish","4":"has-post-thumbnail","6":"product_cat-emballage-sous-film-et-tenseur","7":"pa_hersteller-wsk","8":"pa_typ-2206","10":"first","11":"instock","12":"taxable","13":"shipping-taxable","14":"product-type-simple"},"jetpack_sharing_enabled":true,"_links":{"self":[{"href":"https:\/\/www.3p-gmbh.de\/fr\/wp-json\/wp\/v2\/product\/90042","targetHints":{"allow":["GET"]}}],"collection":[{"href":"https:\/\/www.3p-gmbh.de\/fr\/wp-json\/wp\/v2\/product"}],"about":[{"href":"https:\/\/www.3p-gmbh.de\/fr\/wp-json\/wp\/v2\/types\/product"}],"wp:featuredmedia":[{"embeddable":true,"href":"https:\/\/www.3p-gmbh.de\/fr\/wp-json\/wp\/v2\/media\/60130"}],"wp:attachment":[{"href":"https:\/\/www.3p-gmbh.de\/fr\/wp-json\/wp\/v2\/media?parent=90042"}],"wp:term":[{"taxonomy":"product_brand","embeddable":true,"href":"https:\/\/www.3p-gmbh.de\/fr\/wp-json\/wp\/v2\/product_brand?post=90042"},{"taxonomy":"product_cat","embeddable":true,"href":"https:\/\/www.3p-gmbh.de\/fr\/wp-json\/wp\/v2\/product_cat?post=90042"},{"taxonomy":"product_tag","embeddable":true,"href":"https:\/\/www.3p-gmbh.de\/fr\/wp-json\/wp\/v2\/product_tag?post=90042"}],"curies":[{"name":"wp","href":"https:\/\/api.w.org\/{rel}","templated":true}]}}