{"id":90026,"date":"2021-04-30T10:25:21","date_gmt":"2021-04-30T10:25:21","guid":{"rendered":"https:\/\/www.3p-gmbh.de\/produkt\/etiqueteuses-systeme-detiquetage-bbk-esb\/"},"modified":"2021-04-30T10:25:21","modified_gmt":"2021-04-30T10:25:21","slug":"etiqueteuse-etiqueteuse-bbk-esb","status":"publish","type":"product","link":"https:\/\/www.3p-gmbh.de\/fr\/produkt\/etiqueteuse-etiqueteuse-bbk-esb\/","title":{"rendered":"Etiqueteuses &#8211; Syst\u00e8me d&rsquo;\u00e9tiquetage BBK ESB"},"content":{"rendered":"<div><strong>Montage d&rsquo;une \u00e9tiqueteuse BBK ESB avec tapis de transport<\/strong><\/div>\n<div>de l&rsquo;ann\u00e9e 1996<\/div>\n","protected":false},"excerpt":{"rendered":"<p>Montage d&rsquo;une \u00e9tiqueteuse BBK ESB avec tapis de transport de l&rsquo;ann\u00e9e 1996<\/p>\n","protected":false},"featured_media":60154,"template":"","meta":[],"product_brand":[],"product_cat":[3051],"product_tag":[],"class_list":{"0":"post-90026","1":"product","2":"type-product","3":"status-publish","4":"has-post-thumbnail","6":"product_cat-etiqueteuse","7":"pa_hersteller-bbk","8":"pa_typ-esb","10":"first","11":"instock","12":"taxable","13":"shipping-taxable","14":"product-type-simple"},"jetpack_sharing_enabled":true,"_links":{"self":[{"href":"https:\/\/www.3p-gmbh.de\/fr\/wp-json\/wp\/v2\/product\/90026","targetHints":{"allow":["GET"]}}],"collection":[{"href":"https:\/\/www.3p-gmbh.de\/fr\/wp-json\/wp\/v2\/product"}],"about":[{"href":"https:\/\/www.3p-gmbh.de\/fr\/wp-json\/wp\/v2\/types\/product"}],"wp:featuredmedia":[{"embeddable":true,"href":"https:\/\/www.3p-gmbh.de\/fr\/wp-json\/wp\/v2\/media\/60154"}],"wp:attachment":[{"href":"https:\/\/www.3p-gmbh.de\/fr\/wp-json\/wp\/v2\/media?parent=90026"}],"wp:term":[{"taxonomy":"product_brand","embeddable":true,"href":"https:\/\/www.3p-gmbh.de\/fr\/wp-json\/wp\/v2\/product_brand?post=90026"},{"taxonomy":"product_cat","embeddable":true,"href":"https:\/\/www.3p-gmbh.de\/fr\/wp-json\/wp\/v2\/product_cat?post=90026"},{"taxonomy":"product_tag","embeddable":true,"href":"https:\/\/www.3p-gmbh.de\/fr\/wp-json\/wp\/v2\/product_tag?post=90026"}],"curies":[{"name":"wp","href":"https:\/\/api.w.org\/{rel}","templated":true}]}}