{"id":90023,"date":"2021-04-30T10:20:21","date_gmt":"2021-04-30T10:20:21","guid":{"rendered":"https:\/\/www.3p-gmbh.de\/produkt\/polar-mohr-dispositif-de-protection-pour-lignes-de-coupe-en-particulier-derriere-les-transomats\/"},"modified":"2021-04-30T10:20:21","modified_gmt":"2021-04-30T10:20:21","slug":"polar-mohr-dispositif-de-protection-pour-lignes-de-neige-specialement-derriere-transomates","status":"publish","type":"product","link":"https:\/\/www.3p-gmbh.de\/fr\/produkt\/polar-mohr-dispositif-de-protection-pour-lignes-de-neige-specialement-derriere-transomates\/","title":{"rendered":"Polar Mohr Dispositif de protection pour lignes de coupe, en particulier derri\u00e8re les transomats"},"content":{"rendered":"<p><strong>Polar Mohr Dispositif de protection pour lignes de coupe, en particulier derri\u00e8re les transomats  <\/strong><\/p>\n<p>\u00e9l\u00e9ments muraux disponibles :<\/p>\n<p>1 \u00e9l\u00e9ment : hauteur 170 cm , largeur 100 cm<br \/>\n2 \u00e9l\u00e9ments : hauteur 170 cm , largeur 120 cm<br \/>\n2 \u00e9l\u00e9ment : hauteur 170 cm , largeur 150 cm<\/p>\n<p>5 \u00e9l\u00e9ments : hauteur 180 cm , largeur 150 cm<br \/>\n4 \u00e9l\u00e9ments : hauteur 180 cm , largeur 60 cm<\/p>\n","protected":false},"excerpt":{"rendered":"<p>Polar Mohr Dispositif de protection pour lignes de coupe, en particulier derri\u00e8re les transomats \u00e9l\u00e9ments muraux disponibles : 1 \u00e9l\u00e9ment : hauteur 170 cm , largeur 100 cm 2 \u00e9l\u00e9ments : hauteur 170 cm , largeur 120 cm 2 \u00e9l\u00e9ment : hauteur 170 cm , largeur 150 cm 5 \u00e9l\u00e9ments : hauteur 180 cm , [&hellip;]<\/p>\n","protected":false},"featured_media":60147,"template":"","meta":[],"product_brand":[],"product_cat":[3016],"product_tag":[],"class_list":{"0":"post-90023","1":"product","2":"type-product","3":"status-publish","4":"has-post-thumbnail","6":"product_cat-machines-de-decoupe","7":"pa_hersteller-polar-mohr","9":"first","10":"instock","11":"taxable","12":"shipping-taxable","13":"product-type-simple"},"jetpack_sharing_enabled":true,"_links":{"self":[{"href":"https:\/\/www.3p-gmbh.de\/fr\/wp-json\/wp\/v2\/product\/90023","targetHints":{"allow":["GET"]}}],"collection":[{"href":"https:\/\/www.3p-gmbh.de\/fr\/wp-json\/wp\/v2\/product"}],"about":[{"href":"https:\/\/www.3p-gmbh.de\/fr\/wp-json\/wp\/v2\/types\/product"}],"wp:featuredmedia":[{"embeddable":true,"href":"https:\/\/www.3p-gmbh.de\/fr\/wp-json\/wp\/v2\/media\/60147"}],"wp:attachment":[{"href":"https:\/\/www.3p-gmbh.de\/fr\/wp-json\/wp\/v2\/media?parent=90023"}],"wp:term":[{"taxonomy":"product_brand","embeddable":true,"href":"https:\/\/www.3p-gmbh.de\/fr\/wp-json\/wp\/v2\/product_brand?post=90023"},{"taxonomy":"product_cat","embeddable":true,"href":"https:\/\/www.3p-gmbh.de\/fr\/wp-json\/wp\/v2\/product_cat?post=90023"},{"taxonomy":"product_tag","embeddable":true,"href":"https:\/\/www.3p-gmbh.de\/fr\/wp-json\/wp\/v2\/product_tag?post=90023"}],"curies":[{"name":"wp","href":"https:\/\/api.w.org\/{rel}","templated":true}]}}