{"id":90018,"date":"2021-05-09T13:41:53","date_gmt":"2021-05-09T13:41:53","guid":{"rendered":"https:\/\/www.3p-gmbh.de\/produkt\/ligne-de-coupe-haute-performance-baumann-wohlenberg-perfecta-132-ts-ase-lm\/"},"modified":"2021-05-09T13:41:53","modified_gmt":"2021-05-09T13:41:53","slug":"ligne-de-coupe-haute-performance-baumann-wohlenberg-perfecta-132-ts-ase-lm","status":"publish","type":"product","link":"https:\/\/www.3p-gmbh.de\/fr\/produkt\/ligne-de-coupe-haute-performance-baumann-wohlenberg-perfecta-132-ts-ase-lm\/","title":{"rendered":"Ligne de coupe haute performance Baumann Wohlenberg Perfecta 132 TS ASE LM"},"content":{"rendered":"<p><strong>Ligne de coupe haute performance Baumann Wohlenberg P 132 TS ASE LM<\/strong><br \/>\n<strong>de 2009<\/strong><\/p>\n<p><em><strong>avec<\/strong><\/em><\/p>\n<p><strong>Vibrateurs Baumann BSB 5-L<\/strong><br \/>\navec deux volets \u00e0 fonctionnement pneumatique, volet gauche avec ouverture pour pince de pr\u00e9hension<br \/>\nformat de feuille 900 x 1300mm<br \/>\nhauteur des couches 160mm<\/p>\n<p><strong>avec transport par pinces vers la table arri\u00e8re &#8211; Syst\u00e8me de transport Baumann BSF -R 5<\/strong><\/p>\n<p><strong>Trancheur rapide Wohlenberg Perfecta 132 TS ASE<\/strong> (\u00e9vacuation des copeaux par ouverture de la table devant le couteau )<br \/>\n<strong>Convoyeur \u00e0 copeaux<\/strong> sortant \u00e0 droite dans la tubulure d&rsquo;aspiration<\/p>\n<p><strong>D\u00e9pileur gauche avec deux compartiments d&rsquo;insertion automatique de palettes Baumann BA-3 F<\/strong><\/p>\n<p><em><strong>D\u00e9monstration sous<\/strong><\/em><br \/>\n<a href=\"https:\/\/youtu.be\/9hpPMEKaF3s\">https:\/\/youtu.be\/9hpPMEKaF3s<\/a><\/p>\n<p><a href=\"https:\/\/www.3p-gmbh.de\/wp-content\/uploads\/2021\/05\/Aufstellplan-Wohlenberg-132-TS-ASE.pdf\">Plan d&rsquo;installation Wohlenberg 132 TS ASE<\/a><\/p>\n","protected":false},"excerpt":{"rendered":"<p>Ligne de coupe haute performance Baumann Wohlenberg P 132 TS ASE LM de 2009 avec Vibrateurs Baumann BSB 5-L avec deux volets \u00e0 fonctionnement pneumatique, volet gauche avec ouverture pour pince de pr\u00e9hension format de feuille 900 x 1300mm hauteur des couches 160mm avec transport par pinces vers la table arri\u00e8re &#8211; Syst\u00e8me de transport [&hellip;]<\/p>\n","protected":false},"featured_media":60198,"template":"","meta":[],"product_brand":[],"product_cat":[3016],"product_tag":[],"class_list":{"0":"post-90018","1":"product","2":"type-product","3":"status-publish","4":"has-post-thumbnail","6":"product_cat-machines-de-decoupe","7":"pa_hersteller-baumann-wohlenberg","8":"pa_typ-perfecta-132-ts-ase-lm","10":"first","11":"instock","12":"taxable","13":"shipping-taxable","14":"product-type-simple"},"jetpack_sharing_enabled":true,"_links":{"self":[{"href":"https:\/\/www.3p-gmbh.de\/fr\/wp-json\/wp\/v2\/product\/90018","targetHints":{"allow":["GET"]}}],"collection":[{"href":"https:\/\/www.3p-gmbh.de\/fr\/wp-json\/wp\/v2\/product"}],"about":[{"href":"https:\/\/www.3p-gmbh.de\/fr\/wp-json\/wp\/v2\/types\/product"}],"wp:featuredmedia":[{"embeddable":true,"href":"https:\/\/www.3p-gmbh.de\/fr\/wp-json\/wp\/v2\/media\/60198"}],"wp:attachment":[{"href":"https:\/\/www.3p-gmbh.de\/fr\/wp-json\/wp\/v2\/media?parent=90018"}],"wp:term":[{"taxonomy":"product_brand","embeddable":true,"href":"https:\/\/www.3p-gmbh.de\/fr\/wp-json\/wp\/v2\/product_brand?post=90018"},{"taxonomy":"product_cat","embeddable":true,"href":"https:\/\/www.3p-gmbh.de\/fr\/wp-json\/wp\/v2\/product_cat?post=90018"},{"taxonomy":"product_tag","embeddable":true,"href":"https:\/\/www.3p-gmbh.de\/fr\/wp-json\/wp\/v2\/product_tag?post=90018"}],"curies":[{"name":"wp","href":"https:\/\/api.w.org\/{rel}","templated":true}]}}