{"id":90003,"date":"2021-06-14T21:05:06","date_gmt":"2021-06-14T21:05:06","guid":{"rendered":"https:\/\/www.3p-gmbh.de\/produkt\/soudeuse-dangle-semi-automatique-meurer-cmw-3\/"},"modified":"2021-06-14T21:05:06","modified_gmt":"2021-06-14T21:05:06","slug":"soudeuse-dangle-semi-automatique-meurer-cmw-3","status":"publish","type":"product","link":"https:\/\/www.3p-gmbh.de\/fr\/produkt\/soudeuse-dangle-semi-automatique-meurer-cmw-3\/","title":{"rendered":"Soudeuse d&rsquo;angle semi-automatique Meurer CMW 3"},"content":{"rendered":"<div><strong>Soudeuse d&rsquo;angle semi-automatique Meurer CMW 3<\/strong><\/div>\n<div><strong>de l&rsquo;ann\u00e9e 2002<\/strong><\/div>\n<div><\/div>\n<div>cadre d&rsquo;environ 60x80cm<\/div>\n<div>avec \u00e9vacuation automatique des marchandises emball\u00e9es<\/div>\n","protected":false},"excerpt":{"rendered":"<p>Soudeuse d&rsquo;angle semi-automatique Meurer CMW 3 de l&rsquo;ann\u00e9e 2002 cadre d&rsquo;environ 60x80cm avec \u00e9vacuation automatique des marchandises emball\u00e9es<\/p>\n","protected":false},"featured_media":60373,"template":"","meta":[],"product_brand":[],"product_cat":[3024],"product_tag":[],"class_list":{"0":"post-90003","1":"product","2":"type-product","3":"status-publish","4":"has-post-thumbnail","6":"product_cat-emballage-sous-film-et-tenseur","7":"pa_hersteller-meurer","8":"pa_typ-cmw-3","10":"first","11":"instock","12":"taxable","13":"shipping-taxable","14":"product-type-simple"},"jetpack_sharing_enabled":true,"_links":{"self":[{"href":"https:\/\/www.3p-gmbh.de\/fr\/wp-json\/wp\/v2\/product\/90003","targetHints":{"allow":["GET"]}}],"collection":[{"href":"https:\/\/www.3p-gmbh.de\/fr\/wp-json\/wp\/v2\/product"}],"about":[{"href":"https:\/\/www.3p-gmbh.de\/fr\/wp-json\/wp\/v2\/types\/product"}],"wp:featuredmedia":[{"embeddable":true,"href":"https:\/\/www.3p-gmbh.de\/fr\/wp-json\/wp\/v2\/media\/60373"}],"wp:attachment":[{"href":"https:\/\/www.3p-gmbh.de\/fr\/wp-json\/wp\/v2\/media?parent=90003"}],"wp:term":[{"taxonomy":"product_brand","embeddable":true,"href":"https:\/\/www.3p-gmbh.de\/fr\/wp-json\/wp\/v2\/product_brand?post=90003"},{"taxonomy":"product_cat","embeddable":true,"href":"https:\/\/www.3p-gmbh.de\/fr\/wp-json\/wp\/v2\/product_cat?post=90003"},{"taxonomy":"product_tag","embeddable":true,"href":"https:\/\/www.3p-gmbh.de\/fr\/wp-json\/wp\/v2\/product_tag?post=90003"}],"curies":[{"name":"wp","href":"https:\/\/api.w.org\/{rel}","templated":true}]}}