{"id":89994,"date":"2021-06-14T21:44:55","date_gmt":"2021-06-14T21:44:55","guid":{"rendered":"https:\/\/www.3p-gmbh.de\/produkt\/karl-krause-fnp-500-presse-a-genouillere-presse-a-livres-presse-a-cuir-presse-a-plier-a-basse-pression\/"},"modified":"2021-06-14T21:44:55","modified_gmt":"2021-06-14T21:44:55","slug":"karl-krause-fnp-500-presse-a-genouillere-presse-a-livres-presse-a-cuir-presse-a-plier-a-basse-pression","status":"publish","type":"product","link":"https:\/\/www.3p-gmbh.de\/fr\/produkt\/karl-krause-fnp-500-presse-a-genouillere-presse-a-livres-presse-a-cuir-presse-a-plier-a-basse-pression\/","title":{"rendered":"Karl Krause FNP 500 &#8211; Presse \u00e0 genouill\u00e8re &#8211; Presse \u00e0 livres &#8211; Presse \u00e0 cuir &#8211; Presse \u00e0 plier \u00e0 basse pression"},"content":{"rendered":"<p><strong>Karl Krause FNP 500 \/ presse \u00e0 genouill\u00e8re \/ presse \u00e0 livres \/ presse \u00e0 cuir \/ presse basse \u00e0 plier<\/strong><\/p>\n<p>Construction tr\u00e8s massive !<br \/>\nEnti\u00e8rement fonctionnel.<br \/>\nPressage \/ pressage rapide et \u00e9conomique de livres<br \/>\nSuper pour presser les couches de cuir<br \/>\nId\u00e9al pour les petits tirages.<\/p>\n<p>Surface de pressage 50 x 25 cm<br \/>\nhauteur de la presse ferm\u00e9e env. 9,5 cm<\/p>\n","protected":false},"excerpt":{"rendered":"<p>Karl Krause FNP 500 \/ presse \u00e0 genouill\u00e8re \/ presse \u00e0 livres \/ presse \u00e0 cuir \/ presse basse \u00e0 plier Construction tr\u00e8s massive ! Enti\u00e8rement fonctionnel. Pressage \/ pressage rapide et \u00e9conomique de livres Super pour presser les couches de cuir Id\u00e9al pour les petits tirages. Surface de pressage 50 x 25 cm hauteur [&hellip;]<\/p>\n","protected":false},"featured_media":60389,"template":"","meta":[],"product_brand":[],"product_cat":[2918,2890],"product_tag":[],"class_list":{"0":"post-89994","1":"product","2":"type-product","3":"status-publish","4":"has-post-thumbnail","6":"product_cat-presses-fr","7":"product_cat-reliure-dassortiment","8":"pa_hersteller-karl-krause","9":"pa_typ-fnp-500","11":"first","12":"instock","13":"taxable","14":"shipping-taxable","15":"product-type-simple"},"jetpack_sharing_enabled":true,"_links":{"self":[{"href":"https:\/\/www.3p-gmbh.de\/fr\/wp-json\/wp\/v2\/product\/89994","targetHints":{"allow":["GET"]}}],"collection":[{"href":"https:\/\/www.3p-gmbh.de\/fr\/wp-json\/wp\/v2\/product"}],"about":[{"href":"https:\/\/www.3p-gmbh.de\/fr\/wp-json\/wp\/v2\/types\/product"}],"wp:featuredmedia":[{"embeddable":true,"href":"https:\/\/www.3p-gmbh.de\/fr\/wp-json\/wp\/v2\/media\/60389"}],"wp:attachment":[{"href":"https:\/\/www.3p-gmbh.de\/fr\/wp-json\/wp\/v2\/media?parent=89994"}],"wp:term":[{"taxonomy":"product_brand","embeddable":true,"href":"https:\/\/www.3p-gmbh.de\/fr\/wp-json\/wp\/v2\/product_brand?post=89994"},{"taxonomy":"product_cat","embeddable":true,"href":"https:\/\/www.3p-gmbh.de\/fr\/wp-json\/wp\/v2\/product_cat?post=89994"},{"taxonomy":"product_tag","embeddable":true,"href":"https:\/\/www.3p-gmbh.de\/fr\/wp-json\/wp\/v2\/product_tag?post=89994"}],"curies":[{"name":"wp","href":"https:\/\/api.w.org\/{rel}","templated":true}]}}