{"id":89989,"date":"2021-06-14T21:59:22","date_gmt":"2021-06-14T21:59:22","guid":{"rendered":"https:\/\/www.3p-gmbh.de\/produkt\/presse-basse-pression-a-plier-electrique-fnp-sperr-lechner-splek-slf-ii-a-200-s\/"},"modified":"2021-06-14T21:59:22","modified_gmt":"2021-06-14T21:59:22","slug":"fnp-presse-electrique-a-plier-basse-pression-sperr-lechner-splek-slf-ii-a-200-s","status":"publish","type":"product","link":"https:\/\/www.3p-gmbh.de\/fr\/produkt\/fnp-presse-electrique-a-plier-basse-pression-sperr-lechner-splek-slf-ii-a-200-s\/","title":{"rendered":"Presse basse pression \u00e0 plier \u00e9lectrique FNP Sperr &amp; Lechner Splek SLF II A 200 S"},"content":{"rendered":"<p><strong>FNP presse \u00e9lectrique \u00e0 basse pression de pliage SLF II A 200<\/strong><br \/>\n<strong>de l&rsquo;ann\u00e9e de construction 1981<\/strong><\/p>\n<p><strong><em>Description :<\/em><\/strong><br \/>\nLa presse basse pression \u00e0 plier sert \u00e0 presser le pli au dos du livre et poss\u00e8de deux stations de pressage qui sont \u00e9quip\u00e9es en alternance.<\/p>\n<p>Le processus de pressage est d\u00e9clench\u00e9 par le produit \u00e0 presser via un contact \u00e9lectrique.<br \/>\nChaque barre de pression est dot\u00e9e d&rsquo;une barre de pr\u00e9-pression \u00e0 ressort qui emp\u00eache les feuilles de sauter hors du bloc de livre et garantit un bon pressage du pli.<\/p>\n<p>Actionnement par bouton-poussoir en cas de cycle unique ou de pressage automatique par cycle de temps, minuterie r\u00e9glable de 0 \u00e0 12 min.<\/p>\n<p><strong><em>Donn\u00e9es techniques :<\/em><\/strong><br \/>\nTaille de la barre de compression : 380 x 40mm<br \/>\n\u00c9paisseur de l&rsquo;insert : 90mm<br \/>\nCourse : 80mm<br \/>\nPression de pressage r\u00e9glable jusqu&rsquo;\u00e0 max. 3200kg<br \/>\nEncombrement : L 1100 x l 500 x H 1000 mm<\/p>\n","protected":false},"excerpt":{"rendered":"<p>FNP presse \u00e9lectrique \u00e0 basse pression de pliage SLF II A 200 de l&rsquo;ann\u00e9e de construction 1981 Description : La presse basse pression \u00e0 plier sert \u00e0 presser le pli au dos du livre et poss\u00e8de deux stations de pressage qui sont \u00e9quip\u00e9es en alternance. Le processus de pressage est d\u00e9clench\u00e9 par le produit \u00e0 [&hellip;]<\/p>\n","protected":false},"featured_media":60390,"template":"","meta":[],"product_brand":[],"product_cat":[2918],"product_tag":[],"class_list":{"0":"post-89989","1":"product","2":"type-product","3":"status-publish","4":"has-post-thumbnail","6":"product_cat-presses-fr","7":"pa_hersteller-sperr-lechner","8":"pa_typ-splek-slf-ii-a-200-s","10":"first","11":"instock","12":"taxable","13":"shipping-taxable","14":"product-type-simple"},"jetpack_sharing_enabled":true,"_links":{"self":[{"href":"https:\/\/www.3p-gmbh.de\/fr\/wp-json\/wp\/v2\/product\/89989","targetHints":{"allow":["GET"]}}],"collection":[{"href":"https:\/\/www.3p-gmbh.de\/fr\/wp-json\/wp\/v2\/product"}],"about":[{"href":"https:\/\/www.3p-gmbh.de\/fr\/wp-json\/wp\/v2\/types\/product"}],"wp:featuredmedia":[{"embeddable":true,"href":"https:\/\/www.3p-gmbh.de\/fr\/wp-json\/wp\/v2\/media\/60390"}],"wp:attachment":[{"href":"https:\/\/www.3p-gmbh.de\/fr\/wp-json\/wp\/v2\/media?parent=89989"}],"wp:term":[{"taxonomy":"product_brand","embeddable":true,"href":"https:\/\/www.3p-gmbh.de\/fr\/wp-json\/wp\/v2\/product_brand?post=89989"},{"taxonomy":"product_cat","embeddable":true,"href":"https:\/\/www.3p-gmbh.de\/fr\/wp-json\/wp\/v2\/product_cat?post=89989"},{"taxonomy":"product_tag","embeddable":true,"href":"https:\/\/www.3p-gmbh.de\/fr\/wp-json\/wp\/v2\/product_tag?post=89989"}],"curies":[{"name":"wp","href":"https:\/\/api.w.org\/{rel}","templated":true}]}}