{"id":89988,"date":"2021-06-14T21:11:43","date_gmt":"2021-06-14T21:11:43","guid":{"rendered":"https:\/\/www.3p-gmbh.de\/produkt\/emballage-sous-film-comme-neuf-avec-machine-a-epaulement-de-formage-beck-multiplex-pico-mp-avec-tunnel-de-retraction-hv-601\/"},"modified":"2021-06-14T21:11:43","modified_gmt":"2021-06-14T21:11:43","slug":"emballage-film-neuf-avec-machine-a-epaule-beck-multiplex-pico-mp-avec-tunnel-de-retraction-hv-601","status":"publish","type":"product","link":"https:\/\/www.3p-gmbh.de\/fr\/produkt\/emballage-film-neuf-avec-machine-a-epaule-beck-multiplex-pico-mp-avec-tunnel-de-retraction-hv-601\/","title":{"rendered":"emballage sous film comme neuf avec machine \u00e0 \u00e9paulement de formage Beck Multiplex Pico MP avec tunnel de r\u00e9traction HV 601"},"content":{"rendered":"<p><strong>emballage sous film comme neuf avec machine \u00e0 \u00e9paulement de formage Beck Multiplex Pico MP avec tunnel de r\u00e9traction HV 601  <\/strong><br \/>\n<strong>de l&rsquo;ann\u00e9e 2008<\/strong><\/p>\n<div>\n<p><em>1 (un) tapis d&rsquo;entr\u00e9e avec un corps de tapis divis\u00e9 de 40 mm de large et 340 mm de long<\/em><\/p>\n<p><em>1 (une) machine \u00e0 \u00e9pauler de forme beck-Multiplex MP pico<\/em><br \/>\nMod\u00e8le d&rsquo;entr\u00e9e de gamme pour les applications standard, flexible et facile d&rsquo;utilisation.<br \/>\nSyst\u00e8mes de soudage n\u00e9cessitant peu d&rsquo;entretien pour tous les types de films, soudage sur 3 c\u00f4t\u00e9s et entra\u00eenements \u00e0 faible consommation d&rsquo;\u00e9nergie de la derni\u00e8re g\u00e9n\u00e9ration.<\/p>\n<p>Le principe de l&rsquo;\u00e9paulement de forme permet d&rsquo;obtenir une flexibilit\u00e9 exemplaire pour diff\u00e9rents formats et mat\u00e9riaux.<br \/>\nUn rouleau de film semi-tubulaire est pass\u00e9 sur un \u00e9paulement de formage et ensuite soud\u00e9 sur 3 c\u00f4t\u00e9s ou par chevauchement.<\/p>\n<p>utilisation flexible et simple<br \/>\ncapot d&rsquo;habillage en une seule pi\u00e8ce pour une accessibilit\u00e9 optimale<br \/>\npanneau de commande mobile avec m\u00e9moire des donn\u00e9es de l&#8217;emballage<br \/>\nsyst\u00e8mes de soudage chauff\u00e9s en permanence et n\u00e9cessitant peu d&rsquo;entretien<\/p>\n<p><em>1 (un) tunnel de r\u00e9traction beck HV 601 Standard<br \/>\n<\/em>Grande puissance , faible consommation. Un v\u00e9ritable concentr\u00e9 d&rsquo;\u00e9nergie en mati\u00e8re de durabilit\u00e9.<br \/>\nAvec son bilan \u00e9nerg\u00e9tique optimis\u00e9, son syst\u00e8me de guidage de l&rsquo;air et de r\u00e9traction, le tunnel de r\u00e9traction Beck permet d&rsquo;obtenir des r\u00e9tractions brillantes sur les films les plus divers.<\/p>\n<\/div>\n","protected":false},"excerpt":{"rendered":"<p>emballage sous film comme neuf avec machine \u00e0 \u00e9paulement de formage Beck Multiplex Pico MP avec tunnel de r\u00e9traction HV 601 de l&rsquo;ann\u00e9e 2008 1 (un) tapis d&rsquo;entr\u00e9e avec un corps de tapis divis\u00e9 de 40 mm de large et 340 mm de long 1 (une) machine \u00e0 \u00e9pauler de forme beck-Multiplex MP pico Mod\u00e8le [&hellip;]<\/p>\n","protected":false},"featured_media":60377,"template":"","meta":[],"product_brand":[],"product_cat":[3024],"product_tag":[],"class_list":{"0":"post-89988","1":"product","2":"type-product","3":"status-publish","4":"has-post-thumbnail","6":"product_cat-emballage-sous-film-et-tenseur","7":"pa_hersteller-beck","8":"pa_typ-multiplex-pico-mp","10":"first","11":"instock","12":"taxable","13":"shipping-taxable","14":"product-type-simple"},"jetpack_sharing_enabled":true,"_links":{"self":[{"href":"https:\/\/www.3p-gmbh.de\/fr\/wp-json\/wp\/v2\/product\/89988","targetHints":{"allow":["GET"]}}],"collection":[{"href":"https:\/\/www.3p-gmbh.de\/fr\/wp-json\/wp\/v2\/product"}],"about":[{"href":"https:\/\/www.3p-gmbh.de\/fr\/wp-json\/wp\/v2\/types\/product"}],"wp:featuredmedia":[{"embeddable":true,"href":"https:\/\/www.3p-gmbh.de\/fr\/wp-json\/wp\/v2\/media\/60377"}],"wp:attachment":[{"href":"https:\/\/www.3p-gmbh.de\/fr\/wp-json\/wp\/v2\/media?parent=89988"}],"wp:term":[{"taxonomy":"product_brand","embeddable":true,"href":"https:\/\/www.3p-gmbh.de\/fr\/wp-json\/wp\/v2\/product_brand?post=89988"},{"taxonomy":"product_cat","embeddable":true,"href":"https:\/\/www.3p-gmbh.de\/fr\/wp-json\/wp\/v2\/product_cat?post=89988"},{"taxonomy":"product_tag","embeddable":true,"href":"https:\/\/www.3p-gmbh.de\/fr\/wp-json\/wp\/v2\/product_tag?post=89988"}],"curies":[{"name":"wp","href":"https:\/\/api.w.org\/{rel}","templated":true}]}}