{"id":89981,"date":"2021-06-16T09:08:15","date_gmt":"2021-06-16T09:08:15","guid":{"rendered":"https:\/\/www.3p-gmbh.de\/produkt\/cercleuse-compacte-ats-tanner-transit-ats-us-2000-adu\/"},"modified":"2021-06-16T09:08:15","modified_gmt":"2021-06-16T09:08:15","slug":"cercleuse-compacte-ats-tanner-transit-ats-us-2000-adu","status":"publish","type":"product","link":"https:\/\/www.3p-gmbh.de\/fr\/produkt\/cercleuse-compacte-ats-tanner-transit-ats-us-2000-adu\/","title":{"rendered":"Cercleuse compacte ATS Tanner Transit ATS US-2000 ADU"},"content":{"rendered":"<p><strong>Cercleuse compacte ATS Tanner Transit ATS US-2000 ADU<\/strong><br \/>\npour l&rsquo;int\u00e9gration dans les cha\u00eenes de conditionnement<\/p>\n<p>de l&rsquo;ann\u00e9e 2015<\/p>\n<p>Dimensions du cadre 260&#215;180<br \/>\nBande de 40 mm<\/p>\n","protected":false},"excerpt":{"rendered":"<p>Cercleuse compacte ATS Tanner Transit ATS US-2000 ADU pour l&rsquo;int\u00e9gration dans les cha\u00eenes de conditionnement de l&rsquo;ann\u00e9e 2015 Dimensions du cadre 260&#215;180 Bande de 40 mm<\/p>\n","protected":false},"featured_media":60396,"template":"","meta":[],"product_brand":[],"product_cat":[3002],"product_tag":[],"class_list":{"0":"post-89981","1":"product","2":"type-product","3":"status-publish","4":"has-post-thumbnail","6":"product_cat-machines-de-cerclage","7":"pa_hersteller-ats-tanner","8":"pa_typ-ats-us-2000-adu","10":"first","11":"instock","12":"taxable","13":"shipping-taxable","14":"product-type-simple"},"jetpack_sharing_enabled":true,"_links":{"self":[{"href":"https:\/\/www.3p-gmbh.de\/fr\/wp-json\/wp\/v2\/product\/89981","targetHints":{"allow":["GET"]}}],"collection":[{"href":"https:\/\/www.3p-gmbh.de\/fr\/wp-json\/wp\/v2\/product"}],"about":[{"href":"https:\/\/www.3p-gmbh.de\/fr\/wp-json\/wp\/v2\/types\/product"}],"wp:featuredmedia":[{"embeddable":true,"href":"https:\/\/www.3p-gmbh.de\/fr\/wp-json\/wp\/v2\/media\/60396"}],"wp:attachment":[{"href":"https:\/\/www.3p-gmbh.de\/fr\/wp-json\/wp\/v2\/media?parent=89981"}],"wp:term":[{"taxonomy":"product_brand","embeddable":true,"href":"https:\/\/www.3p-gmbh.de\/fr\/wp-json\/wp\/v2\/product_brand?post=89981"},{"taxonomy":"product_cat","embeddable":true,"href":"https:\/\/www.3p-gmbh.de\/fr\/wp-json\/wp\/v2\/product_cat?post=89981"},{"taxonomy":"product_tag","embeddable":true,"href":"https:\/\/www.3p-gmbh.de\/fr\/wp-json\/wp\/v2\/product_tag?post=89981"}],"curies":[{"name":"wp","href":"https:\/\/api.w.org\/{rel}","templated":true}]}}