{"id":89953,"date":"2021-07-09T21:52:35","date_gmt":"2021-07-09T21:52:35","guid":{"rendered":"https:\/\/www.3p-gmbh.de\/produkt\/hang-101-60-picostar-oesseur-electrique-double-avec-pedale-de-commande\/"},"modified":"2021-07-09T21:52:35","modified_gmt":"2021-07-09T21:52:35","slug":"hang-101-60-picostar-appareil-electrique-double-avec-interrupteur-a-pied","status":"publish","type":"product","link":"https:\/\/www.3p-gmbh.de\/fr\/produkt\/hang-101-60-picostar-appareil-electrique-double-avec-interrupteur-a-pied\/","title":{"rendered":"Hang 101-60 PicoStar oesseur \u00e9lectrique double avec p\u00e9dale de commande"},"content":{"rendered":"<p><strong>  Hang 101-60 PicoStar oesseur \u00e9lectrique double avec p\u00e9dale de commande<\/strong><\/p>\n<p>pour la mise en place de 2 \u0153illets \u00e0 distance fixe de 28mm, avec d\u00e9clenchement par p\u00e9dale.<br \/>\nPermet de perforer et d&rsquo;estomper en une seule op\u00e9ration.<br \/>\nId\u00e9al pour le regroupement de documents infalsifiables.<\/p>\n<p>* type d&rsquo;\u0153illet 8E, 8E 4long et 8E 5long<br \/>\n* diam\u00e8tre int\u00e9rieur 5,50mm<br \/>\n* profondeur d&rsquo;insertion 60mm<br \/>\n* \u00e9paisseur de papier 2 \u00e0 15 feuilles (8E), 2 \u00e0 20 feuilles (8E 4long), 5 \u00e0 25 feuilles (8E 5long)<br \/>\n* alimentation automatique des \u0153illets par le magasin<br \/>\n* Poids 49kg<\/p>\n<p>tr\u00e8s bon \u00e9tat<\/p>\n","protected":false},"excerpt":{"rendered":"<p>Hang 101-60 PicoStar oesseur \u00e9lectrique double avec p\u00e9dale de commande pour la mise en place de 2 \u0153illets \u00e0 distance fixe de 28mm, avec d\u00e9clenchement par p\u00e9dale. Permet de perforer et d&rsquo;estomper en une seule op\u00e9ration. Id\u00e9al pour le regroupement de documents infalsifiables. * type d&rsquo;\u0153illet 8E, 8E 4long et 8E 5long * diam\u00e8tre int\u00e9rieur [&hellip;]<\/p>\n","protected":false},"featured_media":60517,"template":"","meta":[],"product_brand":[],"product_cat":[3052],"product_tag":[],"class_list":{"0":"post-89953","1":"product","2":"type-product","3":"status-publish","4":"has-post-thumbnail","6":"product_cat-machines-a-huile","7":"pa_hersteller-hang","8":"pa_typ-picostar-101-60","10":"first","11":"instock","12":"taxable","13":"shipping-taxable","14":"product-type-simple"},"jetpack_sharing_enabled":true,"_links":{"self":[{"href":"https:\/\/www.3p-gmbh.de\/fr\/wp-json\/wp\/v2\/product\/89953","targetHints":{"allow":["GET"]}}],"collection":[{"href":"https:\/\/www.3p-gmbh.de\/fr\/wp-json\/wp\/v2\/product"}],"about":[{"href":"https:\/\/www.3p-gmbh.de\/fr\/wp-json\/wp\/v2\/types\/product"}],"wp:featuredmedia":[{"embeddable":true,"href":"https:\/\/www.3p-gmbh.de\/fr\/wp-json\/wp\/v2\/media\/60517"}],"wp:attachment":[{"href":"https:\/\/www.3p-gmbh.de\/fr\/wp-json\/wp\/v2\/media?parent=89953"}],"wp:term":[{"taxonomy":"product_brand","embeddable":true,"href":"https:\/\/www.3p-gmbh.de\/fr\/wp-json\/wp\/v2\/product_brand?post=89953"},{"taxonomy":"product_cat","embeddable":true,"href":"https:\/\/www.3p-gmbh.de\/fr\/wp-json\/wp\/v2\/product_cat?post=89953"},{"taxonomy":"product_tag","embeddable":true,"href":"https:\/\/www.3p-gmbh.de\/fr\/wp-json\/wp\/v2\/product_tag?post=89953"}],"curies":[{"name":"wp","href":"https:\/\/api.w.org\/{rel}","templated":true}]}}