{"id":89948,"date":"2021-07-09T22:35:51","date_gmt":"2021-07-09T22:35:51","guid":{"rendered":"https:\/\/www.3p-gmbh.de\/produkt\/pieces-de-rechange-pour-les-machines-a-coudre-a-fil-brehmer\/"},"modified":"2021-07-09T22:35:51","modified_gmt":"2021-07-09T22:35:51","slug":"pieces-de-rechange-pour-couseuses-de-fil-brehmer","status":"publish","type":"product","link":"https:\/\/www.3p-gmbh.de\/fr\/produkt\/pieces-de-rechange-pour-couseuses-de-fil-brehmer\/","title":{"rendered":"Pi\u00e8ces de rechange pour les machines \u00e0 coudre \u00e0 fil Brehmer"},"content":{"rendered":"<p><strong>Pi\u00e8ces de rechange pour les machines \u00e0 coudre \u00e0 fil Brehmer<\/strong><\/p>\n","protected":false},"excerpt":{"rendered":"<p>Pi\u00e8ces de rechange pour les machines \u00e0 coudre \u00e0 fil Brehmer<\/p>\n","protected":false},"featured_media":60458,"template":"","meta":[],"product_brand":[],"product_cat":[3089],"product_tag":[],"class_list":{"0":"post-89948","1":"product","2":"type-product","3":"status-publish","4":"has-post-thumbnail","6":"product_cat-couseuses-a-fil","8":"first","9":"instock","10":"taxable","11":"shipping-taxable","12":"product-type-simple"},"jetpack_sharing_enabled":true,"_links":{"self":[{"href":"https:\/\/www.3p-gmbh.de\/fr\/wp-json\/wp\/v2\/product\/89948","targetHints":{"allow":["GET"]}}],"collection":[{"href":"https:\/\/www.3p-gmbh.de\/fr\/wp-json\/wp\/v2\/product"}],"about":[{"href":"https:\/\/www.3p-gmbh.de\/fr\/wp-json\/wp\/v2\/types\/product"}],"wp:featuredmedia":[{"embeddable":true,"href":"https:\/\/www.3p-gmbh.de\/fr\/wp-json\/wp\/v2\/media\/60458"}],"wp:attachment":[{"href":"https:\/\/www.3p-gmbh.de\/fr\/wp-json\/wp\/v2\/media?parent=89948"}],"wp:term":[{"taxonomy":"product_brand","embeddable":true,"href":"https:\/\/www.3p-gmbh.de\/fr\/wp-json\/wp\/v2\/product_brand?post=89948"},{"taxonomy":"product_cat","embeddable":true,"href":"https:\/\/www.3p-gmbh.de\/fr\/wp-json\/wp\/v2\/product_cat?post=89948"},{"taxonomy":"product_tag","embeddable":true,"href":"https:\/\/www.3p-gmbh.de\/fr\/wp-json\/wp\/v2\/product_tag?post=89948"}],"curies":[{"name":"wp","href":"https:\/\/api.w.org\/{rel}","templated":true}]}}