{"id":89930,"date":"2021-08-14T08:03:22","date_gmt":"2021-08-14T08:03:22","guid":{"rendered":"https:\/\/www.3p-gmbh.de\/produkt\/collecteur-emballeur-beck-kv-600-pneumatique-avec-tapis-dentree-de-200cm\/"},"modified":"2021-08-14T08:03:22","modified_gmt":"2021-08-14T08:03:22","slug":"beck-sammelpacker-kv-600-pneumatique-avec-bande-dentree-200cm","status":"publish","type":"product","link":"https:\/\/www.3p-gmbh.de\/fr\/produkt\/beck-sammelpacker-kv-600-pneumatique-avec-bande-dentree-200cm\/","title":{"rendered":"Collecteur-emballeur beck KV 600 pneumatique avec tapis d&rsquo;entr\u00e9e de 200cm"},"content":{"rendered":"<p><strong>fardeleuse enti\u00e8rement automatique de beck Packautomaten &#8211; beck Sammelpacker KV 600 Pneumatik avec tapis d&rsquo;entr\u00e9e de 200cm<\/strong><br \/>\n<strong>de l&rsquo;ann\u00e9e 2009<\/strong><\/p>\n<p>Banderoleuse \u00e0 r\u00e9traction avec alimentation en bande et syst\u00e8mes de soudage pour les applications de s\u00e9paration et de soudure large<br \/>\nLes banderoleuses beck &#8211; de v\u00e9ritables machines \u00e0 tout faire pour les unit\u00e9s individuelles ou multiples&#8230;<br \/>\nIls offrent des emballages fiables pour des unit\u00e9s individuelles ou multiples de toutes formes.<br \/>\nAvec 2 rouleaux de film plat et 2 mouvements de soudage transversaux, on obtient un emballage \u00e0 banderole ouvert sur les c\u00f4t\u00e9s ext\u00e9rieurs.<br \/>\nLes banderoleuses beck peuvent \u00eatre utilis\u00e9es de mani\u00e8re autonome ou int\u00e9gr\u00e9e dans une ligne de production, en ligne ou avec une station d&rsquo;assemblage et de regroupement.<br \/>\nQue ce soit pour une alimentation manuelle ou automatique, les banderoleuses beck sont disponibles en diff\u00e9rentes largeurs de travail et pour diff\u00e9rentes exigences de performance.<br \/>\nAvec de nombreuses possibilit\u00e9s d&rsquo;utilisation pour les bocaux, les bo\u00eetes, les conserves, les piles de produits et les emballages de produits avec ou sans plateau<\/p>\n<p><strong>Donn\u00e9es techniques :<\/strong><br \/>\nType d&#8217;emballage : banderole en film<br \/>\nCapacit\u00e9 d&#8217;emballage : jusqu&rsquo;\u00e0 15 cycles\/minute<br \/>\nPlage de formats : Largeur de passage : 600 mm<br \/>\nhauteur de passage, r\u00e9glable : 100 &#8211; 400 mm<\/p>\n","protected":false},"excerpt":{"rendered":"<p>fardeleuse enti\u00e8rement automatique de beck Packautomaten &#8211; beck Sammelpacker KV 600 Pneumatik avec tapis d&rsquo;entr\u00e9e de 200cm de l&rsquo;ann\u00e9e 2009 Banderoleuse \u00e0 r\u00e9traction avec alimentation en bande et syst\u00e8mes de soudage pour les applications de s\u00e9paration et de soudure large Les banderoleuses beck &#8211; de v\u00e9ritables machines \u00e0 tout faire pour les unit\u00e9s individuelles ou [&hellip;]<\/p>\n","protected":false},"featured_media":60473,"template":"","meta":[],"product_brand":[],"product_cat":[3024],"product_tag":[],"class_list":{"0":"post-89930","1":"product","2":"type-product","3":"status-publish","4":"has-post-thumbnail","6":"product_cat-emballage-sous-film-et-tenseur","7":"pa_hersteller-beck","8":"pa_typ-kv-600","10":"first","11":"instock","12":"taxable","13":"shipping-taxable","14":"product-type-simple"},"jetpack_sharing_enabled":true,"_links":{"self":[{"href":"https:\/\/www.3p-gmbh.de\/fr\/wp-json\/wp\/v2\/product\/89930","targetHints":{"allow":["GET"]}}],"collection":[{"href":"https:\/\/www.3p-gmbh.de\/fr\/wp-json\/wp\/v2\/product"}],"about":[{"href":"https:\/\/www.3p-gmbh.de\/fr\/wp-json\/wp\/v2\/types\/product"}],"wp:featuredmedia":[{"embeddable":true,"href":"https:\/\/www.3p-gmbh.de\/fr\/wp-json\/wp\/v2\/media\/60473"}],"wp:attachment":[{"href":"https:\/\/www.3p-gmbh.de\/fr\/wp-json\/wp\/v2\/media?parent=89930"}],"wp:term":[{"taxonomy":"product_brand","embeddable":true,"href":"https:\/\/www.3p-gmbh.de\/fr\/wp-json\/wp\/v2\/product_brand?post=89930"},{"taxonomy":"product_cat","embeddable":true,"href":"https:\/\/www.3p-gmbh.de\/fr\/wp-json\/wp\/v2\/product_cat?post=89930"},{"taxonomy":"product_tag","embeddable":true,"href":"https:\/\/www.3p-gmbh.de\/fr\/wp-json\/wp\/v2\/product_tag?post=89930"}],"curies":[{"name":"wp","href":"https:\/\/api.w.org\/{rel}","templated":true}]}}