{"id":89926,"date":"2021-08-14T08:06:41","date_gmt":"2021-08-14T08:06:41","guid":{"rendered":"https:\/\/www.3p-gmbh.de\/produkt\/papier-de-banderolage-pour-akebono-com-banderoleuse-de-table-busch\/"},"modified":"2021-08-14T08:06:41","modified_gmt":"2021-08-14T08:06:41","slug":"papier-banderole-pour-akebono-com-busch-banderoleuse-de-table","status":"publish","type":"product","link":"https:\/\/www.3p-gmbh.de\/fr\/produkt\/papier-banderole-pour-akebono-com-busch-banderoleuse-de-table\/","title":{"rendered":"Papier de banderolage pour Akebono, COM, banderoleuse de table Busch"},"content":{"rendered":"<p><strong>Papier de banderolage pour Akebono, COM, banderoleuse de table Busch<\/strong><\/p>\n<p>par paquet de 16 rouleaux<\/p>\n<p>Papier de banderolage brun de 1mm avec 7o microns de PE \u00e0 l&rsquo;int\u00e9rieur<\/p>\n<ul>\n<li>Largeur du rouleau : 30 mm<\/li>\n<li>Longueur du rouleau : 150 m\u00e8tres<\/li>\n<li>Noyau de rouleau 50mm int\u00e9rieur<\/li>\n<\/ul>\n<p>&nbsp;<\/p>\n","protected":false},"excerpt":{"rendered":"<p>Papier de banderolage pour Akebono, COM, banderoleuse de table Busch par paquet de 16 rouleaux Papier de banderolage brun de 1mm avec 7o microns de PE \u00e0 l&rsquo;int\u00e9rieur Largeur du rouleau : 30 mm Longueur du rouleau : 150 m\u00e8tres Noyau de rouleau 50mm int\u00e9rieur &nbsp;<\/p>\n","protected":false},"featured_media":60476,"template":"","meta":[],"product_brand":[],"product_cat":[2855],"product_tag":[],"class_list":{"0":"post-89926","1":"product","2":"type-product","3":"status-publish","4":"has-post-thumbnail","6":"product_cat-banderoleuses","8":"first","9":"instock","10":"taxable","11":"shipping-taxable","12":"product-type-simple"},"jetpack_sharing_enabled":true,"_links":{"self":[{"href":"https:\/\/www.3p-gmbh.de\/fr\/wp-json\/wp\/v2\/product\/89926","targetHints":{"allow":["GET"]}}],"collection":[{"href":"https:\/\/www.3p-gmbh.de\/fr\/wp-json\/wp\/v2\/product"}],"about":[{"href":"https:\/\/www.3p-gmbh.de\/fr\/wp-json\/wp\/v2\/types\/product"}],"wp:featuredmedia":[{"embeddable":true,"href":"https:\/\/www.3p-gmbh.de\/fr\/wp-json\/wp\/v2\/media\/60476"}],"wp:attachment":[{"href":"https:\/\/www.3p-gmbh.de\/fr\/wp-json\/wp\/v2\/media?parent=89926"}],"wp:term":[{"taxonomy":"product_brand","embeddable":true,"href":"https:\/\/www.3p-gmbh.de\/fr\/wp-json\/wp\/v2\/product_brand?post=89926"},{"taxonomy":"product_cat","embeddable":true,"href":"https:\/\/www.3p-gmbh.de\/fr\/wp-json\/wp\/v2\/product_cat?post=89926"},{"taxonomy":"product_tag","embeddable":true,"href":"https:\/\/www.3p-gmbh.de\/fr\/wp-json\/wp\/v2\/product_tag?post=89926"}],"curies":[{"name":"wp","href":"https:\/\/api.w.org\/{rel}","templated":true}]}}